{"id":969,"date":"2020-09-15T11:48:54","date_gmt":"2020-09-15T09:48:54","guid":{"rendered":"https:\/\/railware.de\/neu\/?page_id=969"},"modified":"2021-12-14T14:16:01","modified_gmt":"2021-12-14T13:16:01","slug":"railextender","status":"publish","type":"page","link":"https:\/\/railware.de\/en\/zuege-fahren\/im-netzwerk\/railextender\/","title":{"rendered":"RAILextender"},"content":{"rendered":"\n<h2>Der RAILextender<\/h2>\n\n\n\n<p>\u00fcberwindet alle technischen Grenzen digitaler Modellbahnsteuerungen und erm\u00f6glicht die Verbindung vieler Digitalzentralen zu einer gro\u00dfen Modellbahn. Jeder Zug kann \u00fcberall hinfahren!<\/p>\n\n\n\n<p>Die Leistungsf\u00e4higkeit einer Digitalzentrale ergibt sich aus dem kleinsten Wert der echten Transportleistung, der Gleis\u00fcbertragung und der Kommunikation zum PC. Irgendwann &#8211; das kann zwischen 10 und 70 fahrenden Z\u00fcgen sein &#8211; ist sie erreicht. Dann muss man eine weitere Digitalzentrale mit einem isolierten Inselbetrieb verwenden.<\/p>\n\n\n\n<p>Der RAILextender \u00fcberwindet zusammen mit Railware diese Grenzen und erm\u00f6glicht riesige Gleisanlagen mit unbegrenztem Zugbetrieb.<\/p>\n\n\n\n<h2>Systemerweiterung durch \u00dcbergabegleise<\/h2>\n\n\n\n<p>Ein RAILextender besteht aus den Bausteinen \u201eController\u201c, \u201ePower\u201c, \u201eSensor&#8221; und \u201eDisplay\u201c und kann eine zweigleisige Hauptstrecke steuern. Die \u00dcbergabegleise werden selbstt\u00e4tig zwischen den Digitalzentralen umgeschaltet. Railware synchronisiert diese Zentralen zeitgleich mit allen n\u00f6tigen Informationen. Die Steuerung erfolgt durch Railware, kann aber durch das Display auch vor Ort&nbsp;erfolgen.<\/p>\n\n\n\n<div class=\"wp-block-image\"><figure class=\"aligncenter size-full\"><img src=\"https:\/\/railware.de\/wp-content\/uploads\/RAILextender.svg\" alt=\"\" class=\"wp-image-2495\"\/><\/figure><\/div>\n\n\n\n<h3>Technische Daten:<\/h3>\n\n\n\n<ul><li>F\u00fcr 2- und 3-Leiteranlagen aller Spurweiten geeignet<\/li><li>Ein RAILextender bedient bis zu 2 Gleise<\/li><li>Gleisbesetztmeldung mit zuverl\u00e4ssiger Infrarottechnik<\/li><li>Fremdlichterkennung der Sensoren<\/li><li>Spannungs\u00fcberwachung der Booster<\/li><li>Steuerung selbstt\u00e4tig oder lokal vor Ort<\/li><li>Railware synchronisiert die Digitalzentralen mit den beteiligten Z\u00fcgen<\/li><li>\u00dcbergabe w\u00e4hrend der Fahrt oder im Stillstand<\/li><li>Displayanzeige mit Zugnamen, Richtung und Fahrstufe<\/li><li>Kommunikation zu PCs erfolgt per Netzwerk<\/li><li>Arbeitet auch ohne Display<\/li><li>Erfordert Railware 7 Professional<\/li><\/ul>\n\n\n\n<p>Dieser Baustein wird nur auf Anforderung gefertigt und geliefert. Die Lieferzeit betr\u00e4gt etwa 4 Wochen.<\/p>\n","protected":false},"excerpt":{"rendered":"<p>Der RAILextender \u00fcberwindet alle technischen Grenzen digitaler Modellbahnsteuerungen und erm\u00f6glicht die Verbindung vieler Digitalzentralen zu einer gro\u00dfen Modellbahn. Jeder Zug kann \u00fcberall hinfahren! Die Leistungsf\u00e4higkeit einer Digitalzentrale ergibt sich aus dem kleinsten Wert der echten Transportleistung, der Gleis\u00fcbertragung und der Kommunikation zum PC. Irgendwann &#8211; das kann zwischen 10 und 70 fahrenden Z\u00fcgen sein &#8211; [&hellip;]<\/p>\n","protected":false},"author":3,"featured_media":0,"parent":480,"menu_order":0,"comment_status":"closed","ping_status":"closed","template":"","meta":{"_themeisle_gutenberg_block_has_review":false},"translation":{"provider":"WPGlobus","version":"3.0.0","language":"en","enabled_languages":["de","en"],"languages":{"de":{"title":true,"content":true,"excerpt":false},"en":{"title":false,"content":false,"excerpt":false}}},"yoast_head":"<!-- This site is optimized with the Yoast SEO plugin v19.4 - https:\/\/yoast.com\/wordpress\/plugins\/seo\/ -->\n<title>RAILextender - Railware<\/title>\n<meta name=\"robots\" content=\"index, follow, max-snippet:-1, max-image-preview:large, max-video-preview:-1\" \/>\n<link rel=\"canonical\" href=\"https:\/\/railware.de\/zuege-fahren\/im-netzwerk\/railextender\/\" \/>\n<meta property=\"og:locale\" content=\"en_GB\" \/>\n<meta property=\"og:type\" content=\"article\" \/>\n<meta property=\"og:title\" content=\"RAILextender - Railware\" \/>\n<meta property=\"og:url\" content=\"https:\/\/railware.de\/zuege-fahren\/im-netzwerk\/railextender\/\" \/>\n<meta property=\"og:site_name\" content=\"Railware\" \/>\n<meta property=\"article:modified_time\" content=\"2021-12-14T13:16:01+00:00\" \/>\n<meta property=\"og:image\" content=\"https:\/\/railware.de\/wp-content\/uploads\/RAILextender.svg\" \/>\n<meta name=\"twitter:card\" content=\"summary_large_image\" \/>\n<meta name=\"twitter:label1\" content=\"Estimated reading time\" \/>\n\t<meta name=\"twitter:data1\" content=\"2 minutes\" \/>\n<script type=\"application\/ld+json\" class=\"yoast-schema-graph\">{\"@context\":\"https:\/\/schema.org\",\"@graph\":[{\"@type\":\"Organization\",\"@id\":\"https:\/\/railware.de\/#organization\",\"name\":\"Railware\",\"url\":\"https:\/\/railware.de\/\",\"sameAs\":[],\"logo\":{\"@type\":\"ImageObject\",\"inLanguage\":\"en-GB\",\"@id\":\"https:\/\/railware.de\/#\/schema\/logo\/image\/\",\"url\":\"https:\/\/railware.de\/wp-content\/uploads\/RailwareMR.jpg\",\"contentUrl\":\"https:\/\/railware.de\/wp-content\/uploads\/RailwareMR.jpg\",\"width\":1116,\"height\":200,\"caption\":\"Railware\"},\"image\":{\"@id\":\"https:\/\/railware.de\/#\/schema\/logo\/image\/\"}},{\"@type\":\"WebSite\",\"@id\":\"https:\/\/railware.de\/#website\",\"url\":\"https:\/\/railware.de\/\",\"name\":\"Railware\",\"description\":\"Sch\u00f6ne neue Welt\",\"publisher\":{\"@id\":\"https:\/\/railware.de\/#organization\"},\"potentialAction\":[{\"@type\":\"SearchAction\",\"target\":{\"@type\":\"EntryPoint\",\"urlTemplate\":\"https:\/\/railware.de\/?s={search_term_string}\"},\"query-input\":\"required name=search_term_string\"}],\"inLanguage\":\"en-GB\"},{\"@type\":\"WebPage\",\"@id\":\"https:\/\/railware.de\/zuege-fahren\/im-netzwerk\/railextender\/\",\"url\":\"https:\/\/railware.de\/zuege-fahren\/im-netzwerk\/railextender\/\",\"name\":\"RAILextender - Railware\",\"isPartOf\":{\"@id\":\"https:\/\/railware.de\/#website\"},\"datePublished\":\"2020-09-15T09:48:54+00:00\",\"dateModified\":\"2021-12-14T13:16:01+00:00\",\"breadcrumb\":{\"@id\":\"https:\/\/railware.de\/zuege-fahren\/im-netzwerk\/railextender\/#breadcrumb\"},\"inLanguage\":\"en-GB\",\"potentialAction\":[{\"@type\":\"ReadAction\",\"target\":[\"https:\/\/railware.de\/zuege-fahren\/im-netzwerk\/railextender\/\"]}]},{\"@type\":\"BreadcrumbList\",\"@id\":\"https:\/\/railware.de\/zuege-fahren\/im-netzwerk\/railextender\/#breadcrumb\",\"itemListElement\":[{\"@type\":\"ListItem\",\"position\":1,\"name\":\"Startseite\",\"item\":\"https:\/\/railware.de\/\"},{\"@type\":\"ListItem\",\"position\":2,\"name\":\"Z\u00fcge fahren\",\"item\":\"https:\/\/railware.de\/zuege-fahren\/\"},{\"@type\":\"ListItem\",\"position\":3,\"name\":\"Im Netzwerk\",\"item\":\"https:\/\/railware.de\/zuege-fahren\/im-netzwerk\/\"},{\"@type\":\"ListItem\",\"position\":4,\"name\":\"RAILextender\"}]}]}<\/script>\n<!-- \/ Yoast SEO plugin. -->","yoast_head_json":{"title":"RAILextender - Railware","robots":{"index":"index","follow":"follow","max-snippet":"max-snippet:-1","max-image-preview":"max-image-preview:large","max-video-preview":"max-video-preview:-1"},"canonical":"https:\/\/railware.de\/zuege-fahren\/im-netzwerk\/railextender\/","og_locale":"en_GB","og_type":"article","og_title":"RAILextender - Railware","og_url":"https:\/\/railware.de\/zuege-fahren\/im-netzwerk\/railextender\/","og_site_name":"Railware","article_modified_time":"2021-12-14T13:16:01+00:00","og_image":[{"url":"https:\/\/railware.de\/wp-content\/uploads\/RAILextender.svg"}],"twitter_card":"summary_large_image","twitter_misc":{"Estimated reading time":"2 minutes"},"schema":{"@context":"https:\/\/schema.org","@graph":[{"@type":"Organization","@id":"https:\/\/railware.de\/#organization","name":"Railware","url":"https:\/\/railware.de\/","sameAs":[],"logo":{"@type":"ImageObject","inLanguage":"en-GB","@id":"https:\/\/railware.de\/#\/schema\/logo\/image\/","url":"https:\/\/railware.de\/wp-content\/uploads\/RailwareMR.jpg","contentUrl":"https:\/\/railware.de\/wp-content\/uploads\/RailwareMR.jpg","width":1116,"height":200,"caption":"Railware"},"image":{"@id":"https:\/\/railware.de\/#\/schema\/logo\/image\/"}},{"@type":"WebSite","@id":"https:\/\/railware.de\/#website","url":"https:\/\/railware.de\/","name":"Railware","description":"Sch\u00f6ne neue Welt","publisher":{"@id":"https:\/\/railware.de\/#organization"},"potentialAction":[{"@type":"SearchAction","target":{"@type":"EntryPoint","urlTemplate":"https:\/\/railware.de\/?s={search_term_string}"},"query-input":"required name=search_term_string"}],"inLanguage":"en-GB"},{"@type":"WebPage","@id":"https:\/\/railware.de\/zuege-fahren\/im-netzwerk\/railextender\/","url":"https:\/\/railware.de\/zuege-fahren\/im-netzwerk\/railextender\/","name":"RAILextender - Railware","isPartOf":{"@id":"https:\/\/railware.de\/#website"},"datePublished":"2020-09-15T09:48:54+00:00","dateModified":"2021-12-14T13:16:01+00:00","breadcrumb":{"@id":"https:\/\/railware.de\/zuege-fahren\/im-netzwerk\/railextender\/#breadcrumb"},"inLanguage":"en-GB","potentialAction":[{"@type":"ReadAction","target":["https:\/\/railware.de\/zuege-fahren\/im-netzwerk\/railextender\/"]}]},{"@type":"BreadcrumbList","@id":"https:\/\/railware.de\/zuege-fahren\/im-netzwerk\/railextender\/#breadcrumb","itemListElement":[{"@type":"ListItem","position":1,"name":"Startseite","item":"https:\/\/railware.de\/"},{"@type":"ListItem","position":2,"name":"Z\u00fcge fahren","item":"https:\/\/railware.de\/zuege-fahren\/"},{"@type":"ListItem","position":3,"name":"Im Netzwerk","item":"https:\/\/railware.de\/zuege-fahren\/im-netzwerk\/"},{"@type":"ListItem","position":4,"name":"RAILextender"}]}]}},"_links":{"self":[{"href":"https:\/\/railware.de\/en\/wp-json\/wp\/v2\/pages\/969"}],"collection":[{"href":"https:\/\/railware.de\/en\/wp-json\/wp\/v2\/pages"}],"about":[{"href":"https:\/\/railware.de\/en\/wp-json\/wp\/v2\/types\/page"}],"author":[{"embeddable":true,"href":"https:\/\/railware.de\/en\/wp-json\/wp\/v2\/users\/3"}],"replies":[{"embeddable":true,"href":"https:\/\/railware.de\/en\/wp-json\/wp\/v2\/comments?post=969"}],"version-history":[{"count":6,"href":"https:\/\/railware.de\/en\/wp-json\/wp\/v2\/pages\/969\/revisions"}],"predecessor-version":[{"id":2543,"href":"https:\/\/railware.de\/en\/wp-json\/wp\/v2\/pages\/969\/revisions\/2543"}],"up":[{"embeddable":true,"href":"https:\/\/railware.de\/en\/wp-json\/wp\/v2\/pages\/480"}],"wp:attachment":[{"href":"https:\/\/railware.de\/en\/wp-json\/wp\/v2\/media?parent=969"}],"curies":[{"name":"wp","href":"https:\/\/api.w.org\/{rel}","templated":true}]}}