{"id":688,"date":"2021-12-06T19:21:00","date_gmt":"2021-12-06T18:21:00","guid":{"rendered":"https:\/\/railware.de\/neu\/?page_id=688"},"modified":"2021-12-06T22:10:06","modified_gmt":"2021-12-06T21:10:06","slug":"dc-light-display-16","status":"publish","type":"page","link":"https:\/\/railware.de\/en\/dc-light-display-16\/","title":{"rendered":"DC-Light Display 16lite"},"content":{"rendered":"\n<p>Das Display-16lite Modul ist 100% kompatibel zum LDT Standard Bus (S-Bus). Es hat 16 Ausg\u00e4nge, die jeweils mit bis zu 500mA belastbar sind. Pro 8fach Klemmengruppe sind maximal 1,2 Ampere erlaubt. F\u00fcr die Spannungsversorgung der L\u00e4mpchen und LEDs steht an einer Klemme drei Ausg\u00e4nge zur Verf\u00fcgung. Jeder ist zur Sicherheit mit einem Kaltleiter versehen und bis zu einem Ampere belastbar.<\/p>\n\n\n\n<figure class=\"wp-block-gallery columns-2 is-cropped\"><ul class=\"blocks-gallery-grid\"><li class=\"blocks-gallery-item\"><figure><img loading=\"lazy\" width=\"1193\" height=\"1000\" src=\"https:\/\/railware.de\/wp-content\/uploads\/Display16lite1.jpg\" alt=\"\" data-id=\"2473\" data-full-url=\"https:\/\/railware.de\/wp-content\/uploads\/Display16lite1.jpg\" data-link=\"https:\/\/railware.de\/dc-light-display-16\/display16lite1\/\" class=\"wp-image-2473\" srcset=\"https:\/\/railware.de\/wp-content\/uploads\/Display16lite1.jpg 1193w, https:\/\/railware.de\/wp-content\/uploads\/Display16lite1-700x587.jpg 700w, https:\/\/railware.de\/wp-content\/uploads\/Display16lite1-250x210.jpg 250w, https:\/\/railware.de\/wp-content\/uploads\/Display16lite1-768x644.jpg 768w\" sizes=\"(max-width: 1193px) 100vw, 1193px\" \/><\/figure><\/li><li class=\"blocks-gallery-item\"><figure><img loading=\"lazy\" width=\"1233\" height=\"1000\" src=\"https:\/\/railware.de\/wp-content\/uploads\/Display16lite2.jpg\" alt=\"\" data-id=\"2474\" data-full-url=\"https:\/\/railware.de\/wp-content\/uploads\/Display16lite2.jpg\" data-link=\"https:\/\/railware.de\/dc-light-display-16\/display16lite2\/\" class=\"wp-image-2474\" srcset=\"https:\/\/railware.de\/wp-content\/uploads\/Display16lite2.jpg 1233w, https:\/\/railware.de\/wp-content\/uploads\/Display16lite2-700x568.jpg 700w, https:\/\/railware.de\/wp-content\/uploads\/Display16lite2-250x203.jpg 250w, https:\/\/railware.de\/wp-content\/uploads\/Display16lite2-768x623.jpg 768w\" sizes=\"(max-width: 1233px) 100vw, 1233px\" \/><figcaption class=\"blocks-gallery-item__caption\">Steckbare Schraubklemmen<\/figcaption><\/figure><\/li><\/ul><\/figure>\n\n\n\n<h2>Vor- und Nachteile<\/h2>\n\n\n\n<ul><li>Kleinere Module erm\u00f6glichen k\u00fcrzere Kabel<\/li><li>Spart Verfrahtungsaufwand<\/li><li>H\u00f6here Kosten pro Ausgang<\/li><\/ul>\n\n\n\n<p>Die Versorgung der Module, L\u00e4mpchen und LEDs erfolgt mittels eines handels\u00fcblichen 12 Volt Schaltnetzteils.<\/p>\n\n\n\n<p>Das Display-16lite Modul kann in beliebiger Reihenfolge mit den LightDisplay-Modulen gemischt werden. Die Best\u00fcckung und Reihenfolge der Module erfolgt bei Light@Night unter &#8216;Optionen&#8217; und &#8216;Lichtmodule&#8217;. Bei Verwendung des DC-Light Classic Master k\u00f6nnen bis zu 400 Ausg\u00e4nge gesteuert werden. Beim Light-LAN Interface von LDT sind es unabh\u00e4ngig vom Displaytyp bis zu 7 Module.<\/p>\n\n\n\n<div class=\"wp-block-image\"><figure class=\"aligncenter size-full\"><img src=\"https:\/\/railware.de\/wp-content\/uploads\/DC-Light-Bussysteme-Classic.svg\" alt=\"\" class=\"wp-image-2466\"\/><figcaption>Kombination Display 16lite mit LDT Light-Display am Classic Master oder Light-LAN Interface<\/figcaption><\/figure><\/div>\n\n\n\n<p>Die Ausg\u00e4nge aller S-Bus Module werden per Light@Night Software ein- oder ausgeschaltet und dadurch mit 12 Volt Spannung versorgt. Die gew\u00fcnschten Effekte werden per Software erzeugt, soweit dies \u00fcberhaupt m\u00f6glich ist. Dies ist auch beim Display 16lite so.<\/p>\n\n\n\n<div class=\"wp-block-buttons is-content-justification-right\">\n<div class=\"wp-block-button\"><a class=\"wp-block-button__link\" href=\"https:\/\/railware.de\/light-at-night\/light-at-night-software\/\" style=\"border-radius:5px\"><strong>Light@Night Software<\/strong> &gt;&gt;<\/a><\/div>\n\n\n\n<div class=\"wp-block-button\"><a class=\"wp-block-button__link\" href=\"https:\/\/railware.de\/digitale-technik\/dc-light-classic-master\/\" style=\"border-radius:5px\"><strong>Classic Master<\/strong> &gt;&gt;<\/a><\/div>\n\n\n\n<div class=\"wp-block-button\"><a class=\"wp-block-button__link\" href=\"https:\/\/railware.de\/light-at-night\/hardware-von-ldt\/\" style=\"border-radius:5px\"><strong>Display Module von LDT<\/strong> &gt;&gt;<\/a><\/div>\n\n\n\n<div class=\"wp-block-button\"><a class=\"wp-block-button__link\" style=\"border-radius:5px\">Shop: <strong>Display 16lite<\/strong><\/a><\/div>\n<\/div>\n","protected":false},"excerpt":{"rendered":"<p>Das Display-16lite Modul ist 100% kompatibel zum LDT Standard Bus (S-Bus). Es hat 16 Ausg\u00e4nge, die jeweils mit bis zu 500mA belastbar sind. Pro 8fach Klemmengruppe sind maximal 1,2 Ampere erlaubt. F\u00fcr die Spannungsversorgung der L\u00e4mpchen und LEDs steht an einer Klemme drei Ausg\u00e4nge zur Verf\u00fcgung. Jeder ist zur Sicherheit mit einem Kaltleiter versehen und [&hellip;]<\/p>\n","protected":false},"author":3,"featured_media":0,"parent":0,"menu_order":0,"comment_status":"closed","ping_status":"closed","template":"","meta":{"_themeisle_gutenberg_block_has_review":false},"translation":{"provider":"WPGlobus","version":"3.0.0","language":"en","enabled_languages":["de","en"],"languages":{"de":{"title":true,"content":true,"excerpt":false},"en":{"title":false,"content":false,"excerpt":false}}},"yoast_head":"<!-- This site is optimized with the Yoast SEO plugin v19.4 - https:\/\/yoast.com\/wordpress\/plugins\/seo\/ -->\n<title>DC-Light Display 16lite - Railware<\/title>\n<meta name=\"robots\" content=\"index, follow, max-snippet:-1, max-image-preview:large, max-video-preview:-1\" \/>\n<link rel=\"canonical\" href=\"https:\/\/railware.de\/dc-light-display-16\/\" \/>\n<meta property=\"og:locale\" content=\"en_GB\" \/>\n<meta property=\"og:type\" content=\"article\" \/>\n<meta property=\"og:title\" content=\"DC-Light Display 16lite - Railware\" \/>\n<meta property=\"og:url\" content=\"https:\/\/railware.de\/dc-light-display-16\/\" \/>\n<meta property=\"og:site_name\" content=\"Railware\" \/>\n<meta property=\"article:modified_time\" content=\"2021-12-06T21:10:06+00:00\" \/>\n<meta property=\"og:image\" content=\"https:\/\/railware.de\/wp-content\/uploads\/Display16lite1.jpg\" \/>\n<meta name=\"twitter:card\" content=\"summary_large_image\" \/>\n<meta name=\"twitter:label1\" content=\"Estimated reading time\" \/>\n\t<meta name=\"twitter:data1\" content=\"2 minutes\" \/>\n<script type=\"application\/ld+json\" class=\"yoast-schema-graph\">{\"@context\":\"https:\/\/schema.org\",\"@graph\":[{\"@type\":\"Organization\",\"@id\":\"https:\/\/railware.de\/#organization\",\"name\":\"Railware\",\"url\":\"https:\/\/railware.de\/\",\"sameAs\":[],\"logo\":{\"@type\":\"ImageObject\",\"inLanguage\":\"en-GB\",\"@id\":\"https:\/\/railware.de\/#\/schema\/logo\/image\/\",\"url\":\"https:\/\/railware.de\/wp-content\/uploads\/RailwareMR.jpg\",\"contentUrl\":\"https:\/\/railware.de\/wp-content\/uploads\/RailwareMR.jpg\",\"width\":1116,\"height\":200,\"caption\":\"Railware\"},\"image\":{\"@id\":\"https:\/\/railware.de\/#\/schema\/logo\/image\/\"}},{\"@type\":\"WebSite\",\"@id\":\"https:\/\/railware.de\/#website\",\"url\":\"https:\/\/railware.de\/\",\"name\":\"Railware\",\"description\":\"Sch\u00f6ne neue Welt\",\"publisher\":{\"@id\":\"https:\/\/railware.de\/#organization\"},\"potentialAction\":[{\"@type\":\"SearchAction\",\"target\":{\"@type\":\"EntryPoint\",\"urlTemplate\":\"https:\/\/railware.de\/?s={search_term_string}\"},\"query-input\":\"required name=search_term_string\"}],\"inLanguage\":\"en-GB\"},{\"@type\":\"WebPage\",\"@id\":\"https:\/\/railware.de\/dc-light-display-16\/\",\"url\":\"https:\/\/railware.de\/dc-light-display-16\/\",\"name\":\"DC-Light Display 16lite - Railware\",\"isPartOf\":{\"@id\":\"https:\/\/railware.de\/#website\"},\"datePublished\":\"2021-12-06T18:21:00+00:00\",\"dateModified\":\"2021-12-06T21:10:06+00:00\",\"breadcrumb\":{\"@id\":\"https:\/\/railware.de\/dc-light-display-16\/#breadcrumb\"},\"inLanguage\":\"en-GB\",\"potentialAction\":[{\"@type\":\"ReadAction\",\"target\":[\"https:\/\/railware.de\/dc-light-display-16\/\"]}]},{\"@type\":\"BreadcrumbList\",\"@id\":\"https:\/\/railware.de\/dc-light-display-16\/#breadcrumb\",\"itemListElement\":[{\"@type\":\"ListItem\",\"position\":1,\"name\":\"Startseite\",\"item\":\"https:\/\/railware.de\/\"},{\"@type\":\"ListItem\",\"position\":2,\"name\":\"DC-Light Display 16lite\"}]}]}<\/script>\n<!-- \/ Yoast SEO plugin. -->","yoast_head_json":{"title":"DC-Light Display 16lite - Railware","robots":{"index":"index","follow":"follow","max-snippet":"max-snippet:-1","max-image-preview":"max-image-preview:large","max-video-preview":"max-video-preview:-1"},"canonical":"https:\/\/railware.de\/dc-light-display-16\/","og_locale":"en_GB","og_type":"article","og_title":"DC-Light Display 16lite - Railware","og_url":"https:\/\/railware.de\/dc-light-display-16\/","og_site_name":"Railware","article_modified_time":"2021-12-06T21:10:06+00:00","og_image":[{"url":"https:\/\/railware.de\/wp-content\/uploads\/Display16lite1.jpg"}],"twitter_card":"summary_large_image","twitter_misc":{"Estimated reading time":"2 minutes"},"schema":{"@context":"https:\/\/schema.org","@graph":[{"@type":"Organization","@id":"https:\/\/railware.de\/#organization","name":"Railware","url":"https:\/\/railware.de\/","sameAs":[],"logo":{"@type":"ImageObject","inLanguage":"en-GB","@id":"https:\/\/railware.de\/#\/schema\/logo\/image\/","url":"https:\/\/railware.de\/wp-content\/uploads\/RailwareMR.jpg","contentUrl":"https:\/\/railware.de\/wp-content\/uploads\/RailwareMR.jpg","width":1116,"height":200,"caption":"Railware"},"image":{"@id":"https:\/\/railware.de\/#\/schema\/logo\/image\/"}},{"@type":"WebSite","@id":"https:\/\/railware.de\/#website","url":"https:\/\/railware.de\/","name":"Railware","description":"Sch\u00f6ne neue Welt","publisher":{"@id":"https:\/\/railware.de\/#organization"},"potentialAction":[{"@type":"SearchAction","target":{"@type":"EntryPoint","urlTemplate":"https:\/\/railware.de\/?s={search_term_string}"},"query-input":"required name=search_term_string"}],"inLanguage":"en-GB"},{"@type":"WebPage","@id":"https:\/\/railware.de\/dc-light-display-16\/","url":"https:\/\/railware.de\/dc-light-display-16\/","name":"DC-Light Display 16lite - Railware","isPartOf":{"@id":"https:\/\/railware.de\/#website"},"datePublished":"2021-12-06T18:21:00+00:00","dateModified":"2021-12-06T21:10:06+00:00","breadcrumb":{"@id":"https:\/\/railware.de\/dc-light-display-16\/#breadcrumb"},"inLanguage":"en-GB","potentialAction":[{"@type":"ReadAction","target":["https:\/\/railware.de\/dc-light-display-16\/"]}]},{"@type":"BreadcrumbList","@id":"https:\/\/railware.de\/dc-light-display-16\/#breadcrumb","itemListElement":[{"@type":"ListItem","position":1,"name":"Startseite","item":"https:\/\/railware.de\/"},{"@type":"ListItem","position":2,"name":"DC-Light Display 16lite"}]}]}},"_links":{"self":[{"href":"https:\/\/railware.de\/en\/wp-json\/wp\/v2\/pages\/688"}],"collection":[{"href":"https:\/\/railware.de\/en\/wp-json\/wp\/v2\/pages"}],"about":[{"href":"https:\/\/railware.de\/en\/wp-json\/wp\/v2\/types\/page"}],"author":[{"embeddable":true,"href":"https:\/\/railware.de\/en\/wp-json\/wp\/v2\/users\/3"}],"replies":[{"embeddable":true,"href":"https:\/\/railware.de\/en\/wp-json\/wp\/v2\/comments?post=688"}],"version-history":[{"count":9,"href":"https:\/\/railware.de\/en\/wp-json\/wp\/v2\/pages\/688\/revisions"}],"predecessor-version":[{"id":2483,"href":"https:\/\/railware.de\/en\/wp-json\/wp\/v2\/pages\/688\/revisions\/2483"}],"wp:attachment":[{"href":"https:\/\/railware.de\/en\/wp-json\/wp\/v2\/media?parent=688"}],"curies":[{"name":"wp","href":"https:\/\/api.w.org\/{rel}","templated":true}]}}