{"id":636,"date":"2020-05-22T22:08:13","date_gmt":"2020-05-22T20:08:13","guid":{"rendered":"https:\/\/railware.de\/neu\/?page_id=636"},"modified":"2021-10-26T09:20:23","modified_gmt":"2021-10-26T07:20:23","slug":"lizenz-kostenlose-software","status":"publish","type":"page","link":"https:\/\/railware.de\/en\/lizenz-kostenlose-software\/","title":{"rendered":"Lizenz Kostenlose Software"},"content":{"rendered":"<p>HINWEIS:<br \/>\nDIES IST EIN VERTRAG ZWISCHEN IHNEN UND RAILWARE, ANDREA HINZ.<br \/>\nWENN SIE DIE SOFTWARE INSTALLIEREN BEDEUTET DIES, DA\u00df SIE MIT S\u00c4MTLICHEN BEDINGUNGEN DIESES VERTRAGES EINVERSTANDEN SIND.<\/p>\n<p>1. ZUSICHERUNG DER LIZENZ<br \/>\nDer Autor dieses Programmes, welches Freeware ist, sichert dem Anwender eine zeitlich uneingeschr\u00e4nkte, kostenfreie Lizenz zu, falls folgende Bedingungen gegeben sind:<\/p>\n<p>&#8211; Die Lizenz f\u00fcr dieses Exemplar der Software wird Ihnen als Endbenutzer erteilt.<br \/>\n&#8211; Diese Software wird ausschlie\u00dflich f\u00fcr nichtkommerzielle Zwecke genutzt.<br \/>\n&#8211; Der Lizenznehmer akzeptiert die volle Urheberschaft des Autors.<br \/>\n&#8211; Diese Software darf nicht ver\u00e4ndert werden.<br \/>\n&#8211; Die Weitergabe dieser Software ist nur kostenfrei und zu nichtkommerziellen Zwecken gestattet.<br \/>\n&#8211; Der Lizenznehmer verzichtet auf jeden Anspruch auf technische oder sonstige Unterst\u00fctzung in irgendeiner Form.<\/p>\n<p>Sollten eine dieser Bedingungen nicht gegeben sein, erlischt die Lizenzvereinbarung.<\/p>\n<p>2. BENUTZUNG DER SOFTWARE.<br \/>\nSie d\u00fcrfen diese Software auf einem Einzelrechner auf Festplatte oder einer anderen Speichereinheit installieren, oder diese Software f\u00fcr die Benutzung in einem lokalen Netzwerk auf einem Dateiserver installieren und zur dauerhaften Installation auf Festplatten oder anderen Speichermedien oder der Benutzung \u00fcber ein solches Netzwerk verwenden und Sicherungskopien von der Software anlegen.<\/p>\n<p>3. WEITERGABE<br \/>\nDer Lizenznehmer ist berechtigt, diese Software kostenfrei und in einem ausschlie\u00dflich unver\u00e4ndertem Zustand an Dritte weiterzugeben. Die Bereitstellung dieser Software auf Online- Seiten oder eine Verlinkung auf die Seiten des Autors sind nicht erlaubt. Der Weitergabe per CD von Zeitschriften wird hiermit ausdr\u00fccklich stattgegeben.<\/p>\n<p>4. COPYRIGHT<br \/>\nDie Software ist geistiges Eigentum von Railware, Andrea Hinz und durch die Copyright-Gesetze? der Europ\u00e4ischen Union, der Vereinigten Staaten, internationale Vertragsbestimmungen und die zust\u00e4ndigen Gesetze des Landes, in dem sie benutzt wird, gesch\u00fctzt. Das vorliegende Abkommen gibt Ihnen keine zur Software geh\u00f6rigen geistigen Eigentumsrechte.<\/p>\n<p>5. EINSCHR\u00c4NKUNGEN<br \/>\nSie verpflichten sich, keine \u00c4nderungen, Anpassungen, \u00dcbertragungen, R\u00fcck\u00fcbersetzungen, Dekompilierungen, Disassemblierungen oder sonstige Versuche anzustellen, den Quellenkode der Software sichtbar zu machen..<\/p>\n<p>6. PRODUKTUNTERST\u00dcTZUNG\/WARTUNG\/UPDATES<br \/>\nDer Autor dieser Software ist NICHT verpflichtet, Produktunterst\u00fctzung (&#8220;Support&#8221;) oder Updates bereitzustellen.<\/p>\n<p>7. HAFTUNGSAUSSCHLUSS<br \/>\nDER AUTOR DIESER SOFTWARE GIBT IHNEN KEINERLEI GARANTIEN F\u00dcR DEREN VERWENDUNG ODER EINSATZ UND KANN UNTER KEINEN UMST\u00c4NDEN F\u00dcR SCH\u00c4DEN JEGLICHER ART DIE DURCH VERWENDUNG ODER VERBREITUNG DER SOFTWARE VERURSACHT WERDEN ZUR VERANTWORTUNG GEZOGEN WERDEN. ES WIRD KEINE GARANTIE IN BEZUG AUF DAS FUNKTIONIEREN ODER DIE UNTER BENUTZUNG DIESER SOFTWARE VON IHNEN ERZIELTEN ERGEBNISSE GEW\u00c4HRT. DER AUTOR GEW\u00c4HRT KEINE GARANTIE ODER MACHT KEINE ZUGEST\u00c4NDNISSE IMPLIZIT ODER EXPLIZIT &#8211; IN BEZUG AUF: NICHTVERLETZUNG DER RECHTE DRITTER, VERK\u00c4UFLICHKEIT ODER EIGNUNG ZU EINEM BESTIMMTEN ZWECK. RAILWARE, ANDREA HINZ \u00dcBERNIMMT AUF KEINEN FALL HAFTUNG F\u00dcR SICH AUS DER BENUTZUNG ERGEBENDE GELEGENTLICHE ODER SPEZIELLE SCH\u00c4DEN; EINGESCHLOSSEN FAHRL\u00c4SSIGKEIT, DATENVERLUSST, GEWINN- UND\/ODER UMSATZEINBU\u00dfEN.<\/p>\n<p>8. GELTENDES RECHT \/ SALVATORISCHE KLAUSEL<br \/>\nDas vorliegende Abkommen unterliegt den Gesetzen, die in dem Land innerhalb der Europ\u00e4ischen Union gelten.<br \/>\nSollten Bestimmungen dieses Vertrages ganz oder teilweise nicht rechtswirksam und\/oder nicht durchf\u00fchrbar sein und\/oder ihre Rechtswirksamkeit und\/oder Durchf\u00fchrbarkeit sp\u00e4ter verlieren, sind hierdurch die G\u00fcltigkeit der \u00fcbrigen Bestimmungen des Vertrages nicht ber\u00fchrt. Das Gleiche gilt, soweit sich herausstellen sollte, dass der Vertrag eine Regelungsl\u00fccke enth\u00e4lt. Anstelle der unwirksamen und\/oder undurchf\u00fchrbaren Bestimmungen oder zur Ausf\u00fcllung der L\u00fccke soll eine angemessene Regelung gelten, die, soweit rechtlich m\u00f6glich, der beabsichtigten Regelung am n\u00e4chsten kommt.<\/p>\n<p>Copyright \u00a9 1999-2020bei Railware, Andrea Hinz.<br \/>\nAlle Rechte vorbehalten.<\/p>\n","protected":false},"excerpt":{"rendered":"<p>HINWEIS: DIES IST EIN VERTRAG ZWISCHEN IHNEN UND RAILWARE, ANDREA HINZ. WENN SIE DIE SOFTWARE INSTALLIEREN BEDEUTET DIES, DA\u00df SIE MIT S\u00c4MTLICHEN BEDINGUNGEN DIESES VERTRAGES EINVERSTANDEN SIND. 1. ZUSICHERUNG DER LIZENZ Der Autor dieses Programmes, welches Freeware ist, sichert dem Anwender eine zeitlich uneingeschr\u00e4nkte, kostenfreie Lizenz zu, falls folgende Bedingungen gegeben sind: &#8211; Die Lizenz [&hellip;]<\/p>\n","protected":false},"author":3,"featured_media":0,"parent":0,"menu_order":0,"comment_status":"closed","ping_status":"closed","template":"","meta":{"_themeisle_gutenberg_block_has_review":false},"translation":{"provider":"WPGlobus","version":"3.0.0","language":"en","enabled_languages":["de","en"],"languages":{"de":{"title":true,"content":true,"excerpt":false},"en":{"title":false,"content":false,"excerpt":false}}},"yoast_head":"<!-- This site is optimized with the Yoast SEO plugin v19.4 - https:\/\/yoast.com\/wordpress\/plugins\/seo\/ -->\n<title>Lizenz Kostenlose Software - Railware<\/title>\n<meta name=\"robots\" content=\"index, follow, max-snippet:-1, max-image-preview:large, max-video-preview:-1\" \/>\n<link rel=\"canonical\" href=\"https:\/\/railware.de\/lizenz-kostenlose-software\/\" \/>\n<meta property=\"og:locale\" content=\"en_GB\" \/>\n<meta property=\"og:type\" content=\"article\" \/>\n<meta property=\"og:title\" content=\"Lizenz Kostenlose Software - Railware\" \/>\n<meta property=\"og:url\" content=\"https:\/\/railware.de\/lizenz-kostenlose-software\/\" \/>\n<meta property=\"og:site_name\" content=\"Railware\" \/>\n<meta property=\"article:modified_time\" content=\"2021-10-26T07:20:23+00:00\" \/>\n<meta name=\"twitter:card\" content=\"summary_large_image\" \/>\n<meta name=\"twitter:label1\" content=\"Estimated reading time\" \/>\n\t<meta name=\"twitter:data1\" content=\"3 minutes\" \/>\n<script type=\"application\/ld+json\" class=\"yoast-schema-graph\">{\"@context\":\"https:\/\/schema.org\",\"@graph\":[{\"@type\":\"Organization\",\"@id\":\"https:\/\/railware.de\/#organization\",\"name\":\"Railware\",\"url\":\"https:\/\/railware.de\/\",\"sameAs\":[],\"logo\":{\"@type\":\"ImageObject\",\"inLanguage\":\"en-GB\",\"@id\":\"https:\/\/railware.de\/#\/schema\/logo\/image\/\",\"url\":\"https:\/\/railware.de\/wp-content\/uploads\/RailwareMR.jpg\",\"contentUrl\":\"https:\/\/railware.de\/wp-content\/uploads\/RailwareMR.jpg\",\"width\":1116,\"height\":200,\"caption\":\"Railware\"},\"image\":{\"@id\":\"https:\/\/railware.de\/#\/schema\/logo\/image\/\"}},{\"@type\":\"WebSite\",\"@id\":\"https:\/\/railware.de\/#website\",\"url\":\"https:\/\/railware.de\/\",\"name\":\"Railware\",\"description\":\"Sch\u00f6ne neue Welt\",\"publisher\":{\"@id\":\"https:\/\/railware.de\/#organization\"},\"potentialAction\":[{\"@type\":\"SearchAction\",\"target\":{\"@type\":\"EntryPoint\",\"urlTemplate\":\"https:\/\/railware.de\/?s={search_term_string}\"},\"query-input\":\"required name=search_term_string\"}],\"inLanguage\":\"en-GB\"},{\"@type\":\"WebPage\",\"@id\":\"https:\/\/railware.de\/lizenz-kostenlose-software\/\",\"url\":\"https:\/\/railware.de\/lizenz-kostenlose-software\/\",\"name\":\"Lizenz Kostenlose Software - Railware\",\"isPartOf\":{\"@id\":\"https:\/\/railware.de\/#website\"},\"datePublished\":\"2020-05-22T20:08:13+00:00\",\"dateModified\":\"2021-10-26T07:20:23+00:00\",\"breadcrumb\":{\"@id\":\"https:\/\/railware.de\/lizenz-kostenlose-software\/#breadcrumb\"},\"inLanguage\":\"en-GB\",\"potentialAction\":[{\"@type\":\"ReadAction\",\"target\":[\"https:\/\/railware.de\/lizenz-kostenlose-software\/\"]}]},{\"@type\":\"BreadcrumbList\",\"@id\":\"https:\/\/railware.de\/lizenz-kostenlose-software\/#breadcrumb\",\"itemListElement\":[{\"@type\":\"ListItem\",\"position\":1,\"name\":\"Startseite\",\"item\":\"https:\/\/railware.de\/\"},{\"@type\":\"ListItem\",\"position\":2,\"name\":\"Lizenz Kostenlose Software\"}]}]}<\/script>\n<!-- \/ Yoast SEO plugin. -->","yoast_head_json":{"title":"Lizenz Kostenlose Software - Railware","robots":{"index":"index","follow":"follow","max-snippet":"max-snippet:-1","max-image-preview":"max-image-preview:large","max-video-preview":"max-video-preview:-1"},"canonical":"https:\/\/railware.de\/lizenz-kostenlose-software\/","og_locale":"en_GB","og_type":"article","og_title":"Lizenz Kostenlose Software - Railware","og_url":"https:\/\/railware.de\/lizenz-kostenlose-software\/","og_site_name":"Railware","article_modified_time":"2021-10-26T07:20:23+00:00","twitter_card":"summary_large_image","twitter_misc":{"Estimated reading time":"3 minutes"},"schema":{"@context":"https:\/\/schema.org","@graph":[{"@type":"Organization","@id":"https:\/\/railware.de\/#organization","name":"Railware","url":"https:\/\/railware.de\/","sameAs":[],"logo":{"@type":"ImageObject","inLanguage":"en-GB","@id":"https:\/\/railware.de\/#\/schema\/logo\/image\/","url":"https:\/\/railware.de\/wp-content\/uploads\/RailwareMR.jpg","contentUrl":"https:\/\/railware.de\/wp-content\/uploads\/RailwareMR.jpg","width":1116,"height":200,"caption":"Railware"},"image":{"@id":"https:\/\/railware.de\/#\/schema\/logo\/image\/"}},{"@type":"WebSite","@id":"https:\/\/railware.de\/#website","url":"https:\/\/railware.de\/","name":"Railware","description":"Sch\u00f6ne neue Welt","publisher":{"@id":"https:\/\/railware.de\/#organization"},"potentialAction":[{"@type":"SearchAction","target":{"@type":"EntryPoint","urlTemplate":"https:\/\/railware.de\/?s={search_term_string}"},"query-input":"required name=search_term_string"}],"inLanguage":"en-GB"},{"@type":"WebPage","@id":"https:\/\/railware.de\/lizenz-kostenlose-software\/","url":"https:\/\/railware.de\/lizenz-kostenlose-software\/","name":"Lizenz Kostenlose Software - Railware","isPartOf":{"@id":"https:\/\/railware.de\/#website"},"datePublished":"2020-05-22T20:08:13+00:00","dateModified":"2021-10-26T07:20:23+00:00","breadcrumb":{"@id":"https:\/\/railware.de\/lizenz-kostenlose-software\/#breadcrumb"},"inLanguage":"en-GB","potentialAction":[{"@type":"ReadAction","target":["https:\/\/railware.de\/lizenz-kostenlose-software\/"]}]},{"@type":"BreadcrumbList","@id":"https:\/\/railware.de\/lizenz-kostenlose-software\/#breadcrumb","itemListElement":[{"@type":"ListItem","position":1,"name":"Startseite","item":"https:\/\/railware.de\/"},{"@type":"ListItem","position":2,"name":"Lizenz Kostenlose Software"}]}]}},"_links":{"self":[{"href":"https:\/\/railware.de\/en\/wp-json\/wp\/v2\/pages\/636"}],"collection":[{"href":"https:\/\/railware.de\/en\/wp-json\/wp\/v2\/pages"}],"about":[{"href":"https:\/\/railware.de\/en\/wp-json\/wp\/v2\/types\/page"}],"author":[{"embeddable":true,"href":"https:\/\/railware.de\/en\/wp-json\/wp\/v2\/users\/3"}],"replies":[{"embeddable":true,"href":"https:\/\/railware.de\/en\/wp-json\/wp\/v2\/comments?post=636"}],"version-history":[{"count":1,"href":"https:\/\/railware.de\/en\/wp-json\/wp\/v2\/pages\/636\/revisions"}],"predecessor-version":[{"id":637,"href":"https:\/\/railware.de\/en\/wp-json\/wp\/v2\/pages\/636\/revisions\/637"}],"wp:attachment":[{"href":"https:\/\/railware.de\/en\/wp-json\/wp\/v2\/media?parent=636"}],"curies":[{"name":"wp","href":"https:\/\/api.w.org\/{rel}","templated":true}]}}