{"id":598,"date":"2020-05-22T21:37:45","date_gmt":"2020-05-22T19:37:45","guid":{"rendered":"https:\/\/railware.de\/neu\/?page_id=598"},"modified":"2024-01-06T14:34:27","modified_gmt":"2024-01-06T13:34:27","slug":"download-ln-easy-konfigurator","status":"publish","type":"page","link":"https:\/\/railware.de\/en\/downloads\/download-ln-easy-konfigurator\/","title":{"rendered":"Download LN-Easy Konfigurator"},"content":{"rendered":"\n<h2>Download LN-Easy Konfigurator<\/h2>\n\n\n\n<p>Konfigurationstool f\u00fcr Light@Night Easy. Erlaubt verschiedene Anpassungen wie Helligkeiten und Farbt\u00f6ne. Au\u00dferdem feste Adressen bei einigen Effekten und Stra\u00dfenlaternen f\u00fcr Krippen, Architektur und Dioramen.<\/p>\n\n\n\n<div class=\"wp-block-buttons is-content-justification-center\">\n<div class=\"wp-block-button\"><a class=\"wp-block-button__link\" href=\"https:\/\/doku.railware.de\/dl777\" style=\"border-radius:5px\"><strong>Download<\/strong><\/a><\/div>\n<\/div>\n\n\n\n<p> Beachten Sie die Lizenzvereinbarung f\u00fcr kostenlose Software.<\/p>\n\n\n\n<h3>Installation und Dokumentation<\/h3>\n\n\n\n<div class=\"wp-block-buttons is-content-justification-center\">\n<div class=\"wp-block-button\"><a class=\"wp-block-button__link\" href=\"https:\/\/doku.railware.de\/dl778\" style=\"border-radius:5px\"><strong>Handbuch<\/strong><\/a><\/div>\n<\/div>\n\n\n\n<h3>Lizenzvereinbarung<\/h3>\n\n\n\n<div class=\"wp-block-buttons is-content-justification-center\">\n<div class=\"wp-block-button\"><a class=\"wp-block-button__link\" href=\"https:\/\/railware.de\/lizenz-kostenlose-software\/\" style=\"border-radius:5px\"><strong>Lizenzvereinbarung kostenlose Software<\/strong><\/a><\/div>\n<\/div>\n\n\n\n<p><\/p>\n","protected":false},"excerpt":{"rendered":"<p>Download LN-Easy Konfigurator Konfigurationstool f\u00fcr Light@Night Easy. Erlaubt verschiedene Anpassungen wie Helligkeiten und Farbt\u00f6ne. Au\u00dferdem feste Adressen bei einigen Effekten und Stra\u00dfenlaternen f\u00fcr Krippen, Architektur und Dioramen. Beachten Sie die Lizenzvereinbarung f\u00fcr kostenlose Software. Installation und Dokumentation Lizenzvereinbarung<\/p>\n","protected":false},"author":3,"featured_media":0,"parent":332,"menu_order":0,"comment_status":"closed","ping_status":"closed","template":"","meta":{"_themeisle_gutenberg_block_has_review":false},"translation":{"provider":"WPGlobus","version":"3.0.0","language":"en","enabled_languages":["de","en"],"languages":{"de":{"title":true,"content":true,"excerpt":false},"en":{"title":false,"content":false,"excerpt":false}}},"yoast_head":"<!-- This site is optimized with the Yoast SEO plugin v19.4 - https:\/\/yoast.com\/wordpress\/plugins\/seo\/ -->\n<title>Download LN-Easy Konfigurator - Railware<\/title>\n<meta name=\"robots\" content=\"index, follow, max-snippet:-1, max-image-preview:large, max-video-preview:-1\" \/>\n<link rel=\"canonical\" href=\"https:\/\/railware.de\/downloads\/download-ln-easy-konfigurator\/\" \/>\n<meta property=\"og:locale\" content=\"en_GB\" \/>\n<meta property=\"og:type\" content=\"article\" \/>\n<meta property=\"og:title\" content=\"Download LN-Easy Konfigurator - Railware\" \/>\n<meta property=\"og:url\" content=\"https:\/\/railware.de\/downloads\/download-ln-easy-konfigurator\/\" \/>\n<meta property=\"og:site_name\" content=\"Railware\" \/>\n<meta property=\"article:modified_time\" content=\"2024-01-06T13:34:27+00:00\" \/>\n<meta name=\"twitter:card\" content=\"summary_large_image\" \/>\n<meta name=\"twitter:label1\" content=\"Estimated reading time\" \/>\n\t<meta name=\"twitter:data1\" content=\"1 minute\" \/>\n<script type=\"application\/ld+json\" class=\"yoast-schema-graph\">{\"@context\":\"https:\/\/schema.org\",\"@graph\":[{\"@type\":\"Organization\",\"@id\":\"https:\/\/railware.de\/#organization\",\"name\":\"Railware\",\"url\":\"https:\/\/railware.de\/\",\"sameAs\":[],\"logo\":{\"@type\":\"ImageObject\",\"inLanguage\":\"en-GB\",\"@id\":\"https:\/\/railware.de\/#\/schema\/logo\/image\/\",\"url\":\"https:\/\/railware.de\/wp-content\/uploads\/RailwareMR.jpg\",\"contentUrl\":\"https:\/\/railware.de\/wp-content\/uploads\/RailwareMR.jpg\",\"width\":1116,\"height\":200,\"caption\":\"Railware\"},\"image\":{\"@id\":\"https:\/\/railware.de\/#\/schema\/logo\/image\/\"}},{\"@type\":\"WebSite\",\"@id\":\"https:\/\/railware.de\/#website\",\"url\":\"https:\/\/railware.de\/\",\"name\":\"Railware\",\"description\":\"Sch\u00f6ne neue Welt\",\"publisher\":{\"@id\":\"https:\/\/railware.de\/#organization\"},\"potentialAction\":[{\"@type\":\"SearchAction\",\"target\":{\"@type\":\"EntryPoint\",\"urlTemplate\":\"https:\/\/railware.de\/?s={search_term_string}\"},\"query-input\":\"required name=search_term_string\"}],\"inLanguage\":\"en-GB\"},{\"@type\":\"WebPage\",\"@id\":\"https:\/\/railware.de\/downloads\/download-ln-easy-konfigurator\/\",\"url\":\"https:\/\/railware.de\/downloads\/download-ln-easy-konfigurator\/\",\"name\":\"Download LN-Easy Konfigurator - Railware\",\"isPartOf\":{\"@id\":\"https:\/\/railware.de\/#website\"},\"datePublished\":\"2020-05-22T19:37:45+00:00\",\"dateModified\":\"2024-01-06T13:34:27+00:00\",\"breadcrumb\":{\"@id\":\"https:\/\/railware.de\/downloads\/download-ln-easy-konfigurator\/#breadcrumb\"},\"inLanguage\":\"en-GB\",\"potentialAction\":[{\"@type\":\"ReadAction\",\"target\":[\"https:\/\/railware.de\/downloads\/download-ln-easy-konfigurator\/\"]}]},{\"@type\":\"BreadcrumbList\",\"@id\":\"https:\/\/railware.de\/downloads\/download-ln-easy-konfigurator\/#breadcrumb\",\"itemListElement\":[{\"@type\":\"ListItem\",\"position\":1,\"name\":\"Startseite\",\"item\":\"https:\/\/railware.de\/\"},{\"@type\":\"ListItem\",\"position\":2,\"name\":\"Downloads\",\"item\":\"https:\/\/railware.de\/downloads\/\"},{\"@type\":\"ListItem\",\"position\":3,\"name\":\"Download LN-Easy Konfigurator\"}]}]}<\/script>\n<!-- \/ Yoast SEO plugin. -->","yoast_head_json":{"title":"Download LN-Easy Konfigurator - Railware","robots":{"index":"index","follow":"follow","max-snippet":"max-snippet:-1","max-image-preview":"max-image-preview:large","max-video-preview":"max-video-preview:-1"},"canonical":"https:\/\/railware.de\/downloads\/download-ln-easy-konfigurator\/","og_locale":"en_GB","og_type":"article","og_title":"Download LN-Easy Konfigurator - Railware","og_url":"https:\/\/railware.de\/downloads\/download-ln-easy-konfigurator\/","og_site_name":"Railware","article_modified_time":"2024-01-06T13:34:27+00:00","twitter_card":"summary_large_image","twitter_misc":{"Estimated reading time":"1 minute"},"schema":{"@context":"https:\/\/schema.org","@graph":[{"@type":"Organization","@id":"https:\/\/railware.de\/#organization","name":"Railware","url":"https:\/\/railware.de\/","sameAs":[],"logo":{"@type":"ImageObject","inLanguage":"en-GB","@id":"https:\/\/railware.de\/#\/schema\/logo\/image\/","url":"https:\/\/railware.de\/wp-content\/uploads\/RailwareMR.jpg","contentUrl":"https:\/\/railware.de\/wp-content\/uploads\/RailwareMR.jpg","width":1116,"height":200,"caption":"Railware"},"image":{"@id":"https:\/\/railware.de\/#\/schema\/logo\/image\/"}},{"@type":"WebSite","@id":"https:\/\/railware.de\/#website","url":"https:\/\/railware.de\/","name":"Railware","description":"Sch\u00f6ne neue Welt","publisher":{"@id":"https:\/\/railware.de\/#organization"},"potentialAction":[{"@type":"SearchAction","target":{"@type":"EntryPoint","urlTemplate":"https:\/\/railware.de\/?s={search_term_string}"},"query-input":"required name=search_term_string"}],"inLanguage":"en-GB"},{"@type":"WebPage","@id":"https:\/\/railware.de\/downloads\/download-ln-easy-konfigurator\/","url":"https:\/\/railware.de\/downloads\/download-ln-easy-konfigurator\/","name":"Download LN-Easy Konfigurator - Railware","isPartOf":{"@id":"https:\/\/railware.de\/#website"},"datePublished":"2020-05-22T19:37:45+00:00","dateModified":"2024-01-06T13:34:27+00:00","breadcrumb":{"@id":"https:\/\/railware.de\/downloads\/download-ln-easy-konfigurator\/#breadcrumb"},"inLanguage":"en-GB","potentialAction":[{"@type":"ReadAction","target":["https:\/\/railware.de\/downloads\/download-ln-easy-konfigurator\/"]}]},{"@type":"BreadcrumbList","@id":"https:\/\/railware.de\/downloads\/download-ln-easy-konfigurator\/#breadcrumb","itemListElement":[{"@type":"ListItem","position":1,"name":"Startseite","item":"https:\/\/railware.de\/"},{"@type":"ListItem","position":2,"name":"Downloads","item":"https:\/\/railware.de\/downloads\/"},{"@type":"ListItem","position":3,"name":"Download LN-Easy Konfigurator"}]}]}},"_links":{"self":[{"href":"https:\/\/railware.de\/en\/wp-json\/wp\/v2\/pages\/598"}],"collection":[{"href":"https:\/\/railware.de\/en\/wp-json\/wp\/v2\/pages"}],"about":[{"href":"https:\/\/railware.de\/en\/wp-json\/wp\/v2\/types\/page"}],"author":[{"embeddable":true,"href":"https:\/\/railware.de\/en\/wp-json\/wp\/v2\/users\/3"}],"replies":[{"embeddable":true,"href":"https:\/\/railware.de\/en\/wp-json\/wp\/v2\/comments?post=598"}],"version-history":[{"count":15,"href":"https:\/\/railware.de\/en\/wp-json\/wp\/v2\/pages\/598\/revisions"}],"predecessor-version":[{"id":2577,"href":"https:\/\/railware.de\/en\/wp-json\/wp\/v2\/pages\/598\/revisions\/2577"}],"up":[{"embeddable":true,"href":"https:\/\/railware.de\/en\/wp-json\/wp\/v2\/pages\/332"}],"wp:attachment":[{"href":"https:\/\/railware.de\/en\/wp-json\/wp\/v2\/media?parent=598"}],"curies":[{"name":"wp","href":"https:\/\/api.w.org\/{rel}","templated":true}]}}