{"id":493,"date":"2020-05-21T22:33:14","date_gmt":"2020-05-21T20:33:14","guid":{"rendered":"https:\/\/railware.de\/neu\/?page_id=493"},"modified":"2021-10-21T14:58:28","modified_gmt":"2021-10-21T12:58:28","slug":"technisxhe-voraussetzungen","status":"publish","type":"page","link":"https:\/\/railware.de\/en\/railware-versionen\/technisxhe-voraussetzungen\/","title":{"rendered":"Technische Voraussetzungen"},"content":{"rendered":"<h2>Voraussetzungen f\u00fcr Railware<\/h2>\n<p>Ein &#8216;guter&#8217; PC mit Windows 10 oder 11 sind ideal.<\/p>\n<p>Nicht alles was an Digitaltechnik angeboten wird, ist in einer Kombination mit Railware sinnvoll. Insbesondere Digitalzentralen mit integrierten Betriebsfunktionen (und &#8220;gro\u00dfen&#8221; Displays) sind eher ungeeignet, da sie oft nicht vollst\u00e4ndig synchron mit externer Software arbeiten k\u00f6nnen. Dann arbeiten sie mit Software nicht synchron und k\u00f6nnen auch viele Symbole und M\u00f6glichkeiten in Railware nicht abdecken.<\/p>\n<h3>Die Entscheidung lautet:<\/h3>\n<p style=\"text-align: center;\"><strong>Entweder Railware mit einfacher, zuverl\u00e4ssiger Zentrale oder &#8220;intelligente Zentrale&#8221; ohne PC.<\/strong><\/p>\n<h3>Unterst\u00fctzte Technik:<\/h3>\n<p>USB Generator, DC-Rail Zentrale, DC-Rail S88 Controller, Central Station I, II und III, Lenz Digital (Alle Interfaces: Seriell, LAN, USB), Tams EasyControl (Seriell, USB), Tams RedBox (Tams Treiber USB), Intellibox 1 + 2, Trix Selectrix, M\u00fct Digirail, Rautenhaus, Rautenhaus RMX, St\u00e4rz ZS1, Massoth DiMAX, OpenDCC, Fleischmann TwinCenter, Digitrax, LocoBuffer II, EasyDCC, InfraCar, Open-Car, DC-Car, Piko Power Box, ESU ECoS, DiCoStation, MTTM FCC.<\/p>\n<p>Weiter: RF-Sensor, HSI-88, TD-88, LS-DEC, WD-DEC, Light@Night Easy 1+2, Signal Easy, DC-Light RGB Master und Classic Master, Light-LAN Interface, DMX4ALL.<\/p>\n\n\n<h3>Bei Neuanschaffungen diese Hardware meiden:<\/h3>\n<p>Central Station I, Intellibox 1 + 2, Trix Selectrix, Rautenhaus ohne RMX, M\u00fct Digirail, Fleischmann TwinCenter, Digitrax, EasyDCC, InfraCar, ESU ECoS I, DiCoStation.<\/p>\n\n\n\n<p><\/p>\n","protected":false},"excerpt":{"rendered":"<p>Voraussetzungen f\u00fcr Railware Ein &#8216;guter&#8217; PC mit Windows 10 oder 11 sind ideal. Nicht alles was an Digitaltechnik angeboten wird, ist in einer Kombination mit Railware sinnvoll. Insbesondere Digitalzentralen mit integrierten Betriebsfunktionen (und &#8220;gro\u00dfen&#8221; Displays) sind eher ungeeignet, da sie oft nicht vollst\u00e4ndig synchron mit externer Software arbeiten k\u00f6nnen. Dann arbeiten sie mit Software nicht [&hellip;]<\/p>\n","protected":false},"author":3,"featured_media":0,"parent":1010,"menu_order":0,"comment_status":"closed","ping_status":"closed","template":"","meta":{"_themeisle_gutenberg_block_has_review":false},"translation":{"provider":"WPGlobus","version":"3.0.0","language":"en","enabled_languages":["de","en"],"languages":{"de":{"title":true,"content":true,"excerpt":false},"en":{"title":false,"content":false,"excerpt":false}}},"yoast_head":"<!-- This site is optimized with the Yoast SEO plugin v19.4 - https:\/\/yoast.com\/wordpress\/plugins\/seo\/ -->\n<title>Technische Voraussetzungen - Railware<\/title>\n<meta name=\"robots\" content=\"index, follow, max-snippet:-1, max-image-preview:large, max-video-preview:-1\" \/>\n<link rel=\"canonical\" href=\"https:\/\/railware.de\/railware-versionen\/technisxhe-voraussetzungen\/\" \/>\n<meta property=\"og:locale\" content=\"en_GB\" \/>\n<meta property=\"og:type\" content=\"article\" \/>\n<meta property=\"og:title\" content=\"Technische Voraussetzungen - Railware\" \/>\n<meta property=\"og:url\" content=\"https:\/\/railware.de\/railware-versionen\/technisxhe-voraussetzungen\/\" \/>\n<meta property=\"og:site_name\" content=\"Railware\" \/>\n<meta property=\"article:modified_time\" content=\"2021-10-21T12:58:28+00:00\" \/>\n<meta name=\"twitter:card\" content=\"summary_large_image\" \/>\n<meta name=\"twitter:label1\" content=\"Estimated reading time\" \/>\n\t<meta name=\"twitter:data1\" content=\"1 minute\" \/>\n<script type=\"application\/ld+json\" class=\"yoast-schema-graph\">{\"@context\":\"https:\/\/schema.org\",\"@graph\":[{\"@type\":\"Organization\",\"@id\":\"https:\/\/railware.de\/#organization\",\"name\":\"Railware\",\"url\":\"https:\/\/railware.de\/\",\"sameAs\":[],\"logo\":{\"@type\":\"ImageObject\",\"inLanguage\":\"en-GB\",\"@id\":\"https:\/\/railware.de\/#\/schema\/logo\/image\/\",\"url\":\"https:\/\/railware.de\/wp-content\/uploads\/RailwareMR.jpg\",\"contentUrl\":\"https:\/\/railware.de\/wp-content\/uploads\/RailwareMR.jpg\",\"width\":1116,\"height\":200,\"caption\":\"Railware\"},\"image\":{\"@id\":\"https:\/\/railware.de\/#\/schema\/logo\/image\/\"}},{\"@type\":\"WebSite\",\"@id\":\"https:\/\/railware.de\/#website\",\"url\":\"https:\/\/railware.de\/\",\"name\":\"Railware\",\"description\":\"Sch\u00f6ne neue Welt\",\"publisher\":{\"@id\":\"https:\/\/railware.de\/#organization\"},\"potentialAction\":[{\"@type\":\"SearchAction\",\"target\":{\"@type\":\"EntryPoint\",\"urlTemplate\":\"https:\/\/railware.de\/?s={search_term_string}\"},\"query-input\":\"required name=search_term_string\"}],\"inLanguage\":\"en-GB\"},{\"@type\":\"WebPage\",\"@id\":\"https:\/\/railware.de\/railware-versionen\/technisxhe-voraussetzungen\/\",\"url\":\"https:\/\/railware.de\/railware-versionen\/technisxhe-voraussetzungen\/\",\"name\":\"Technische Voraussetzungen - Railware\",\"isPartOf\":{\"@id\":\"https:\/\/railware.de\/#website\"},\"datePublished\":\"2020-05-21T20:33:14+00:00\",\"dateModified\":\"2021-10-21T12:58:28+00:00\",\"breadcrumb\":{\"@id\":\"https:\/\/railware.de\/railware-versionen\/technisxhe-voraussetzungen\/#breadcrumb\"},\"inLanguage\":\"en-GB\",\"potentialAction\":[{\"@type\":\"ReadAction\",\"target\":[\"https:\/\/railware.de\/railware-versionen\/technisxhe-voraussetzungen\/\"]}]},{\"@type\":\"BreadcrumbList\",\"@id\":\"https:\/\/railware.de\/railware-versionen\/technisxhe-voraussetzungen\/#breadcrumb\",\"itemListElement\":[{\"@type\":\"ListItem\",\"position\":1,\"name\":\"Startseite\",\"item\":\"https:\/\/railware.de\/\"},{\"@type\":\"ListItem\",\"position\":2,\"name\":\"Railware Versionen\",\"item\":\"https:\/\/railware.de\/railware-versionen\/\"},{\"@type\":\"ListItem\",\"position\":3,\"name\":\"Technische Voraussetzungen\"}]}]}<\/script>\n<!-- \/ Yoast SEO plugin. -->","yoast_head_json":{"title":"Technische Voraussetzungen - Railware","robots":{"index":"index","follow":"follow","max-snippet":"max-snippet:-1","max-image-preview":"max-image-preview:large","max-video-preview":"max-video-preview:-1"},"canonical":"https:\/\/railware.de\/railware-versionen\/technisxhe-voraussetzungen\/","og_locale":"en_GB","og_type":"article","og_title":"Technische Voraussetzungen - Railware","og_url":"https:\/\/railware.de\/railware-versionen\/technisxhe-voraussetzungen\/","og_site_name":"Railware","article_modified_time":"2021-10-21T12:58:28+00:00","twitter_card":"summary_large_image","twitter_misc":{"Estimated reading time":"1 minute"},"schema":{"@context":"https:\/\/schema.org","@graph":[{"@type":"Organization","@id":"https:\/\/railware.de\/#organization","name":"Railware","url":"https:\/\/railware.de\/","sameAs":[],"logo":{"@type":"ImageObject","inLanguage":"en-GB","@id":"https:\/\/railware.de\/#\/schema\/logo\/image\/","url":"https:\/\/railware.de\/wp-content\/uploads\/RailwareMR.jpg","contentUrl":"https:\/\/railware.de\/wp-content\/uploads\/RailwareMR.jpg","width":1116,"height":200,"caption":"Railware"},"image":{"@id":"https:\/\/railware.de\/#\/schema\/logo\/image\/"}},{"@type":"WebSite","@id":"https:\/\/railware.de\/#website","url":"https:\/\/railware.de\/","name":"Railware","description":"Sch\u00f6ne neue Welt","publisher":{"@id":"https:\/\/railware.de\/#organization"},"potentialAction":[{"@type":"SearchAction","target":{"@type":"EntryPoint","urlTemplate":"https:\/\/railware.de\/?s={search_term_string}"},"query-input":"required name=search_term_string"}],"inLanguage":"en-GB"},{"@type":"WebPage","@id":"https:\/\/railware.de\/railware-versionen\/technisxhe-voraussetzungen\/","url":"https:\/\/railware.de\/railware-versionen\/technisxhe-voraussetzungen\/","name":"Technische Voraussetzungen - Railware","isPartOf":{"@id":"https:\/\/railware.de\/#website"},"datePublished":"2020-05-21T20:33:14+00:00","dateModified":"2021-10-21T12:58:28+00:00","breadcrumb":{"@id":"https:\/\/railware.de\/railware-versionen\/technisxhe-voraussetzungen\/#breadcrumb"},"inLanguage":"en-GB","potentialAction":[{"@type":"ReadAction","target":["https:\/\/railware.de\/railware-versionen\/technisxhe-voraussetzungen\/"]}]},{"@type":"BreadcrumbList","@id":"https:\/\/railware.de\/railware-versionen\/technisxhe-voraussetzungen\/#breadcrumb","itemListElement":[{"@type":"ListItem","position":1,"name":"Startseite","item":"https:\/\/railware.de\/"},{"@type":"ListItem","position":2,"name":"Railware Versionen","item":"https:\/\/railware.de\/railware-versionen\/"},{"@type":"ListItem","position":3,"name":"Technische Voraussetzungen"}]}]}},"_links":{"self":[{"href":"https:\/\/railware.de\/en\/wp-json\/wp\/v2\/pages\/493"}],"collection":[{"href":"https:\/\/railware.de\/en\/wp-json\/wp\/v2\/pages"}],"about":[{"href":"https:\/\/railware.de\/en\/wp-json\/wp\/v2\/types\/page"}],"author":[{"embeddable":true,"href":"https:\/\/railware.de\/en\/wp-json\/wp\/v2\/users\/3"}],"replies":[{"embeddable":true,"href":"https:\/\/railware.de\/en\/wp-json\/wp\/v2\/comments?post=493"}],"version-history":[{"count":5,"href":"https:\/\/railware.de\/en\/wp-json\/wp\/v2\/pages\/493\/revisions"}],"predecessor-version":[{"id":1926,"href":"https:\/\/railware.de\/en\/wp-json\/wp\/v2\/pages\/493\/revisions\/1926"}],"up":[{"embeddable":true,"href":"https:\/\/railware.de\/en\/wp-json\/wp\/v2\/pages\/1010"}],"wp:attachment":[{"href":"https:\/\/railware.de\/en\/wp-json\/wp\/v2\/media?parent=493"}],"curies":[{"name":"wp","href":"https:\/\/api.w.org\/{rel}","templated":true}]}}