{"id":480,"date":"2020-05-21T22:23:11","date_gmt":"2020-05-21T20:23:11","guid":{"rendered":"https:\/\/railware.de\/neu\/?page_id=480"},"modified":"2021-12-14T14:15:37","modified_gmt":"2021-12-14T13:15:37","slug":"im-netzwerk","status":"publish","type":"page","link":"https:\/\/railware.de\/en\/zuege-fahren\/im-netzwerk\/","title":{"rendered":"Im Netzwerk"},"content":{"rendered":"\n<h2>Im Netzwerk<\/h2>\n\n\n\n<p>Schon 20 Jahre besitzt Railware Gleisbildverkn\u00fcpfungen \u00fcber Netzwerke hinweg. Kein Wunder: der Hauptentwickler und Ideengeber f\u00fcr Railware stammt aus der Datenkommunikation. So gibt es viele praxisnahe und ausgekl\u00fcgelte Funktionen, die den Betrieb gr\u00f6\u00dfter Modellbahnanlagen in Vereinen erm\u00f6glichen. Dabei spielt es keine Rolle, ob viele Benutzer eine Anlage gemeinsam bedienen m\u00f6chten, oder ob alles automatisch und m\u00f6glichst bedienerlos arbeiten soll.<\/p>\n\n\n\n<ul><li>\u00dcbertragen sie R\u00fcckmeldungen, Taster Schaltartikel- und Lokbefehle beliebig im Netzwerk. Nutzen sie unsere DC-Rail und DC-Light Steuerger\u00e4te im Netzwerk.<\/li><li>Richten sie Bedienp\u00e4tze ein, die per Netzwerk gekoppelt sind.<\/li><li>Koppeln sie unsere Produkte Railware, Light@Night und die mobilen Apps untereinander.<\/li><li>Halten sie Konfiguration von Loks und Z\u00fcgen zentral, damit jeder sie verwenden kann.<\/li><li>Versorgen sie alle Ger\u00e4te und PC mit einer einheitlichen Modellbahnzeit.<\/li><li>Synchronisieren sie Licht- und Wettereffekte im Netzwerk.<\/li><\/ul>\n\n\n\n<p class=\"has-text-align-center has-medium-font-size\"><strong>Fahren sie Z\u00fcge zwischen beliebig vielen PC\u2018s und Modellbahnanlagen mit einem oder mehreren Benutzern.<\/strong><\/p>\n\n\n\n<h2>Gro\u00dfes im Sinn<\/h2>\n\n\n\n<p>Mehrere Benutzer k\u00f6nnen einen eigenen Anlagenteil bedienen. Ein als Server konfigurierter Railware PC bedient die Digitalzentrale f\u00fcr die ganze Anlage. Per Netzwerk k\u00f6nnen sich weitere Railware PC zuschalten, die jeweils einen anderen Anlagenteil, wie z. B. einen Bahnhof oder ein Betriebswerk, darstellen und bedienen. Railware stellt alle ben\u00f6tigten Funktionen zur Reservierung von Fahrstra\u00dfen, den Gleisbesetztanzeigen und der Weiterleitung der Zugnamen funktionsbereit zur Verf\u00fcgung.<\/p>\n\n\n\n<p>Sehr viele Railware PC k\u00f6nnen auch mit jeweils eigener Digitalzentrale einen autark laufenden Anlageteil oder ein Modul steuern. Hier k\u00f6nnen Z\u00fcge mit unserem RAILextender per \u00dcbergabegleise frei zwischen den einzelnen autarken Anlagenteilen fahren. Dies kann sowohl verdeckt w\u00e4hrend eines kurzen Aufenthalts in einem Bahnhof geschehen, als auch in voller Fahrt auf freier Strecke. Auf diese Weise l\u00e4sst sich die Systemgrenze jeder bekannten Digitaltechnik \u00fcberwinden.<\/p>\n","protected":false},"excerpt":{"rendered":"<p>Im Netzwerk Schon 20 Jahre besitzt Railware Gleisbildverkn\u00fcpfungen \u00fcber Netzwerke hinweg. Kein Wunder: der Hauptentwickler und Ideengeber f\u00fcr Railware stammt aus der Datenkommunikation. So gibt es viele praxisnahe und ausgekl\u00fcgelte Funktionen, die den Betrieb gr\u00f6\u00dfter Modellbahnanlagen in Vereinen erm\u00f6glichen. Dabei spielt es keine Rolle, ob viele Benutzer eine Anlage gemeinsam bedienen m\u00f6chten, oder ob alles [&hellip;]<\/p>\n","protected":false},"author":3,"featured_media":0,"parent":375,"menu_order":0,"comment_status":"closed","ping_status":"closed","template":"","meta":{"_themeisle_gutenberg_block_has_review":false},"translation":{"provider":"WPGlobus","version":"3.0.0","language":"en","enabled_languages":["de","en"],"languages":{"de":{"title":true,"content":true,"excerpt":false},"en":{"title":false,"content":false,"excerpt":false}}},"yoast_head":"<!-- This site is optimized with the Yoast SEO plugin v19.4 - https:\/\/yoast.com\/wordpress\/plugins\/seo\/ -->\n<title>Im Netzwerk - Railware<\/title>\n<meta name=\"robots\" content=\"index, follow, max-snippet:-1, max-image-preview:large, max-video-preview:-1\" \/>\n<link rel=\"canonical\" href=\"https:\/\/railware.de\/zuege-fahren\/im-netzwerk\/\" \/>\n<meta property=\"og:locale\" content=\"en_GB\" \/>\n<meta property=\"og:type\" content=\"article\" \/>\n<meta property=\"og:title\" content=\"Im Netzwerk - Railware\" \/>\n<meta property=\"og:url\" content=\"https:\/\/railware.de\/zuege-fahren\/im-netzwerk\/\" \/>\n<meta property=\"og:site_name\" content=\"Railware\" \/>\n<meta property=\"article:modified_time\" content=\"2021-12-14T13:15:37+00:00\" \/>\n<meta name=\"twitter:card\" content=\"summary_large_image\" \/>\n<meta name=\"twitter:label1\" content=\"Estimated reading time\" \/>\n\t<meta name=\"twitter:data1\" content=\"2 minutes\" \/>\n<script type=\"application\/ld+json\" class=\"yoast-schema-graph\">{\"@context\":\"https:\/\/schema.org\",\"@graph\":[{\"@type\":\"Organization\",\"@id\":\"https:\/\/railware.de\/#organization\",\"name\":\"Railware\",\"url\":\"https:\/\/railware.de\/\",\"sameAs\":[],\"logo\":{\"@type\":\"ImageObject\",\"inLanguage\":\"en-GB\",\"@id\":\"https:\/\/railware.de\/#\/schema\/logo\/image\/\",\"url\":\"https:\/\/railware.de\/wp-content\/uploads\/RailwareMR.jpg\",\"contentUrl\":\"https:\/\/railware.de\/wp-content\/uploads\/RailwareMR.jpg\",\"width\":1116,\"height\":200,\"caption\":\"Railware\"},\"image\":{\"@id\":\"https:\/\/railware.de\/#\/schema\/logo\/image\/\"}},{\"@type\":\"WebSite\",\"@id\":\"https:\/\/railware.de\/#website\",\"url\":\"https:\/\/railware.de\/\",\"name\":\"Railware\",\"description\":\"Sch\u00f6ne neue Welt\",\"publisher\":{\"@id\":\"https:\/\/railware.de\/#organization\"},\"potentialAction\":[{\"@type\":\"SearchAction\",\"target\":{\"@type\":\"EntryPoint\",\"urlTemplate\":\"https:\/\/railware.de\/?s={search_term_string}\"},\"query-input\":\"required name=search_term_string\"}],\"inLanguage\":\"en-GB\"},{\"@type\":\"WebPage\",\"@id\":\"https:\/\/railware.de\/zuege-fahren\/im-netzwerk\/\",\"url\":\"https:\/\/railware.de\/zuege-fahren\/im-netzwerk\/\",\"name\":\"Im Netzwerk - Railware\",\"isPartOf\":{\"@id\":\"https:\/\/railware.de\/#website\"},\"datePublished\":\"2020-05-21T20:23:11+00:00\",\"dateModified\":\"2021-12-14T13:15:37+00:00\",\"breadcrumb\":{\"@id\":\"https:\/\/railware.de\/zuege-fahren\/im-netzwerk\/#breadcrumb\"},\"inLanguage\":\"en-GB\",\"potentialAction\":[{\"@type\":\"ReadAction\",\"target\":[\"https:\/\/railware.de\/zuege-fahren\/im-netzwerk\/\"]}]},{\"@type\":\"BreadcrumbList\",\"@id\":\"https:\/\/railware.de\/zuege-fahren\/im-netzwerk\/#breadcrumb\",\"itemListElement\":[{\"@type\":\"ListItem\",\"position\":1,\"name\":\"Startseite\",\"item\":\"https:\/\/railware.de\/\"},{\"@type\":\"ListItem\",\"position\":2,\"name\":\"Z\u00fcge fahren\",\"item\":\"https:\/\/railware.de\/zuege-fahren\/\"},{\"@type\":\"ListItem\",\"position\":3,\"name\":\"Im Netzwerk\"}]}]}<\/script>\n<!-- \/ Yoast SEO plugin. -->","yoast_head_json":{"title":"Im Netzwerk - Railware","robots":{"index":"index","follow":"follow","max-snippet":"max-snippet:-1","max-image-preview":"max-image-preview:large","max-video-preview":"max-video-preview:-1"},"canonical":"https:\/\/railware.de\/zuege-fahren\/im-netzwerk\/","og_locale":"en_GB","og_type":"article","og_title":"Im Netzwerk - Railware","og_url":"https:\/\/railware.de\/zuege-fahren\/im-netzwerk\/","og_site_name":"Railware","article_modified_time":"2021-12-14T13:15:37+00:00","twitter_card":"summary_large_image","twitter_misc":{"Estimated reading time":"2 minutes"},"schema":{"@context":"https:\/\/schema.org","@graph":[{"@type":"Organization","@id":"https:\/\/railware.de\/#organization","name":"Railware","url":"https:\/\/railware.de\/","sameAs":[],"logo":{"@type":"ImageObject","inLanguage":"en-GB","@id":"https:\/\/railware.de\/#\/schema\/logo\/image\/","url":"https:\/\/railware.de\/wp-content\/uploads\/RailwareMR.jpg","contentUrl":"https:\/\/railware.de\/wp-content\/uploads\/RailwareMR.jpg","width":1116,"height":200,"caption":"Railware"},"image":{"@id":"https:\/\/railware.de\/#\/schema\/logo\/image\/"}},{"@type":"WebSite","@id":"https:\/\/railware.de\/#website","url":"https:\/\/railware.de\/","name":"Railware","description":"Sch\u00f6ne neue Welt","publisher":{"@id":"https:\/\/railware.de\/#organization"},"potentialAction":[{"@type":"SearchAction","target":{"@type":"EntryPoint","urlTemplate":"https:\/\/railware.de\/?s={search_term_string}"},"query-input":"required name=search_term_string"}],"inLanguage":"en-GB"},{"@type":"WebPage","@id":"https:\/\/railware.de\/zuege-fahren\/im-netzwerk\/","url":"https:\/\/railware.de\/zuege-fahren\/im-netzwerk\/","name":"Im Netzwerk - Railware","isPartOf":{"@id":"https:\/\/railware.de\/#website"},"datePublished":"2020-05-21T20:23:11+00:00","dateModified":"2021-12-14T13:15:37+00:00","breadcrumb":{"@id":"https:\/\/railware.de\/zuege-fahren\/im-netzwerk\/#breadcrumb"},"inLanguage":"en-GB","potentialAction":[{"@type":"ReadAction","target":["https:\/\/railware.de\/zuege-fahren\/im-netzwerk\/"]}]},{"@type":"BreadcrumbList","@id":"https:\/\/railware.de\/zuege-fahren\/im-netzwerk\/#breadcrumb","itemListElement":[{"@type":"ListItem","position":1,"name":"Startseite","item":"https:\/\/railware.de\/"},{"@type":"ListItem","position":2,"name":"Z\u00fcge fahren","item":"https:\/\/railware.de\/zuege-fahren\/"},{"@type":"ListItem","position":3,"name":"Im Netzwerk"}]}]}},"_links":{"self":[{"href":"https:\/\/railware.de\/en\/wp-json\/wp\/v2\/pages\/480"}],"collection":[{"href":"https:\/\/railware.de\/en\/wp-json\/wp\/v2\/pages"}],"about":[{"href":"https:\/\/railware.de\/en\/wp-json\/wp\/v2\/types\/page"}],"author":[{"embeddable":true,"href":"https:\/\/railware.de\/en\/wp-json\/wp\/v2\/users\/3"}],"replies":[{"embeddable":true,"href":"https:\/\/railware.de\/en\/wp-json\/wp\/v2\/comments?post=480"}],"version-history":[{"count":12,"href":"https:\/\/railware.de\/en\/wp-json\/wp\/v2\/pages\/480\/revisions"}],"predecessor-version":[{"id":2561,"href":"https:\/\/railware.de\/en\/wp-json\/wp\/v2\/pages\/480\/revisions\/2561"}],"up":[{"embeddable":true,"href":"https:\/\/railware.de\/en\/wp-json\/wp\/v2\/pages\/375"}],"wp:attachment":[{"href":"https:\/\/railware.de\/en\/wp-json\/wp\/v2\/media?parent=480"}],"curies":[{"name":"wp","href":"https:\/\/api.w.org\/{rel}","templated":true}]}}