{"id":332,"date":"2020-05-21T21:54:09","date_gmt":"2020-05-21T19:54:09","guid":{"rendered":"https:\/\/railware.de\/neu\/?page_id=332"},"modified":"2021-11-20T13:48:25","modified_gmt":"2021-11-20T12:48:25","slug":"downloads","status":"publish","type":"page","link":"https:\/\/railware.de\/en\/downloads\/","title":{"rendered":"Downloads"},"content":{"rendered":"<p><\/p>\n\n\n<p><\/p>\n<h2>Railware 7 Professional<\/h2>\n<p><img loading=\"lazy\" class=\"wp-image-342  alignleft\" src=\"https:\/\/railware.de\/wp-content\/uploads\/BoxRW7.png\" alt=\"\" width=\"181\" height=\"190\"><\/p>\n<p>Dies ist die voll funktionsf\u00e4hige Demoversion von Railware 7.<\/p>\n<p>Sie k\u00f6nnen sie installieren und f\u00fcr einen unbeschr\u00e4nkten Zeitraum testen. Jedoch ist ca. 10 Minuten nach dem Programmstart kein echter Betrieb mit der Anlage mehr m\u00f6glich.<\/p>\n<p><\/p>\n<p><\/p>\n\n\n<p><\/p>\n\n\n<div class=\"wp-block-buttons is-content-justification-center\">\n<div class=\"wp-block-button is-style-fill\"><a class=\"wp-block-button__link\" href=\"https:\/\/railware.de\/downloads\/download-railware\/\" style=\"border-radius:5px\"><strong>Download Railware 7 Professional<\/strong><\/a><\/div>\n<\/div>\n\n\n\n<hr class=\"wp-block-separator has-text-color has-background has-vivid-red-background-color has-vivid-red-color\"\/>\n\n\n<p><\/p>\n\n\n<p><\/p>\n<h2><img loading=\"lazy\" class=\"wp-image-590  alignleft\" src=\"https:\/\/railware.de\/wp-content\/uploads\/BoxRW7Switch.png\" alt=\"\" width=\"179\" height=\"187\">Railware Switch<\/h2>\n<p>Die kostenlose Railware Version bietet die Funktionalit\u00e4t eines elektronischen Stelltisches.<\/p>\n<p><\/p>\n<p><\/p>\n<p><\/p>\n\n\n<p><\/p>\n\n\n<div class=\"wp-block-buttons is-content-justification-center\">\n<div class=\"wp-block-button\"><a class=\"wp-block-button__link\" href=\"https:\/\/railware.de\/downloads\/download-railware-switch\/\" style=\"border-radius:5px\"><strong>Download Railware Switch<\/strong><\/a><\/div>\n<\/div>\n\n\n<p><\/p>\n\n\n<hr class=\"wp-block-separator has-text-color has-background has-vivid-red-background-color has-vivid-red-color\"\/>\n\n\n<p><\/p>\n\n\n<p><\/p>\n<h2><img loading=\"lazy\" class=\"wp-image-547  alignleft\" src=\"https:\/\/railware.de\/wp-content\/uploads\/FrontLN.jpg\" alt=\"\" width=\"157\" height=\"184\" srcset=\"https:\/\/railware.de\/wp-content\/uploads\/FrontLN.jpg 512w, https:\/\/railware.de\/wp-content\/uploads\/FrontLN-256x300.jpg 256w\" sizes=\"(max-width: 157px) 100vw, 157px\" \/>Light@Night 4<\/h2>\n<p>Dies ist eine funktionsf\u00e4hige Demoversion von Light@Night 4.<\/p>\n<p>Sie k\u00f6nnen sie installieren und beliebig testen. Jedoch besitzt sie nur den Schalteffekt &#8220;Blinklicht&#8221; und ist nach Programmstart nur ca. 8 Minuten zu benutzen.<\/p>\n<p><\/p>\n<p><\/p>\n\n\n<p><\/p>\n\n\n<div class=\"wp-block-buttons is-content-justification-center\">\n<div class=\"wp-block-button\"><a class=\"wp-block-button__link\" href=\"https:\/\/railware.de\/downloads\/download-light-at-night-4\/\" style=\"border-radius:5px\">In Vorbereitung: <strong>Download Light@Night 4<\/strong><\/a><\/div>\n<\/div>\n\n\n<p><\/p>\n\n\n<hr class=\"wp-block-separator has-text-color has-background has-vivid-red-background-color has-vivid-red-color\"\/>\n\n\n<p><\/p>\n\n\n<p><\/p>\n<h2><img loading=\"lazy\" class=\"wp-image-549  alignleft\" src=\"https:\/\/railware.de\/wp-content\/uploads\/LN-Easy.png\" alt=\"\" width=\"155\" height=\"235\" srcset=\"https:\/\/railware.de\/wp-content\/uploads\/LN-Easy.png 419w, https:\/\/railware.de\/wp-content\/uploads\/LN-Easy-198x300.png 198w\" sizes=\"(max-width: 155px) 100vw, 155px\" \/>Light@Night Easy Konfigurator<\/h2>\n<p>Konfigurationstool f\u00fcr Light@Night Easy. Erlaubt verschiedene Anpassungen wie Helligkeiten und Farbt\u00f6ne. Au\u00dferdem feste Adressen bei einigen Effekten und Stra\u00dfenlaternen f\u00fcr Krippen, Architektur und Dioramen.<\/p>\n<p><\/p>\n<p><\/p>\n\n\n<p><\/p>\n\n\n<div class=\"wp-block-buttons is-content-justification-center\">\n<div class=\"wp-block-button\"><a class=\"wp-block-button__link\" href=\"https:\/\/railware.de\/downloads\/download-ln-easy-konfigurator\/\" style=\"border-radius:5px\"><strong>Download Light@Night Easy Konfigurator<\/strong><\/a><\/div>\n<\/div>\n\n\n<p><\/p>\n\n\n<hr class=\"wp-block-separator has-text-color has-background has-vivid-red-background-color has-vivid-red-color\"\/>\n\n\n\n<p><\/p>\n<h2><img loading=\"lazy\" class=\"wp-image-550  alignleft\" src=\"https:\/\/railware.de\/wp-content\/uploads\/IP-Programmer.jpg\" alt=\"\" width=\"289\" height=\"218\" srcset=\"https:\/\/railware.de\/wp-content\/uploads\/IP-Programmer.jpg 751w, https:\/\/railware.de\/wp-content\/uploads\/IP-Programmer-300x226.jpg 300w\" sizes=\"(max-width: 289px) 100vw, 289px\" \/><\/h2>\n<h2>IP-Programmer<\/h2>\n<p>Das Programm zum Programmieren aller Einstellungen der Railware basierten Hardwarebausteine wie Light-LAN, RAILextender, Generator, DC-Rail und weitere. Version 2.7 vom 15.10.2021.<\/p>\n<p><\/p>\n\n\n<p><\/p>\n\n\n<div class=\"wp-block-buttons is-content-justification-center\">\n<div class=\"wp-block-button\"><a class=\"wp-block-button__link\" href=\"https:\/\/railware.de\/downloads\/download-ip-programmer\/\" style=\"border-radius:5px\"><strong>Download IP-Programmer<\/strong><\/a><\/div>\n<\/div>\n\n\n<p><\/p>\n\n\n<hr class=\"wp-block-separator has-text-color has-background has-vivid-red-background-color has-vivid-red-color\"\/>\n\n\n<p><\/p>\n\n\n<p><\/p>\n<h2><img loading=\"lazy\" class=\"wp-image-552  alignleft\" src=\"https:\/\/railware.de\/wp-content\/uploads\/ScreenRFSensor.png\" alt=\"\" width=\"271\" height=\"82\" srcset=\"https:\/\/railware.de\/wp-content\/uploads\/ScreenRFSensor.png 347w, https:\/\/railware.de\/wp-content\/uploads\/ScreenRFSensor-300x91.png 300w\" sizes=\"(max-width: 271px) 100vw, 271px\" \/><\/h2>\n<h2>&nbsp;<\/h2>\n<h2>RF-Monitor<\/h2>\n<p>Monitor f\u00fcr den RF-Sensor. Wird normalerweise innerhalb von Railware aktualisiert. Aktuelle Version (1.0 vom 1.9.2013).<\/p>\n<p><\/p>\n\n\n<p><\/p>\n\n\n<div class=\"wp-block-buttons is-content-justification-center\">\n<div class=\"wp-block-button\"><a class=\"wp-block-button__link\" href=\"https:\/\/railware.de\/downloads\/download-rf-monitor\/\" style=\"border-radius:5px\"><strong>Download RF-Monitor<\/strong><\/a><\/div>\n<\/div>\n\n\n<p><\/p>\n\n\n<hr class=\"wp-block-separator has-text-color has-background has-vivid-red-background-color has-vivid-red-color\"\/>\n\n\n<p><\/p>\n\n\n<p><\/p>\n<h2><img loading=\"lazy\" class=\"wp-image-554  alignleft\" src=\"https:\/\/railware.de\/wp-content\/uploads\/ScreenKran.png\" alt=\"\" width=\"310\" height=\"130\" srcset=\"https:\/\/railware.de\/wp-content\/uploads\/ScreenKran.png 606w, https:\/\/railware.de\/wp-content\/uploads\/ScreenKran-300x126.png 300w\" sizes=\"(max-width: 310px) 100vw, 310px\" \/><\/h2>\n<h2>Kransteuerung<\/h2>\n<p>Steuert verschiedene Portal- und Eisenbahnkr\u00e4ne. Optionale Steuerung mit Joystick oder Makroroaufzeichnung.<\/p>\n<p><\/p>\n\n\n<p><\/p>\n\n\n<div class=\"wp-block-buttons is-content-justification-center\">\n<div class=\"wp-block-button\"><a class=\"wp-block-button__link\" href=\"https:\/\/railware.de\/downloads\/download-kransteuerung\/\" style=\"border-radius:5px\"><strong>Download Kransteuerung<\/strong><\/a><\/div>\n<\/div>\n\n\n<p><\/p>\n\n\n<hr class=\"wp-block-separator has-text-color has-background has-vivid-red-background-color has-vivid-red-color\"\/>\n\n\n<p><\/p>\n\n\n<p><\/p>\n<h2><img loading=\"lazy\" class=\"wp-image-553  alignleft\" src=\"https:\/\/railware.de\/wp-content\/uploads\/ScreenRailSound.png\" alt=\"\" width=\"292\" height=\"153\" srcset=\"https:\/\/railware.de\/wp-content\/uploads\/ScreenRailSound.png 538w, https:\/\/railware.de\/wp-content\/uploads\/ScreenRailSound-300x157.png 300w\" sizes=\"(max-width: 292px) 100vw, 292px\" \/><\/h2>\n<h2>RAILsound 4 free<\/h2>\n<p>Ein realistischer Dampfloksound wie er auch in Railware integriert ist, zur freien Verwendung.<\/p>\n<p><\/p>\n\n\n<p><\/p>\n\n\n<div class=\"wp-block-buttons is-content-justification-center\">\n<div class=\"wp-block-button\"><a class=\"wp-block-button__link\" href=\"https:\/\/railware.de\/downloads\/download-railsound-4-free\/\" style=\"border-radius:5px\"><strong>Download RAILsound 4 free<\/strong><\/a><\/div>\n<\/div>\n\n\n<p><\/p>\n\n\n<hr class=\"wp-block-separator has-text-color has-background has-vivid-red-background-color has-vivid-red-color\"\/>\n\n\n<p><\/p>\n\n\n<p><\/p>\n<h2><img loading=\"lazy\" class=\"wp-image-551  alignleft\" src=\"https:\/\/railware.de\/wp-content\/uploads\/ScreenGrafPlan.png\" alt=\"\" width=\"268\" height=\"239\" srcset=\"https:\/\/railware.de\/wp-content\/uploads\/ScreenGrafPlan.png 804w, https:\/\/railware.de\/wp-content\/uploads\/ScreenGrafPlan-300x268.png 300w, https:\/\/railware.de\/wp-content\/uploads\/ScreenGrafPlan-768x686.png 768w\" sizes=\"(max-width: 268px) 100vw, 268px\" \/><\/h2>\n<h2>Grafischer Fahrplan<\/h2>\n<p>Erstellen Sie grafische Fahrpl\u00e4ne und drucken Aushangfahrpl\u00e4ne f\u00fcr Bahnh\u00f6fe. Infoseite: [ Grafischer Fahrplan ] Hier finden Sie das [ Handbuch Grafischer Fahrplan ] Beachten Sie die [ Lizenzvereinbarung f\u00fcr kostenlose Software ]<\/p>\n<p><\/p>\n<p><\/p>\n\n\n\n<div class=\"wp-block-buttons is-content-justification-center\">\n<div class=\"wp-block-button\"><a class=\"wp-block-button__link\" href=\"https:\/\/railware.de\/downloads\/download-grafischer-fahrplan\/\" style=\"border-radius:5px\"><strong>Download Grafischer Fahrplan<\/strong><\/a><\/div>\n<\/div>\n\n\n\n<hr class=\"wp-block-separator has-text-color has-background has-vivid-red-background-color has-vivid-red-color\"\/>\n\n\n\n\n\n<h2>Switch<\/h2>\n<p><img loading=\"lazy\" src=\"https:\/\/railware.de\/wp-content\/uploads\/ScreenSwitch.png\" alt=\"\" class=\"wp-image-548 alignleft\" width=\"212\" height=\"181\" srcset=\"https:\/\/railware.de\/wp-content\/uploads\/ScreenSwitch.png 462w, https:\/\/railware.de\/wp-content\/uploads\/ScreenSwitch-300x256.png 300w\" sizes=\"(max-width: 212px) 100vw, 212px\" \/>Damit finden Sie schnell die Zuordnungen zwischen Adressen und DIP- Schalter \u00e4lterer M\u00e4rklin Decoder.<\/p>\n<p><\/p>\n\n\n\n<div class=\"wp-block-buttons is-content-justification-center\">\n<div class=\"wp-block-button\"><a class=\"wp-block-button__link\" href=\"https:\/\/railware.de\/downloads\/download-switch\/\" style=\"border-radius:5px\"><strong>Download Switch<\/strong><\/a><\/div>\n<\/div>\n","protected":false},"excerpt":{"rendered":"<p>Railware 7 Professional Dies ist die voll funktionsf\u00e4hige Demoversion von Railware 7. Sie k\u00f6nnen sie installieren und f\u00fcr einen unbeschr\u00e4nkten Zeitraum testen. Jedoch ist ca. 10 Minuten nach dem Programmstart kein echter Betrieb mit der Anlage mehr m\u00f6glich. Railware Switch Die kostenlose Railware Version bietet die Funktionalit\u00e4t eines elektronischen Stelltisches. Light@Night 4 Dies ist eine [&hellip;]<\/p>\n","protected":false},"author":3,"featured_media":0,"parent":0,"menu_order":0,"comment_status":"closed","ping_status":"closed","template":"","meta":{"_themeisle_gutenberg_block_has_review":false},"translation":{"provider":"WPGlobus","version":"3.0.0","language":"en","enabled_languages":["de","en"],"languages":{"de":{"title":true,"content":true,"excerpt":false},"en":{"title":false,"content":false,"excerpt":false}}},"yoast_head":"<!-- This site is optimized with the Yoast SEO plugin v19.4 - https:\/\/yoast.com\/wordpress\/plugins\/seo\/ -->\n<title>Downloads - Railware<\/title>\n<meta name=\"robots\" content=\"index, follow, max-snippet:-1, max-image-preview:large, max-video-preview:-1\" \/>\n<link rel=\"canonical\" href=\"https:\/\/railware.de\/downloads\/\" \/>\n<meta property=\"og:locale\" content=\"en_GB\" \/>\n<meta property=\"og:type\" content=\"article\" \/>\n<meta property=\"og:title\" content=\"Downloads - Railware\" \/>\n<meta property=\"og:url\" content=\"https:\/\/railware.de\/downloads\/\" \/>\n<meta property=\"og:site_name\" content=\"Railware\" \/>\n<meta property=\"article:modified_time\" content=\"2021-11-20T12:48:25+00:00\" \/>\n<meta property=\"og:image\" content=\"https:\/\/railware.de\/wp-content\/uploads\/BoxRW7.png\" \/>\n<meta name=\"twitter:card\" content=\"summary_large_image\" \/>\n<meta name=\"twitter:label1\" content=\"Estimated reading time\" \/>\n\t<meta name=\"twitter:data1\" content=\"4 minutes\" \/>\n<script type=\"application\/ld+json\" class=\"yoast-schema-graph\">{\"@context\":\"https:\/\/schema.org\",\"@graph\":[{\"@type\":\"Organization\",\"@id\":\"https:\/\/railware.de\/#organization\",\"name\":\"Railware\",\"url\":\"https:\/\/railware.de\/\",\"sameAs\":[],\"logo\":{\"@type\":\"ImageObject\",\"inLanguage\":\"en-GB\",\"@id\":\"https:\/\/railware.de\/#\/schema\/logo\/image\/\",\"url\":\"https:\/\/railware.de\/wp-content\/uploads\/RailwareMR.jpg\",\"contentUrl\":\"https:\/\/railware.de\/wp-content\/uploads\/RailwareMR.jpg\",\"width\":1116,\"height\":200,\"caption\":\"Railware\"},\"image\":{\"@id\":\"https:\/\/railware.de\/#\/schema\/logo\/image\/\"}},{\"@type\":\"WebSite\",\"@id\":\"https:\/\/railware.de\/#website\",\"url\":\"https:\/\/railware.de\/\",\"name\":\"Railware\",\"description\":\"Sch\u00f6ne neue Welt\",\"publisher\":{\"@id\":\"https:\/\/railware.de\/#organization\"},\"potentialAction\":[{\"@type\":\"SearchAction\",\"target\":{\"@type\":\"EntryPoint\",\"urlTemplate\":\"https:\/\/railware.de\/?s={search_term_string}\"},\"query-input\":\"required name=search_term_string\"}],\"inLanguage\":\"en-GB\"},{\"@type\":\"WebPage\",\"@id\":\"https:\/\/railware.de\/downloads\/\",\"url\":\"https:\/\/railware.de\/downloads\/\",\"name\":\"Downloads - Railware\",\"isPartOf\":{\"@id\":\"https:\/\/railware.de\/#website\"},\"datePublished\":\"2020-05-21T19:54:09+00:00\",\"dateModified\":\"2021-11-20T12:48:25+00:00\",\"breadcrumb\":{\"@id\":\"https:\/\/railware.de\/downloads\/#breadcrumb\"},\"inLanguage\":\"en-GB\",\"potentialAction\":[{\"@type\":\"ReadAction\",\"target\":[\"https:\/\/railware.de\/downloads\/\"]}]},{\"@type\":\"BreadcrumbList\",\"@id\":\"https:\/\/railware.de\/downloads\/#breadcrumb\",\"itemListElement\":[{\"@type\":\"ListItem\",\"position\":1,\"name\":\"Startseite\",\"item\":\"https:\/\/railware.de\/\"},{\"@type\":\"ListItem\",\"position\":2,\"name\":\"Downloads\"}]}]}<\/script>\n<!-- \/ Yoast SEO plugin. -->","yoast_head_json":{"title":"Downloads - Railware","robots":{"index":"index","follow":"follow","max-snippet":"max-snippet:-1","max-image-preview":"max-image-preview:large","max-video-preview":"max-video-preview:-1"},"canonical":"https:\/\/railware.de\/downloads\/","og_locale":"en_GB","og_type":"article","og_title":"Downloads - Railware","og_url":"https:\/\/railware.de\/downloads\/","og_site_name":"Railware","article_modified_time":"2021-11-20T12:48:25+00:00","og_image":[{"url":"https:\/\/railware.de\/wp-content\/uploads\/BoxRW7.png"}],"twitter_card":"summary_large_image","twitter_misc":{"Estimated reading time":"4 minutes"},"schema":{"@context":"https:\/\/schema.org","@graph":[{"@type":"Organization","@id":"https:\/\/railware.de\/#organization","name":"Railware","url":"https:\/\/railware.de\/","sameAs":[],"logo":{"@type":"ImageObject","inLanguage":"en-GB","@id":"https:\/\/railware.de\/#\/schema\/logo\/image\/","url":"https:\/\/railware.de\/wp-content\/uploads\/RailwareMR.jpg","contentUrl":"https:\/\/railware.de\/wp-content\/uploads\/RailwareMR.jpg","width":1116,"height":200,"caption":"Railware"},"image":{"@id":"https:\/\/railware.de\/#\/schema\/logo\/image\/"}},{"@type":"WebSite","@id":"https:\/\/railware.de\/#website","url":"https:\/\/railware.de\/","name":"Railware","description":"Sch\u00f6ne neue Welt","publisher":{"@id":"https:\/\/railware.de\/#organization"},"potentialAction":[{"@type":"SearchAction","target":{"@type":"EntryPoint","urlTemplate":"https:\/\/railware.de\/?s={search_term_string}"},"query-input":"required name=search_term_string"}],"inLanguage":"en-GB"},{"@type":"WebPage","@id":"https:\/\/railware.de\/downloads\/","url":"https:\/\/railware.de\/downloads\/","name":"Downloads - Railware","isPartOf":{"@id":"https:\/\/railware.de\/#website"},"datePublished":"2020-05-21T19:54:09+00:00","dateModified":"2021-11-20T12:48:25+00:00","breadcrumb":{"@id":"https:\/\/railware.de\/downloads\/#breadcrumb"},"inLanguage":"en-GB","potentialAction":[{"@type":"ReadAction","target":["https:\/\/railware.de\/downloads\/"]}]},{"@type":"BreadcrumbList","@id":"https:\/\/railware.de\/downloads\/#breadcrumb","itemListElement":[{"@type":"ListItem","position":1,"name":"Startseite","item":"https:\/\/railware.de\/"},{"@type":"ListItem","position":2,"name":"Downloads"}]}]}},"_links":{"self":[{"href":"https:\/\/railware.de\/en\/wp-json\/wp\/v2\/pages\/332"}],"collection":[{"href":"https:\/\/railware.de\/en\/wp-json\/wp\/v2\/pages"}],"about":[{"href":"https:\/\/railware.de\/en\/wp-json\/wp\/v2\/types\/page"}],"author":[{"embeddable":true,"href":"https:\/\/railware.de\/en\/wp-json\/wp\/v2\/users\/3"}],"replies":[{"embeddable":true,"href":"https:\/\/railware.de\/en\/wp-json\/wp\/v2\/comments?post=332"}],"version-history":[{"count":58,"href":"https:\/\/railware.de\/en\/wp-json\/wp\/v2\/pages\/332\/revisions"}],"predecessor-version":[{"id":2428,"href":"https:\/\/railware.de\/en\/wp-json\/wp\/v2\/pages\/332\/revisions\/2428"}],"wp:attachment":[{"href":"https:\/\/railware.de\/en\/wp-json\/wp\/v2\/media?parent=332"}],"curies":[{"name":"wp","href":"https:\/\/api.w.org\/{rel}","templated":true}]}}