{"id":2536,"date":"2021-12-14T12:59:20","date_gmt":"2021-12-14T11:59:20","guid":{"rendered":"https:\/\/railware.de\/?page_id=2536"},"modified":"2021-12-14T12:59:20","modified_gmt":"2021-12-14T11:59:20","slug":"technische-daten-s88-controller","status":"publish","type":"page","link":"https:\/\/railware.de\/en\/technische-daten-s88-controller\/","title":{"rendered":"Technische Daten S88-Controller"},"content":{"rendered":"\n<p>F\u00fcr alle Arten von S88 Bausteinen geeignet.<\/p>\n\n\n\n<ul><li>Drei getrennte s88-N Bussysteme f\u00fcr maximal 66 R\u00fcckmeldebausteine aller Hersteller<\/li><li>\u00dcbertragung einzelner R\u00fcckmelder statt 16er Gruppen<\/li><li>Virtuelle Adress- und Eingangsvergabe<\/li><li>Unabh\u00e4ngig von Hersteller, Bausteintyp und Eing\u00e4ngen<\/li><li>Pr\u00e4zises Timing des Bussystems von &#8220;St\u00f6rsicher&#8221; bis &#8220;Superschnell\u201c<\/li><li>Einschaltverz\u00f6gerung f\u00fcr alle Eing\u00e4nge blendet St\u00f6rungen aus<\/li><li>Einstellbare Ausschaltverz\u00f6gerung f\u00fcr alle S88 Eing\u00e4nge<\/li><li>Optionale Auswertung der DC-Rail S88+ Informationen<\/li><li>Netzwerkanschluss f\u00fcr PCs, Tablets und Smartphone<\/li><li>Galvanische Trennung<\/li><li>Keine Treiber n\u00f6tig<\/li><li>Bis zu 8 Netzwerk-Verbindungen gleichzeitig<\/li><li>Unterst\u00fctzt S88 Bausteine aller Hersteller mit 5 Volt Spannung<\/li><li>3 dimmbare LED zur Status- und Betriebsanzeige pro Bus<\/li><li>1 RGB LED f\u00fcr Betriebsanzeigen des Ger\u00e4tes<\/li><li>Schnellkonfiguration mit IP-Programmer<\/li><li>Updates per PC oder Smartphone<\/li><li>Schaltnetzteil wird mitgeliefert<\/li><li>Fertigung in Industriequalit\u00e4t<\/li><\/ul>\n\n\n\n<p><\/p>\n","protected":false},"excerpt":{"rendered":"<p>F\u00fcr alle Arten von S88 Bausteinen geeignet. Drei getrennte s88-N Bussysteme f\u00fcr maximal 66 R\u00fcckmeldebausteine aller Hersteller \u00dcbertragung einzelner R\u00fcckmelder statt 16er Gruppen Virtuelle Adress- und Eingangsvergabe Unabh\u00e4ngig von Hersteller, Bausteintyp und Eing\u00e4ngen Pr\u00e4zises Timing des Bussystems von &#8220;St\u00f6rsicher&#8221; bis &#8220;Superschnell\u201c Einschaltverz\u00f6gerung f\u00fcr alle Eing\u00e4nge blendet St\u00f6rungen aus Einstellbare Ausschaltverz\u00f6gerung f\u00fcr alle S88 Eing\u00e4nge Optionale [&hellip;]<\/p>\n","protected":false},"author":3,"featured_media":0,"parent":0,"menu_order":0,"comment_status":"closed","ping_status":"closed","template":"","meta":{"_themeisle_gutenberg_block_has_review":false},"translation":{"provider":"WPGlobus","version":"3.0.0","language":"en","enabled_languages":["de","en"],"languages":{"de":{"title":true,"content":true,"excerpt":false},"en":{"title":false,"content":false,"excerpt":false}}},"yoast_head":"<!-- This site is optimized with the Yoast SEO plugin v19.4 - https:\/\/yoast.com\/wordpress\/plugins\/seo\/ -->\n<title>Technische Daten S88-Controller - Railware<\/title>\n<meta name=\"robots\" content=\"index, follow, max-snippet:-1, max-image-preview:large, max-video-preview:-1\" \/>\n<link rel=\"canonical\" href=\"https:\/\/railware.de\/technische-daten-s88-controller\/\" \/>\n<meta property=\"og:locale\" content=\"en_GB\" \/>\n<meta property=\"og:type\" content=\"article\" \/>\n<meta property=\"og:title\" content=\"Technische Daten S88-Controller - Railware\" \/>\n<meta property=\"og:url\" content=\"https:\/\/railware.de\/technische-daten-s88-controller\/\" \/>\n<meta property=\"og:site_name\" content=\"Railware\" \/>\n<meta name=\"twitter:card\" content=\"summary_large_image\" \/>\n<meta name=\"twitter:label1\" content=\"Estimated reading time\" \/>\n\t<meta name=\"twitter:data1\" content=\"1 minute\" \/>\n<script type=\"application\/ld+json\" class=\"yoast-schema-graph\">{\"@context\":\"https:\/\/schema.org\",\"@graph\":[{\"@type\":\"Organization\",\"@id\":\"https:\/\/railware.de\/#organization\",\"name\":\"Railware\",\"url\":\"https:\/\/railware.de\/\",\"sameAs\":[],\"logo\":{\"@type\":\"ImageObject\",\"inLanguage\":\"en-GB\",\"@id\":\"https:\/\/railware.de\/#\/schema\/logo\/image\/\",\"url\":\"https:\/\/railware.de\/wp-content\/uploads\/RailwareMR.jpg\",\"contentUrl\":\"https:\/\/railware.de\/wp-content\/uploads\/RailwareMR.jpg\",\"width\":1116,\"height\":200,\"caption\":\"Railware\"},\"image\":{\"@id\":\"https:\/\/railware.de\/#\/schema\/logo\/image\/\"}},{\"@type\":\"WebSite\",\"@id\":\"https:\/\/railware.de\/#website\",\"url\":\"https:\/\/railware.de\/\",\"name\":\"Railware\",\"description\":\"Sch\u00f6ne neue Welt\",\"publisher\":{\"@id\":\"https:\/\/railware.de\/#organization\"},\"potentialAction\":[{\"@type\":\"SearchAction\",\"target\":{\"@type\":\"EntryPoint\",\"urlTemplate\":\"https:\/\/railware.de\/?s={search_term_string}\"},\"query-input\":\"required name=search_term_string\"}],\"inLanguage\":\"en-GB\"},{\"@type\":\"WebPage\",\"@id\":\"https:\/\/railware.de\/technische-daten-s88-controller\/\",\"url\":\"https:\/\/railware.de\/technische-daten-s88-controller\/\",\"name\":\"Technische Daten S88-Controller - Railware\",\"isPartOf\":{\"@id\":\"https:\/\/railware.de\/#website\"},\"datePublished\":\"2021-12-14T11:59:20+00:00\",\"dateModified\":\"2021-12-14T11:59:20+00:00\",\"breadcrumb\":{\"@id\":\"https:\/\/railware.de\/technische-daten-s88-controller\/#breadcrumb\"},\"inLanguage\":\"en-GB\",\"potentialAction\":[{\"@type\":\"ReadAction\",\"target\":[\"https:\/\/railware.de\/technische-daten-s88-controller\/\"]}]},{\"@type\":\"BreadcrumbList\",\"@id\":\"https:\/\/railware.de\/technische-daten-s88-controller\/#breadcrumb\",\"itemListElement\":[{\"@type\":\"ListItem\",\"position\":1,\"name\":\"Startseite\",\"item\":\"https:\/\/railware.de\/\"},{\"@type\":\"ListItem\",\"position\":2,\"name\":\"Technische Daten S88-Controller\"}]}]}<\/script>\n<!-- \/ Yoast SEO plugin. -->","yoast_head_json":{"title":"Technische Daten S88-Controller - Railware","robots":{"index":"index","follow":"follow","max-snippet":"max-snippet:-1","max-image-preview":"max-image-preview:large","max-video-preview":"max-video-preview:-1"},"canonical":"https:\/\/railware.de\/technische-daten-s88-controller\/","og_locale":"en_GB","og_type":"article","og_title":"Technische Daten S88-Controller - Railware","og_url":"https:\/\/railware.de\/technische-daten-s88-controller\/","og_site_name":"Railware","twitter_card":"summary_large_image","twitter_misc":{"Estimated reading time":"1 minute"},"schema":{"@context":"https:\/\/schema.org","@graph":[{"@type":"Organization","@id":"https:\/\/railware.de\/#organization","name":"Railware","url":"https:\/\/railware.de\/","sameAs":[],"logo":{"@type":"ImageObject","inLanguage":"en-GB","@id":"https:\/\/railware.de\/#\/schema\/logo\/image\/","url":"https:\/\/railware.de\/wp-content\/uploads\/RailwareMR.jpg","contentUrl":"https:\/\/railware.de\/wp-content\/uploads\/RailwareMR.jpg","width":1116,"height":200,"caption":"Railware"},"image":{"@id":"https:\/\/railware.de\/#\/schema\/logo\/image\/"}},{"@type":"WebSite","@id":"https:\/\/railware.de\/#website","url":"https:\/\/railware.de\/","name":"Railware","description":"Sch\u00f6ne neue Welt","publisher":{"@id":"https:\/\/railware.de\/#organization"},"potentialAction":[{"@type":"SearchAction","target":{"@type":"EntryPoint","urlTemplate":"https:\/\/railware.de\/?s={search_term_string}"},"query-input":"required name=search_term_string"}],"inLanguage":"en-GB"},{"@type":"WebPage","@id":"https:\/\/railware.de\/technische-daten-s88-controller\/","url":"https:\/\/railware.de\/technische-daten-s88-controller\/","name":"Technische Daten S88-Controller - Railware","isPartOf":{"@id":"https:\/\/railware.de\/#website"},"datePublished":"2021-12-14T11:59:20+00:00","dateModified":"2021-12-14T11:59:20+00:00","breadcrumb":{"@id":"https:\/\/railware.de\/technische-daten-s88-controller\/#breadcrumb"},"inLanguage":"en-GB","potentialAction":[{"@type":"ReadAction","target":["https:\/\/railware.de\/technische-daten-s88-controller\/"]}]},{"@type":"BreadcrumbList","@id":"https:\/\/railware.de\/technische-daten-s88-controller\/#breadcrumb","itemListElement":[{"@type":"ListItem","position":1,"name":"Startseite","item":"https:\/\/railware.de\/"},{"@type":"ListItem","position":2,"name":"Technische Daten S88-Controller"}]}]}},"_links":{"self":[{"href":"https:\/\/railware.de\/en\/wp-json\/wp\/v2\/pages\/2536"}],"collection":[{"href":"https:\/\/railware.de\/en\/wp-json\/wp\/v2\/pages"}],"about":[{"href":"https:\/\/railware.de\/en\/wp-json\/wp\/v2\/types\/page"}],"author":[{"embeddable":true,"href":"https:\/\/railware.de\/en\/wp-json\/wp\/v2\/users\/3"}],"replies":[{"embeddable":true,"href":"https:\/\/railware.de\/en\/wp-json\/wp\/v2\/comments?post=2536"}],"version-history":[{"count":1,"href":"https:\/\/railware.de\/en\/wp-json\/wp\/v2\/pages\/2536\/revisions"}],"predecessor-version":[{"id":2537,"href":"https:\/\/railware.de\/en\/wp-json\/wp\/v2\/pages\/2536\/revisions\/2537"}],"wp:attachment":[{"href":"https:\/\/railware.de\/en\/wp-json\/wp\/v2\/media?parent=2536"}],"curies":[{"name":"wp","href":"https:\/\/api.w.org\/{rel}","templated":true}]}}