{"id":248,"date":"2021-12-06T13:35:00","date_gmt":"2021-12-06T12:35:00","guid":{"rendered":"https:\/\/railware.de\/neu\/?page_id=248"},"modified":"2021-12-06T22:24:05","modified_gmt":"2021-12-06T21:24:05","slug":"dc-light-classic-master","status":"publish","type":"page","link":"https:\/\/railware.de\/en\/digitale-technik\/dc-light-classic-master\/","title":{"rendered":"DC-Light Classic Master"},"content":{"rendered":"\n<h2>Classic Master<\/h2>\n\n\n\n<p>Dieses Ger\u00e4t ist ein hochwertiger Ersatz f\u00fcr das Light-LAN Interface und implementiert einige neue Funktionen, die im bisherigen Light-LAN Interface nicht enthalten sind. So kann die Anzahl der angeschlossenen Display-Module unabh\u00e4ngig vom Typ bis zu 400 Ausg\u00e4nge betragen. Und ein Teil der Effekte wird schneller ausgef\u00fchrt, weil die Elektronik leistungsf\u00e4higer ist.<\/p>\n\n\n\n<div class=\"wp-block-image\"><figure class=\"aligncenter size-large is-resized\"><img loading=\"lazy\" src=\"https:\/\/railware.de\/wp-content\/uploads\/P4250691_01-1024x595.jpg\" alt=\"\" class=\"wp-image-1114\" width=\"536\" height=\"312\" srcset=\"https:\/\/railware.de\/wp-content\/uploads\/P4250691_01-1024x595.jpg 1024w, https:\/\/railware.de\/wp-content\/uploads\/P4250691_01-300x174.jpg 300w, https:\/\/railware.de\/wp-content\/uploads\/P4250691_01-768x446.jpg 768w, https:\/\/railware.de\/wp-content\/uploads\/P4250691_01.jpg 1500w\" sizes=\"(max-width: 536px) 100vw, 536px\" \/><figcaption>Prinzipfoto<\/figcaption><\/figure><\/div>\n\n\n\n<p>Das Ger\u00e4t arbeitet sowohl mit den Display-Modulen von LDT als auch mit unseren Display-16 Modulen zusammen. RJ45-Buskabel und Verwendung sind kompatibel.<\/p>\n\n\n\n<p>F\u00fcr die Raumlichtsteuerung gibt es ein DMX-512 Interface. Dabei handelt es sich um einen in der Veranstaltungstechnik \u00fcbliches System. Von vielen wird es auch Theaterbus genannt. Jedes DMX-f\u00e4hige Ger\u00e4t kann angesteuert werden. Wir empfehlen, wie auch bei Profis \u00fcblich, eine praktische Begrenzung auf 127 Kanale.<\/p>\n\n\n\n<div class=\"wp-block-image\"><figure class=\"aligncenter size-full\"><img src=\"https:\/\/railware.de\/wp-content\/uploads\/DC-Light-Diverses.svg\" alt=\"\" class=\"wp-image-2464\"\/><\/figure><\/div>\n\n\n\n<div class=\"wp-block-image\"><figure class=\"aligncenter size-full\"><img src=\"https:\/\/railware.de\/wp-content\/uploads\/DC-Light-Bussysteme-Classic.svg\" alt=\"\" class=\"wp-image-2466\"\/><\/figure><\/div>\n\n\n\n<p>Ab Light@Night Version 5 arbeitet der Classic Master perfekt mit der Software zusammen. Auch die Zentraluhr XL verwendet den Classic Master.<\/p>\n\n\n\n<p>Light@Night 4 oder bei Verwendung fremder Software die nur das Light-LAN Interface unterst\u00fctzt, wurden die dort gebr\u00e4uchlichen Befehle ebenfalls implementiert.<\/p>\n\n\n\n<div class=\"wp-block-buttons is-content-justification-right\">\n<div class=\"wp-block-button\"><a class=\"wp-block-button__link\" href=\"https:\/\/railware.de\/light-at-night\/light-at-night-software\/\" style=\"border-radius:5px\"><strong>Light@Night Software<\/strong> &gt;&gt;<\/a><\/div>\n\n\n\n<div class=\"wp-block-button\"><a class=\"wp-block-button__link\" style=\"border-radius:5px\">Shop: <strong>Classic Master<\/strong><\/a><\/div>\n\n\n\n<div class=\"wp-block-button\"><a class=\"wp-block-button__link\" href=\"https:\/\/railware.de\/dc-light-display-16\/\" style=\"border-radius:5px\"><strong>Display 16lite<\/strong> &gt;&gt;<\/a><\/div>\n\n\n\n<div class=\"wp-block-button\"><a class=\"wp-block-button__link\" href=\"https:\/\/railware.de\/light-at-night\/hardware-von-ldt\/\" style=\"border-radius:5px\"><strong>LDT Display Module<\/strong> &gt;&gt;<\/a><\/div>\n<\/div>\n\n\n\n<p>  <\/p>\n\n\n\n<h2>Screenshots Light@Night<\/h2>\n\n\n\n<div class=\"wp-block-image\"><figure class=\"aligncenter size-full is-resized\"><img loading=\"lazy\" src=\"https:\/\/railware.de\/wp-content\/uploads\/LN4-LDT-Combo.png\" alt=\"\" class=\"wp-image-2463\" width=\"1046\" height=\"497\" srcset=\"https:\/\/railware.de\/wp-content\/uploads\/LN4-LDT-Combo.png 1295w, https:\/\/railware.de\/wp-content\/uploads\/LN4-LDT-Combo-700x333.png 700w, https:\/\/railware.de\/wp-content\/uploads\/LN4-LDT-Combo-250x119.png 250w, https:\/\/railware.de\/wp-content\/uploads\/LN4-LDT-Combo-768x365.png 768w\" sizes=\"(max-width: 1046px) 100vw, 1046px\" \/><\/figure><\/div>\n","protected":false},"excerpt":{"rendered":"<p>Classic Master Dieses Ger\u00e4t ist ein hochwertiger Ersatz f\u00fcr das Light-LAN Interface und implementiert einige neue Funktionen, die im bisherigen Light-LAN Interface nicht enthalten sind. So kann die Anzahl der angeschlossenen Display-Module unabh\u00e4ngig vom Typ bis zu 400 Ausg\u00e4nge betragen. Und ein Teil der Effekte wird schneller ausgef\u00fchrt, weil die Elektronik leistungsf\u00e4higer ist. Das Ger\u00e4t [&hellip;]<\/p>\n","protected":false},"author":3,"featured_media":0,"parent":204,"menu_order":0,"comment_status":"closed","ping_status":"closed","template":"","meta":{"_themeisle_gutenberg_block_has_review":false},"translation":{"provider":"WPGlobus","version":"3.0.0","language":"en","enabled_languages":["de","en"],"languages":{"de":{"title":true,"content":true,"excerpt":false},"en":{"title":false,"content":false,"excerpt":false}}},"yoast_head":"<!-- This site is optimized with the Yoast SEO plugin v19.4 - https:\/\/yoast.com\/wordpress\/plugins\/seo\/ -->\n<title>DC-Light Classic Master - Railware<\/title>\n<meta name=\"robots\" content=\"index, follow, max-snippet:-1, max-image-preview:large, max-video-preview:-1\" \/>\n<link rel=\"canonical\" href=\"https:\/\/railware.de\/digitale-technik\/dc-light-classic-master\/\" \/>\n<meta property=\"og:locale\" content=\"en_GB\" \/>\n<meta property=\"og:type\" content=\"article\" \/>\n<meta property=\"og:title\" content=\"DC-Light Classic Master - Railware\" \/>\n<meta property=\"og:url\" content=\"https:\/\/railware.de\/digitale-technik\/dc-light-classic-master\/\" \/>\n<meta property=\"og:site_name\" content=\"Railware\" \/>\n<meta property=\"article:modified_time\" content=\"2021-12-06T21:24:05+00:00\" \/>\n<meta property=\"og:image\" content=\"https:\/\/railware.de\/wp-content\/uploads\/P4250691_01-1024x595.jpg\" \/>\n<meta name=\"twitter:card\" content=\"summary_large_image\" \/>\n<meta name=\"twitter:label1\" content=\"Estimated reading time\" \/>\n\t<meta name=\"twitter:data1\" content=\"2 minutes\" \/>\n<script type=\"application\/ld+json\" class=\"yoast-schema-graph\">{\"@context\":\"https:\/\/schema.org\",\"@graph\":[{\"@type\":\"Organization\",\"@id\":\"https:\/\/railware.de\/#organization\",\"name\":\"Railware\",\"url\":\"https:\/\/railware.de\/\",\"sameAs\":[],\"logo\":{\"@type\":\"ImageObject\",\"inLanguage\":\"en-GB\",\"@id\":\"https:\/\/railware.de\/#\/schema\/logo\/image\/\",\"url\":\"https:\/\/railware.de\/wp-content\/uploads\/RailwareMR.jpg\",\"contentUrl\":\"https:\/\/railware.de\/wp-content\/uploads\/RailwareMR.jpg\",\"width\":1116,\"height\":200,\"caption\":\"Railware\"},\"image\":{\"@id\":\"https:\/\/railware.de\/#\/schema\/logo\/image\/\"}},{\"@type\":\"WebSite\",\"@id\":\"https:\/\/railware.de\/#website\",\"url\":\"https:\/\/railware.de\/\",\"name\":\"Railware\",\"description\":\"Sch\u00f6ne neue Welt\",\"publisher\":{\"@id\":\"https:\/\/railware.de\/#organization\"},\"potentialAction\":[{\"@type\":\"SearchAction\",\"target\":{\"@type\":\"EntryPoint\",\"urlTemplate\":\"https:\/\/railware.de\/?s={search_term_string}\"},\"query-input\":\"required name=search_term_string\"}],\"inLanguage\":\"en-GB\"},{\"@type\":\"WebPage\",\"@id\":\"https:\/\/railware.de\/digitale-technik\/dc-light-classic-master\/\",\"url\":\"https:\/\/railware.de\/digitale-technik\/dc-light-classic-master\/\",\"name\":\"DC-Light Classic Master - Railware\",\"isPartOf\":{\"@id\":\"https:\/\/railware.de\/#website\"},\"datePublished\":\"2021-12-06T12:35:00+00:00\",\"dateModified\":\"2021-12-06T21:24:05+00:00\",\"breadcrumb\":{\"@id\":\"https:\/\/railware.de\/digitale-technik\/dc-light-classic-master\/#breadcrumb\"},\"inLanguage\":\"en-GB\",\"potentialAction\":[{\"@type\":\"ReadAction\",\"target\":[\"https:\/\/railware.de\/digitale-technik\/dc-light-classic-master\/\"]}]},{\"@type\":\"BreadcrumbList\",\"@id\":\"https:\/\/railware.de\/digitale-technik\/dc-light-classic-master\/#breadcrumb\",\"itemListElement\":[{\"@type\":\"ListItem\",\"position\":1,\"name\":\"Startseite\",\"item\":\"https:\/\/railware.de\/\"},{\"@type\":\"ListItem\",\"position\":2,\"name\":\"Digitale Technik\",\"item\":\"https:\/\/railware.de\/digitale-technik\/\"},{\"@type\":\"ListItem\",\"position\":3,\"name\":\"DC-Light Classic Master\"}]}]}<\/script>\n<!-- \/ Yoast SEO plugin. -->","yoast_head_json":{"title":"DC-Light Classic Master - Railware","robots":{"index":"index","follow":"follow","max-snippet":"max-snippet:-1","max-image-preview":"max-image-preview:large","max-video-preview":"max-video-preview:-1"},"canonical":"https:\/\/railware.de\/digitale-technik\/dc-light-classic-master\/","og_locale":"en_GB","og_type":"article","og_title":"DC-Light Classic Master - Railware","og_url":"https:\/\/railware.de\/digitale-technik\/dc-light-classic-master\/","og_site_name":"Railware","article_modified_time":"2021-12-06T21:24:05+00:00","og_image":[{"url":"https:\/\/railware.de\/wp-content\/uploads\/P4250691_01-1024x595.jpg"}],"twitter_card":"summary_large_image","twitter_misc":{"Estimated reading time":"2 minutes"},"schema":{"@context":"https:\/\/schema.org","@graph":[{"@type":"Organization","@id":"https:\/\/railware.de\/#organization","name":"Railware","url":"https:\/\/railware.de\/","sameAs":[],"logo":{"@type":"ImageObject","inLanguage":"en-GB","@id":"https:\/\/railware.de\/#\/schema\/logo\/image\/","url":"https:\/\/railware.de\/wp-content\/uploads\/RailwareMR.jpg","contentUrl":"https:\/\/railware.de\/wp-content\/uploads\/RailwareMR.jpg","width":1116,"height":200,"caption":"Railware"},"image":{"@id":"https:\/\/railware.de\/#\/schema\/logo\/image\/"}},{"@type":"WebSite","@id":"https:\/\/railware.de\/#website","url":"https:\/\/railware.de\/","name":"Railware","description":"Sch\u00f6ne neue Welt","publisher":{"@id":"https:\/\/railware.de\/#organization"},"potentialAction":[{"@type":"SearchAction","target":{"@type":"EntryPoint","urlTemplate":"https:\/\/railware.de\/?s={search_term_string}"},"query-input":"required name=search_term_string"}],"inLanguage":"en-GB"},{"@type":"WebPage","@id":"https:\/\/railware.de\/digitale-technik\/dc-light-classic-master\/","url":"https:\/\/railware.de\/digitale-technik\/dc-light-classic-master\/","name":"DC-Light Classic Master - Railware","isPartOf":{"@id":"https:\/\/railware.de\/#website"},"datePublished":"2021-12-06T12:35:00+00:00","dateModified":"2021-12-06T21:24:05+00:00","breadcrumb":{"@id":"https:\/\/railware.de\/digitale-technik\/dc-light-classic-master\/#breadcrumb"},"inLanguage":"en-GB","potentialAction":[{"@type":"ReadAction","target":["https:\/\/railware.de\/digitale-technik\/dc-light-classic-master\/"]}]},{"@type":"BreadcrumbList","@id":"https:\/\/railware.de\/digitale-technik\/dc-light-classic-master\/#breadcrumb","itemListElement":[{"@type":"ListItem","position":1,"name":"Startseite","item":"https:\/\/railware.de\/"},{"@type":"ListItem","position":2,"name":"Digitale Technik","item":"https:\/\/railware.de\/digitale-technik\/"},{"@type":"ListItem","position":3,"name":"DC-Light Classic Master"}]}]}},"_links":{"self":[{"href":"https:\/\/railware.de\/en\/wp-json\/wp\/v2\/pages\/248"}],"collection":[{"href":"https:\/\/railware.de\/en\/wp-json\/wp\/v2\/pages"}],"about":[{"href":"https:\/\/railware.de\/en\/wp-json\/wp\/v2\/types\/page"}],"author":[{"embeddable":true,"href":"https:\/\/railware.de\/en\/wp-json\/wp\/v2\/users\/3"}],"replies":[{"embeddable":true,"href":"https:\/\/railware.de\/en\/wp-json\/wp\/v2\/comments?post=248"}],"version-history":[{"count":7,"href":"https:\/\/railware.de\/en\/wp-json\/wp\/v2\/pages\/248\/revisions"}],"predecessor-version":[{"id":2492,"href":"https:\/\/railware.de\/en\/wp-json\/wp\/v2\/pages\/248\/revisions\/2492"}],"up":[{"embeddable":true,"href":"https:\/\/railware.de\/en\/wp-json\/wp\/v2\/pages\/204"}],"wp:attachment":[{"href":"https:\/\/railware.de\/en\/wp-json\/wp\/v2\/media?parent=248"}],"curies":[{"name":"wp","href":"https:\/\/api.w.org\/{rel}","templated":true}]}}