{"id":236,"date":"2020-05-12T13:01:16","date_gmt":"2020-05-12T11:01:16","guid":{"rendered":"https:\/\/railware.de\/neu\/?page_id=236"},"modified":"2021-11-19T22:44:00","modified_gmt":"2021-11-19T21:44:00","slug":"railware-auf-der-strecke","status":"publish","type":"page","link":"https:\/\/railware.de\/en\/zuege-fahren\/railware-auf-der-strecke\/","title":{"rendered":"Railware auf der Strecke"},"content":{"rendered":"\n<h2>Bl\u00f6cke sind nur Gleise<\/h2>\n\n\n\n<p>Railware ben\u00f6tigt keine Blockstreckensteuerung. Die daf\u00fcr erforderliche Logik ist fertig in der Zugsteuerung integriert. Sie l\u00e4sst Z\u00fcge nur dann weiterfahren, wenn wenigstens ein Abschnitt bis zum n\u00e4chsten Zuganzeiger reserviert werden kann.<\/p>\n\n\n\n<p class=\"has-text-align-center\"><strong>Pro Block ist nur ein Belegtmeldekontakt erforderlich!<\/strong><\/p>\n\n\n\n<p>Die Zugverfolgung macht besondere Decoder und Trennstellen unn\u00f6tig. Auf Signale kann verzichtet werden; sie sind nur f\u00fcr die Optik n\u00f6tig. Die L\u00e4nge eines Blockabschnittes ist beliebig. Z\u00fcge k\u00f6nnen l\u00e4nger sein als Blockabschnitte. Das Verhalten mechanischer oder elektronischer Stellwerke wird selbstt\u00e4tig simuliert.<\/p>\n\n\n\n<div class=\"wp-block-image\"><figure class=\"alignleft size-large\"><img src=\"https:\/\/railware.de\/wp-content\/uploads\/Block1a.jpg\" alt=\"\"\/><\/figure><\/div>\n\n\n\n<figure class=\"wp-block-image size-large is-resized\"><img loading=\"lazy\" src=\"https:\/\/railware.de\/wp-content\/uploads\/rwSignalABC1.svg\" alt=\"\" width=\"542\" height=\"90\"\/><\/figure>\n\n\n\n<div class=\"wp-block-image\"><figure class=\"aligncenter size-large is-resized\"><img loading=\"lazy\" src=\"https:\/\/railware.de\/wp-content\/uploads\/rwSignalABC2.svg\" alt=\"\" width=\"504\" height=\"84\"\/><\/figure><\/div>\n\n\n\n<div class=\"wp-block-image\"><figure class=\"alignright size-large\"><img src=\"https:\/\/railware.de\/wp-content\/uploads\/rwSignalABC36.svg\" alt=\"\"\/><\/figure><\/div>\n\n\n\n<h2>Bahn\u00fcbergang<\/h2>\n\n\n\n<p>Ein Symbol beinhaltet die Steuerung beliebig komplexer Bahn\u00fcberg\u00e4nge. Es sind keine eigenen Gleisbesetztmelder n\u00f6tig.<\/p>\n\n\n\n<p>Mehrgleisige Bahn\u00fcberg\u00e4nge lassen sich durch Anf\u00fcgen mehrerer Symbole erstellen. Ist eines der Symbole besetzt oder hat es eine Fahrstra\u00dfe, schalten alle Symbole des Bahn\u00fcbergangs.<\/p>\n\n\n\n<div class=\"wp-block-group\"><div class=\"wp-block-group__inner-container\">\n<div class=\"wp-block-image\"><figure class=\"alignright size-large\"><img src=\"https:\/\/railware.de\/wp-content\/uploads\/Bue0-1.jpg\" alt=\"\"\/><\/figure><\/div>\n\n\n\n<figure class=\"wp-block-image size-large\"><img src=\"https:\/\/railware.de\/wp-content\/uploads\/Bue3-1.png\" alt=\"\"\/><\/figure>\n<\/div><\/div>\n\n\n\n<p>Daf\u00fcr wird eine Digitaladresse hinterlegt. Weitere Adressen steuern optional zeitversetzte Halbschranken oder Blinklichter.<\/p>\n\n\n\n<p>Ein Bahn\u00fcbergang f\u00fcr fahrende Autos zu realisieren ist ebenfalls leicht. Wird Minicar in Railware verwendet, k\u00fcmmert sich die Steuerung selbstt\u00e4tig um die n\u00f6tigen Abl\u00e4ufe und Kommandos. Die Zugsteuerung auf Autos, die sich noch auf dem \u00dcbergang befinden.&nbsp;Nur die Infrarot- oder Magnet- Stoppstellen am Stra\u00dfenrand sind n\u00f6tig.<\/p>\n\n\n\n<h2>Signale &#8211; super einfach!<\/h2>\n\n\n\n<div class=\"wp-block-group\"><div class=\"wp-block-group__inner-container\">\n<div class=\"wp-block-group\"><div class=\"wp-block-group__inner-container\">\n<div class=\"wp-block-columns\">\n<div class=\"wp-block-column\" style=\"flex-basis:100%\">\n<div class=\"wp-block-group\"><div class=\"wp-block-group__inner-container\">\n<div class=\"wp-block-columns\">\n<div class=\"wp-block-column\">\n<figure class=\"wp-block-image size-large is-resized\"><img loading=\"lazy\" src=\"https:\/\/railware.de\/wp-content\/uploads\/Signale.png\" alt=\"\" width=\"312\" height=\"422\"\/><\/figure>\n<\/div>\n\n\n\n<div class=\"wp-block-column is-vertically-aligned-center\">\n<p>Im Betrieb mit Railware sind Signale unwichtig, weil die Zugsteuerung mit seinen Fahrstra\u00dfen f\u00fcr einen geregelten Zugbetrieb sorgt. Signale sind virtuell, haben eine anzeigende Wirkung und legen die erlaubten Geschwindigkeiten fest. Nat\u00fcrlich k\u00f6nnen sie auch real auf der Modellbahn existieren. <\/p>\n<\/div>\n<\/div>\n<\/div><\/div>\n<\/div>\n<\/div>\n<\/div><\/div>\n<\/div><\/div>\n\n\n\n<div class=\"wp-block-group\"><div class=\"wp-block-group__inner-container\">\n<div class=\"wp-block-columns\">\n<div class=\"wp-block-column\" style=\"flex-basis:100%\">\n<div class=\"wp-block-group\"><div class=\"wp-block-group__inner-container\">\n<div class=\"wp-block-image\"><figure class=\"alignleft size-large is-resized\"><img loading=\"lazy\" src=\"https:\/\/railware.de\/wp-content\/uploads\/rwSignalFahrweg.svg\" alt=\"\" width=\"593\" height=\"168\"\/><\/figure><\/div>\n<\/div><\/div>\n<\/div>\n<\/div>\n\n\n\n<div class=\"wp-block-image\"><figure class=\"alignright size-large is-resized\"><img loading=\"lazy\" src=\"https:\/\/railware.de\/wp-content\/uploads\/rwSignalVor.svg\" alt=\"\" width=\"465\" height=\"273\"\/><\/figure><\/div>\n<\/div><\/div>\n\n\n\n<p>Diese Methode hat den riesigen Vorteil das absolut nichts konfiguriert wird, um Signale zu steuern. Es sind keine bekannten Blockstellen oder -abschnitte zu bestimmen noch irgendwelche Spurpl\u00e4ne oder Abl\u00e4ufe. Sogar alle Abh\u00e4ngigkeiten zwischen Vor-, Haupt-, Rangier- und sonstigen Signalen werden von der Zugsteuerung selbstt\u00e4tig ermittelt. Nur die verwendeten Signaltypen mit ihren Stellungen und l\u00e4nderspezifischen Eigenheiten sind einmalig zu definieren. Befinden sich die Signale auch auf der Anlage, werden noch deren Adressen im Gleisbild hinterlegt.<\/p>\n\n\n\n<p class=\"has-text-align-center\"><strong>Kein elektronikbasiertes Signal-Bussystem erreicht dies.<\/strong><\/p>\n\n\n\n<p>Einfachste Signaldecoder reichen f\u00fcr eine perfekte Signalsteuerung!<\/p>\n\n\n\n<h2>Gattungen und Linien<\/h2>\n\n\n\n<p>Zuggattungen sind Eigenschaften eines Zuges. Sie bestimmen, welche Z\u00fcge in Bahnh\u00f6fen halten, wenden, welche Gleise sie benutzen oder bewirken die Ausl\u00f6sung von Lokfunktionen. Linien werden an den Verzweigungen der Strecken hinterlegt und bestimmen, welche Z\u00fcge dort fahren.<\/p>\n\n\n\n<div class=\"wp-block-image\"><figure class=\"aligncenter size-large\"><img src=\"https:\/\/railware.de\/wp-content\/uploads\/rwBahnhof.svg\" alt=\"\"\/><\/figure><\/div>\n\n\n\n<h2>Hin und her pendeln<\/h2>\n\n\n\n<p>Wendez\u00fcge (Pendelz\u00fcge) findet man auf vielen Modellbahnanlagen. Nicht nur als Personenz\u00fcge, sondern oft auch als Lokfahrt im Betriebswerk oder als Rangierfahrt. In der Wendeliste der Bahnhofsverwaltung bestimmen sie die Zuggattungen deren Z\u00fcge nach einer einstellbaren Aufenthaltsdauer zur\u00fcckfahren sollen &#8211; das ist schon alles.<\/p>\n\n\n\n<div class=\"wp-block-image\"><figure class=\"aligncenter size-large\"><img src=\"https:\/\/railware.de\/wp-content\/uploads\/rwGattungenWendeliste.svg\" alt=\"\"\/><\/figure><\/div>\n\n\n\n<p>Wird ein fahrender Zug bei seiner Ankunft in der Wendeliste gefunden, h\u00e4lt er zun\u00e4chst an. Nach der H\u00e4lfte der Wartezeit schaltet die Fahrtrichtung um. Nach Ablauf der Restzeit f\u00e4hrt der Zug wieder ab. Egal, ob Steuerwagen oder Lok voraus: dank Digitaltechnik<br>und Railware h\u00e4lt der Zug immer am gleichen Haltepunkt.<\/p>\n\n\n\n<h2>Mehr Z\u00fcge im Gleis<\/h2>\n\n\n\n<p>H\u00e4ufig sieht man in einem Bahnhof mehrere Z\u00fcge in einem Gleis stehen (Prinzip: Gleis 1A, 1B, 1C). Oder sie werden gefl\u00fcgelt oder wieder verbunden.<\/p>\n\n\n\n<div class=\"wp-block-image\"><figure class=\"aligncenter size-large\"><img src=\"https:\/\/railware.de\/wp-content\/uploads\/Verbund1.jpg\" alt=\"\"\/><\/figure><\/div>\n\n\n\n<p>Dazu wird ein Bahnhofsgleis in weitere Abschnitte mit jeweils einem Zuganzeiger aufgeteilt. Die Zugsteuerung verwendet diese wahlweise als ein langes oder mehrere kurze Abschnitte und sorgt selbstt\u00e4tig f\u00fcr eine m\u00f6glichst optimale Gleisbelegung.<\/p>\n\n\n\n<h2>Reinigungsz\u00fcge<\/h2>\n<p>Einmal abgefahren, entwickeln Reinigungsz\u00fcge ein Eigenleben. Denn entgegen den Regeln der Zuglenkung merken sie sich die Gleise, die lange nicht befahren wurden. So reinigen sie fr\u00fcher oder sp\u00e4ter jedes Gleis Ihrer Anlage &#8211; wie von Zauberhand.<\/p>\n<h2>Ist mein Zug p\u00fcnktlich?<\/h2>\n<p>Railware \u00fcberwacht permanent die Fahrzeiten der fahrenden Z\u00fcge und speichert sie. Stehen genug Vergleichswerte zur Verf\u00fcgung, gibt es eine Alarmmeldung wenn ein Zug sich um einige Sekunden versp\u00e4tet. Er k\u00f6nnte ja auf der Strecke stromlos liegen geblieben sein.<\/p>\n<h2>Geisterz\u00fcge<\/h2>\n<p>Wenn eine Weiche nicht richtig schaltet, kann dies Folgen haben. Gut, da\u00df bei Railware auch Belegtmelder kontrolliert werden, auf denen keine Zugbewegungen stattfinden. L\u00f6st eine \u201efalsche\u201c Belegtmeldung aus, handelt es sich um einen Geisterzug. Blitzschnell ermittelt Railware alle Z\u00fcge in der N\u00e4he und h\u00e4lt sie an, um Schaden zu vermeiden.<\/p>\n","protected":false},"excerpt":{"rendered":"<p>Bl\u00f6cke sind nur Gleise Railware ben\u00f6tigt keine Blockstreckensteuerung. Die daf\u00fcr erforderliche Logik ist fertig in der Zugsteuerung integriert. Sie l\u00e4sst Z\u00fcge nur dann weiterfahren, wenn wenigstens ein Abschnitt bis zum n\u00e4chsten Zuganzeiger reserviert werden kann. Pro Block ist nur ein Belegtmeldekontakt erforderlich! Die Zugverfolgung macht besondere Decoder und Trennstellen unn\u00f6tig. Auf Signale kann verzichtet werden; [&hellip;]<\/p>\n","protected":false},"author":3,"featured_media":0,"parent":375,"menu_order":0,"comment_status":"closed","ping_status":"closed","template":"","meta":{"_themeisle_gutenberg_block_has_review":false},"translation":{"provider":"WPGlobus","version":"3.0.0","language":"en","enabled_languages":["de","en"],"languages":{"de":{"title":true,"content":true,"excerpt":false},"en":{"title":false,"content":false,"excerpt":false}}},"yoast_head":"<!-- This site is optimized with the Yoast SEO plugin v19.4 - https:\/\/yoast.com\/wordpress\/plugins\/seo\/ -->\n<title>Railware auf der Strecke - Railware<\/title>\n<meta name=\"robots\" content=\"index, follow, max-snippet:-1, max-image-preview:large, max-video-preview:-1\" \/>\n<link rel=\"canonical\" href=\"https:\/\/railware.de\/zuege-fahren\/railware-auf-der-strecke\/\" \/>\n<meta property=\"og:locale\" content=\"en_GB\" \/>\n<meta property=\"og:type\" content=\"article\" \/>\n<meta property=\"og:title\" content=\"Railware auf der Strecke - Railware\" \/>\n<meta property=\"og:url\" content=\"https:\/\/railware.de\/zuege-fahren\/railware-auf-der-strecke\/\" \/>\n<meta property=\"og:site_name\" content=\"Railware\" \/>\n<meta property=\"article:modified_time\" content=\"2021-11-19T21:44:00+00:00\" \/>\n<meta property=\"og:image\" content=\"https:\/\/railware.de\/wp-content\/uploads\/Block1a.jpg\" \/>\n<meta name=\"twitter:card\" content=\"summary_large_image\" \/>\n<meta name=\"twitter:label1\" content=\"Estimated reading time\" \/>\n\t<meta name=\"twitter:data1\" content=\"6 minutes\" \/>\n<script type=\"application\/ld+json\" class=\"yoast-schema-graph\">{\"@context\":\"https:\/\/schema.org\",\"@graph\":[{\"@type\":\"Organization\",\"@id\":\"https:\/\/railware.de\/#organization\",\"name\":\"Railware\",\"url\":\"https:\/\/railware.de\/\",\"sameAs\":[],\"logo\":{\"@type\":\"ImageObject\",\"inLanguage\":\"en-GB\",\"@id\":\"https:\/\/railware.de\/#\/schema\/logo\/image\/\",\"url\":\"https:\/\/railware.de\/wp-content\/uploads\/RailwareMR.jpg\",\"contentUrl\":\"https:\/\/railware.de\/wp-content\/uploads\/RailwareMR.jpg\",\"width\":1116,\"height\":200,\"caption\":\"Railware\"},\"image\":{\"@id\":\"https:\/\/railware.de\/#\/schema\/logo\/image\/\"}},{\"@type\":\"WebSite\",\"@id\":\"https:\/\/railware.de\/#website\",\"url\":\"https:\/\/railware.de\/\",\"name\":\"Railware\",\"description\":\"Sch\u00f6ne neue Welt\",\"publisher\":{\"@id\":\"https:\/\/railware.de\/#organization\"},\"potentialAction\":[{\"@type\":\"SearchAction\",\"target\":{\"@type\":\"EntryPoint\",\"urlTemplate\":\"https:\/\/railware.de\/?s={search_term_string}\"},\"query-input\":\"required name=search_term_string\"}],\"inLanguage\":\"en-GB\"},{\"@type\":\"WebPage\",\"@id\":\"https:\/\/railware.de\/zuege-fahren\/railware-auf-der-strecke\/\",\"url\":\"https:\/\/railware.de\/zuege-fahren\/railware-auf-der-strecke\/\",\"name\":\"Railware auf der Strecke - Railware\",\"isPartOf\":{\"@id\":\"https:\/\/railware.de\/#website\"},\"datePublished\":\"2020-05-12T11:01:16+00:00\",\"dateModified\":\"2021-11-19T21:44:00+00:00\",\"breadcrumb\":{\"@id\":\"https:\/\/railware.de\/zuege-fahren\/railware-auf-der-strecke\/#breadcrumb\"},\"inLanguage\":\"en-GB\",\"potentialAction\":[{\"@type\":\"ReadAction\",\"target\":[\"https:\/\/railware.de\/zuege-fahren\/railware-auf-der-strecke\/\"]}]},{\"@type\":\"BreadcrumbList\",\"@id\":\"https:\/\/railware.de\/zuege-fahren\/railware-auf-der-strecke\/#breadcrumb\",\"itemListElement\":[{\"@type\":\"ListItem\",\"position\":1,\"name\":\"Startseite\",\"item\":\"https:\/\/railware.de\/\"},{\"@type\":\"ListItem\",\"position\":2,\"name\":\"Z\u00fcge fahren\",\"item\":\"https:\/\/railware.de\/zuege-fahren\/\"},{\"@type\":\"ListItem\",\"position\":3,\"name\":\"Railware auf der Strecke\"}]}]}<\/script>\n<!-- \/ Yoast SEO plugin. -->","yoast_head_json":{"title":"Railware auf der Strecke - Railware","robots":{"index":"index","follow":"follow","max-snippet":"max-snippet:-1","max-image-preview":"max-image-preview:large","max-video-preview":"max-video-preview:-1"},"canonical":"https:\/\/railware.de\/zuege-fahren\/railware-auf-der-strecke\/","og_locale":"en_GB","og_type":"article","og_title":"Railware auf der Strecke - Railware","og_url":"https:\/\/railware.de\/zuege-fahren\/railware-auf-der-strecke\/","og_site_name":"Railware","article_modified_time":"2021-11-19T21:44:00+00:00","og_image":[{"url":"https:\/\/railware.de\/wp-content\/uploads\/Block1a.jpg"}],"twitter_card":"summary_large_image","twitter_misc":{"Estimated reading time":"6 minutes"},"schema":{"@context":"https:\/\/schema.org","@graph":[{"@type":"Organization","@id":"https:\/\/railware.de\/#organization","name":"Railware","url":"https:\/\/railware.de\/","sameAs":[],"logo":{"@type":"ImageObject","inLanguage":"en-GB","@id":"https:\/\/railware.de\/#\/schema\/logo\/image\/","url":"https:\/\/railware.de\/wp-content\/uploads\/RailwareMR.jpg","contentUrl":"https:\/\/railware.de\/wp-content\/uploads\/RailwareMR.jpg","width":1116,"height":200,"caption":"Railware"},"image":{"@id":"https:\/\/railware.de\/#\/schema\/logo\/image\/"}},{"@type":"WebSite","@id":"https:\/\/railware.de\/#website","url":"https:\/\/railware.de\/","name":"Railware","description":"Sch\u00f6ne neue Welt","publisher":{"@id":"https:\/\/railware.de\/#organization"},"potentialAction":[{"@type":"SearchAction","target":{"@type":"EntryPoint","urlTemplate":"https:\/\/railware.de\/?s={search_term_string}"},"query-input":"required name=search_term_string"}],"inLanguage":"en-GB"},{"@type":"WebPage","@id":"https:\/\/railware.de\/zuege-fahren\/railware-auf-der-strecke\/","url":"https:\/\/railware.de\/zuege-fahren\/railware-auf-der-strecke\/","name":"Railware auf der Strecke - Railware","isPartOf":{"@id":"https:\/\/railware.de\/#website"},"datePublished":"2020-05-12T11:01:16+00:00","dateModified":"2021-11-19T21:44:00+00:00","breadcrumb":{"@id":"https:\/\/railware.de\/zuege-fahren\/railware-auf-der-strecke\/#breadcrumb"},"inLanguage":"en-GB","potentialAction":[{"@type":"ReadAction","target":["https:\/\/railware.de\/zuege-fahren\/railware-auf-der-strecke\/"]}]},{"@type":"BreadcrumbList","@id":"https:\/\/railware.de\/zuege-fahren\/railware-auf-der-strecke\/#breadcrumb","itemListElement":[{"@type":"ListItem","position":1,"name":"Startseite","item":"https:\/\/railware.de\/"},{"@type":"ListItem","position":2,"name":"Z\u00fcge fahren","item":"https:\/\/railware.de\/zuege-fahren\/"},{"@type":"ListItem","position":3,"name":"Railware auf der Strecke"}]}]}},"_links":{"self":[{"href":"https:\/\/railware.de\/en\/wp-json\/wp\/v2\/pages\/236"}],"collection":[{"href":"https:\/\/railware.de\/en\/wp-json\/wp\/v2\/pages"}],"about":[{"href":"https:\/\/railware.de\/en\/wp-json\/wp\/v2\/types\/page"}],"author":[{"embeddable":true,"href":"https:\/\/railware.de\/en\/wp-json\/wp\/v2\/users\/3"}],"replies":[{"embeddable":true,"href":"https:\/\/railware.de\/en\/wp-json\/wp\/v2\/comments?post=236"}],"version-history":[{"count":26,"href":"https:\/\/railware.de\/en\/wp-json\/wp\/v2\/pages\/236\/revisions"}],"predecessor-version":[{"id":2424,"href":"https:\/\/railware.de\/en\/wp-json\/wp\/v2\/pages\/236\/revisions\/2424"}],"up":[{"embeddable":true,"href":"https:\/\/railware.de\/en\/wp-json\/wp\/v2\/pages\/375"}],"wp:attachment":[{"href":"https:\/\/railware.de\/en\/wp-json\/wp\/v2\/media?parent=236"}],"curies":[{"name":"wp","href":"https:\/\/api.w.org\/{rel}","templated":true}]}}