{"id":222,"date":"2021-12-14T10:39:00","date_gmt":"2021-12-14T09:39:00","guid":{"rendered":"https:\/\/railware.de\/neu\/?page_id=222"},"modified":"2021-12-14T13:01:56","modified_gmt":"2021-12-14T12:01:56","slug":"s88-controller","status":"publish","type":"page","link":"https:\/\/railware.de\/en\/digitale-technik\/s88-controller\/","title":{"rendered":"DC-Rail S88-Controller"},"content":{"rendered":"\n<h2>Der S88-Controller<\/h2>\n\n\n\n<p>Ein fehlerfrei arbeitendes R\u00fcckmeldesystem ist eine unabdingbare Voraussetzung f\u00fcr einen st\u00f6rungsfreien Betrieb mit einem PC. Denn im Gegensatz zu seinem menschlichen Benutzer hat er keine Augen und Ohren. Er muss sich daher auf ein fehlerfreies R\u00fcckmeldesystem verlassen k\u00f6nnen. Ansonsten kommt es zu Fehlentscheidungen und Problemen.<\/p>\n\n\n\n<div class=\"wp-block-image\"><figure class=\"aligncenter size-large is-resized\"><img loading=\"lazy\" src=\"https:\/\/railware.de\/wp-content\/uploads\/S88-Controller-Front-1400x868.jpg\" alt=\"\" class=\"wp-image-2530\" width=\"635\" height=\"393\" srcset=\"https:\/\/railware.de\/wp-content\/uploads\/S88-Controller-Front-1400x868.jpg 1400w, https:\/\/railware.de\/wp-content\/uploads\/S88-Controller-Front-700x434.jpg 700w, https:\/\/railware.de\/wp-content\/uploads\/S88-Controller-Front-250x155.jpg 250w, https:\/\/railware.de\/wp-content\/uploads\/S88-Controller-Front-768x476.jpg 768w, https:\/\/railware.de\/wp-content\/uploads\/S88-Controller-Front-1536x952.jpg 1536w, https:\/\/railware.de\/wp-content\/uploads\/S88-Controller-Front-2048x1269.jpg 2048w\" sizes=\"(max-width: 635px) 100vw, 635px\" \/><\/figure><\/div>\n\n\n\n<p>Beim S88-Controller sind wichtige Aufgaben in die Elektronik eingebracht worden, statt sie einer Steuerungssoftware zu \u00fcberlassen.<\/p>\n\n\n\n<p>St\u00f6rungen von schlechten Kontaktgaben der R\u00e4der werden durch die einstellbare Integration der Einschaltimpulse wirksam unterdr\u00fcckt. Das Gleiche gilt beim Ausschalten eines R\u00fcckmelders. Dadurch bekommen einfache S88 R\u00fcckmeldebausteine (z.B. LDT, Tams, M\u00e4rklin) Eigenschaften, die in den Bausteinen selbst fehlen.<\/p>\n\n\n\n<p>Es werden nur \u00c4nderungen einzelner R\u00fcckmelder \u00fcbertragen. Mit perfektem Timing werden die drei S88-N Busse betrieben. Die Geschwindigkeit der Lesezyklen kann von &#8220;langsam und st\u00f6rsicher&#8221; bis &#8220;superschnell&#8221; eingestellt werden. <\/p>\n\n\n\n<p class=\"has-text-align-center has-medium-font-size\"><strong>Wenige, gefilterte R\u00fcckmelder = Stabiler Zugbetrieb!<\/strong><\/p>\n\n\n\n<div class=\"wp-block-image\"><figure class=\"aligncenter size-full is-resized\"><img src=\"https:\/\/railware.de\/wp-content\/uploads\/S88-Controller-Bus.svg\" alt=\"\" class=\"wp-image-2531\" width=\"900\"\/><\/figure><\/div>\n\n\n\n<h3>Warum S88?<\/h3>\n\n\n\n<p>Weil es wohl am h\u00e4ufigsten eingesetzt wird! Ein Grund ist der prinzipiell einfache und preiswerte Aufbau. Eine wichtige Verbesserung war die Einf\u00fchrung des S88-N Standards durch Verwendung von abgeschirmten Kabeln.<\/p>\n\n\n\n<p>Heute ist der S88 R\u00fcckmeldebus standardisiert, bew\u00e4hrt und sicher. Weite Verbreitung hat er auch gefunden, weil er seit Jahrzehnten eingef\u00fchrt ist.<\/p>\n\n\n\n<div class=\"wp-block-buttons is-content-justification-right\">\n<div class=\"wp-block-button\"><a class=\"wp-block-button__link\" href=\"https:\/\/railware.de\/technische-daten-s88-controller\/\" style=\"border-radius:5px\"><strong>Technische Daten &gt;&gt;<\/strong><\/a><\/div>\n\n\n\n<div class=\"wp-block-button\"><a class=\"wp-block-button__link\" style=\"border-radius:5px\"><strong>Infos zu S88 &gt;&gt;<\/strong><\/a><\/div>\n\n\n\n<div class=\"wp-block-button\"><a class=\"wp-block-button__link\" href=\"https:\/\/shop.railware.de\/product_info.php?products_id=42\" style=\"border-radius:5px\"><strong>Kaufen &gt;&gt;<\/strong><\/a><\/div>\n<\/div>\n","protected":false},"excerpt":{"rendered":"<p>Der S88-Controller Ein fehlerfrei arbeitendes R\u00fcckmeldesystem ist eine unabdingbare Voraussetzung f\u00fcr einen st\u00f6rungsfreien Betrieb mit einem PC. Denn im Gegensatz zu seinem menschlichen Benutzer hat er keine Augen und Ohren. Er muss sich daher auf ein fehlerfreies R\u00fcckmeldesystem verlassen k\u00f6nnen. Ansonsten kommt es zu Fehlentscheidungen und Problemen. Beim S88-Controller sind wichtige Aufgaben in die Elektronik [&hellip;]<\/p>\n","protected":false},"author":3,"featured_media":0,"parent":204,"menu_order":0,"comment_status":"closed","ping_status":"closed","template":"","meta":{"_themeisle_gutenberg_block_has_review":false},"translation":{"provider":"WPGlobus","version":"3.0.0","language":"en","enabled_languages":["de","en"],"languages":{"de":{"title":true,"content":true,"excerpt":false},"en":{"title":false,"content":false,"excerpt":false}}},"yoast_head":"<!-- This site is optimized with the Yoast SEO plugin v19.4 - https:\/\/yoast.com\/wordpress\/plugins\/seo\/ -->\n<title>DC-Rail S88-Controller - Railware<\/title>\n<meta name=\"robots\" content=\"index, follow, max-snippet:-1, max-image-preview:large, max-video-preview:-1\" \/>\n<link rel=\"canonical\" href=\"https:\/\/railware.de\/digitale-technik\/s88-controller\/\" \/>\n<meta property=\"og:locale\" content=\"en_GB\" \/>\n<meta property=\"og:type\" content=\"article\" \/>\n<meta property=\"og:title\" content=\"DC-Rail S88-Controller - Railware\" \/>\n<meta property=\"og:url\" content=\"https:\/\/railware.de\/digitale-technik\/s88-controller\/\" \/>\n<meta property=\"og:site_name\" content=\"Railware\" \/>\n<meta property=\"article:modified_time\" content=\"2021-12-14T12:01:56+00:00\" \/>\n<meta property=\"og:image\" content=\"https:\/\/railware.de\/wp-content\/uploads\/S88-Controller-Front-1400x868.jpg\" \/>\n<meta name=\"twitter:card\" content=\"summary_large_image\" \/>\n<meta name=\"twitter:label1\" content=\"Estimated reading time\" \/>\n\t<meta name=\"twitter:data1\" content=\"2 minutes\" \/>\n<script type=\"application\/ld+json\" class=\"yoast-schema-graph\">{\"@context\":\"https:\/\/schema.org\",\"@graph\":[{\"@type\":\"Organization\",\"@id\":\"https:\/\/railware.de\/#organization\",\"name\":\"Railware\",\"url\":\"https:\/\/railware.de\/\",\"sameAs\":[],\"logo\":{\"@type\":\"ImageObject\",\"inLanguage\":\"en-GB\",\"@id\":\"https:\/\/railware.de\/#\/schema\/logo\/image\/\",\"url\":\"https:\/\/railware.de\/wp-content\/uploads\/RailwareMR.jpg\",\"contentUrl\":\"https:\/\/railware.de\/wp-content\/uploads\/RailwareMR.jpg\",\"width\":1116,\"height\":200,\"caption\":\"Railware\"},\"image\":{\"@id\":\"https:\/\/railware.de\/#\/schema\/logo\/image\/\"}},{\"@type\":\"WebSite\",\"@id\":\"https:\/\/railware.de\/#website\",\"url\":\"https:\/\/railware.de\/\",\"name\":\"Railware\",\"description\":\"Sch\u00f6ne neue Welt\",\"publisher\":{\"@id\":\"https:\/\/railware.de\/#organization\"},\"potentialAction\":[{\"@type\":\"SearchAction\",\"target\":{\"@type\":\"EntryPoint\",\"urlTemplate\":\"https:\/\/railware.de\/?s={search_term_string}\"},\"query-input\":\"required name=search_term_string\"}],\"inLanguage\":\"en-GB\"},{\"@type\":\"WebPage\",\"@id\":\"https:\/\/railware.de\/digitale-technik\/s88-controller\/\",\"url\":\"https:\/\/railware.de\/digitale-technik\/s88-controller\/\",\"name\":\"DC-Rail S88-Controller - Railware\",\"isPartOf\":{\"@id\":\"https:\/\/railware.de\/#website\"},\"datePublished\":\"2021-12-14T09:39:00+00:00\",\"dateModified\":\"2021-12-14T12:01:56+00:00\",\"breadcrumb\":{\"@id\":\"https:\/\/railware.de\/digitale-technik\/s88-controller\/#breadcrumb\"},\"inLanguage\":\"en-GB\",\"potentialAction\":[{\"@type\":\"ReadAction\",\"target\":[\"https:\/\/railware.de\/digitale-technik\/s88-controller\/\"]}]},{\"@type\":\"BreadcrumbList\",\"@id\":\"https:\/\/railware.de\/digitale-technik\/s88-controller\/#breadcrumb\",\"itemListElement\":[{\"@type\":\"ListItem\",\"position\":1,\"name\":\"Startseite\",\"item\":\"https:\/\/railware.de\/\"},{\"@type\":\"ListItem\",\"position\":2,\"name\":\"Digitale Technik\",\"item\":\"https:\/\/railware.de\/digitale-technik\/\"},{\"@type\":\"ListItem\",\"position\":3,\"name\":\"DC-Rail S88-Controller\"}]}]}<\/script>\n<!-- \/ Yoast SEO plugin. -->","yoast_head_json":{"title":"DC-Rail S88-Controller - Railware","robots":{"index":"index","follow":"follow","max-snippet":"max-snippet:-1","max-image-preview":"max-image-preview:large","max-video-preview":"max-video-preview:-1"},"canonical":"https:\/\/railware.de\/digitale-technik\/s88-controller\/","og_locale":"en_GB","og_type":"article","og_title":"DC-Rail S88-Controller - Railware","og_url":"https:\/\/railware.de\/digitale-technik\/s88-controller\/","og_site_name":"Railware","article_modified_time":"2021-12-14T12:01:56+00:00","og_image":[{"url":"https:\/\/railware.de\/wp-content\/uploads\/S88-Controller-Front-1400x868.jpg"}],"twitter_card":"summary_large_image","twitter_misc":{"Estimated reading time":"2 minutes"},"schema":{"@context":"https:\/\/schema.org","@graph":[{"@type":"Organization","@id":"https:\/\/railware.de\/#organization","name":"Railware","url":"https:\/\/railware.de\/","sameAs":[],"logo":{"@type":"ImageObject","inLanguage":"en-GB","@id":"https:\/\/railware.de\/#\/schema\/logo\/image\/","url":"https:\/\/railware.de\/wp-content\/uploads\/RailwareMR.jpg","contentUrl":"https:\/\/railware.de\/wp-content\/uploads\/RailwareMR.jpg","width":1116,"height":200,"caption":"Railware"},"image":{"@id":"https:\/\/railware.de\/#\/schema\/logo\/image\/"}},{"@type":"WebSite","@id":"https:\/\/railware.de\/#website","url":"https:\/\/railware.de\/","name":"Railware","description":"Sch\u00f6ne neue Welt","publisher":{"@id":"https:\/\/railware.de\/#organization"},"potentialAction":[{"@type":"SearchAction","target":{"@type":"EntryPoint","urlTemplate":"https:\/\/railware.de\/?s={search_term_string}"},"query-input":"required name=search_term_string"}],"inLanguage":"en-GB"},{"@type":"WebPage","@id":"https:\/\/railware.de\/digitale-technik\/s88-controller\/","url":"https:\/\/railware.de\/digitale-technik\/s88-controller\/","name":"DC-Rail S88-Controller - Railware","isPartOf":{"@id":"https:\/\/railware.de\/#website"},"datePublished":"2021-12-14T09:39:00+00:00","dateModified":"2021-12-14T12:01:56+00:00","breadcrumb":{"@id":"https:\/\/railware.de\/digitale-technik\/s88-controller\/#breadcrumb"},"inLanguage":"en-GB","potentialAction":[{"@type":"ReadAction","target":["https:\/\/railware.de\/digitale-technik\/s88-controller\/"]}]},{"@type":"BreadcrumbList","@id":"https:\/\/railware.de\/digitale-technik\/s88-controller\/#breadcrumb","itemListElement":[{"@type":"ListItem","position":1,"name":"Startseite","item":"https:\/\/railware.de\/"},{"@type":"ListItem","position":2,"name":"Digitale Technik","item":"https:\/\/railware.de\/digitale-technik\/"},{"@type":"ListItem","position":3,"name":"DC-Rail S88-Controller"}]}]}},"_links":{"self":[{"href":"https:\/\/railware.de\/en\/wp-json\/wp\/v2\/pages\/222"}],"collection":[{"href":"https:\/\/railware.de\/en\/wp-json\/wp\/v2\/pages"}],"about":[{"href":"https:\/\/railware.de\/en\/wp-json\/wp\/v2\/types\/page"}],"author":[{"embeddable":true,"href":"https:\/\/railware.de\/en\/wp-json\/wp\/v2\/users\/3"}],"replies":[{"embeddable":true,"href":"https:\/\/railware.de\/en\/wp-json\/wp\/v2\/comments?post=222"}],"version-history":[{"count":10,"href":"https:\/\/railware.de\/en\/wp-json\/wp\/v2\/pages\/222\/revisions"}],"predecessor-version":[{"id":2538,"href":"https:\/\/railware.de\/en\/wp-json\/wp\/v2\/pages\/222\/revisions\/2538"}],"up":[{"embeddable":true,"href":"https:\/\/railware.de\/en\/wp-json\/wp\/v2\/pages\/204"}],"wp:attachment":[{"href":"https:\/\/railware.de\/en\/wp-json\/wp\/v2\/media?parent=222"}],"curies":[{"name":"wp","href":"https:\/\/api.w.org\/{rel}","templated":true}]}}