{"id":202,"date":"2020-05-11T20:45:32","date_gmt":"2020-05-11T18:45:32","guid":{"rendered":"https:\/\/railware.de\/neu\/?page_id=202"},"modified":"2021-10-22T14:06:56","modified_gmt":"2021-10-22T12:06:56","slug":"hardware-von-ldt","status":"publish","type":"page","link":"https:\/\/railware.de\/en\/light-at-night\/hardware-von-ldt\/","title":{"rendered":"Hardware von LDT"},"content":{"rendered":"\n<h2>Hardware von LDT<\/h2>\n\n\n\n<p>Die LDT Display-Module sind der Klassiker einer Light@Night Installation. Die Module werden mittels Flach- oder RJ45-Kabel miteinander verbunden. Bis zu 7 Module mit insgesamt 280 Ausg\u00e4ngen k\u00f6nnen hintereinander geschaltet werden. Diese Module besitzen keine eigene Intelligenz und arbeiten nur mit der Light@Night Software zusammen.<\/p>\n\n\n\n<div class=\"wp-block-image\"><figure class=\"aligncenter size-full\"><img src=\"https:\/\/railware.de\/neu\/wp-content\/uploads\/LDTSkizzeModule.svg\" alt=\"\" class=\"wp-image-2059\"\/><\/figure><\/div>\n\n\n\n<p>Als Gemeinschaftsentwicklung zwischen LDT-Datentechnik und Railware gibt es sie seit 18 Jahren.<\/p>\n\n\n\n<h2>Light Display-Modul<\/h2>\n\n\n\n<p>Das Steuermodul besitzt 40 Ausg\u00e4nge f\u00fcr die Ansteuerung von LED und kleinen L\u00e4mpchen. Jedes Modul ben\u00f6tigt eine eigene Stromversorgung mit einem 12 Volt Trafo oder Schaltnetzteil.<\/p>\n\n\n\n<div class=\"wp-block-image\"><figure class=\"aligncenter size-large is-resized\"><img loading=\"lazy\" src=\"https:\/\/railware.de\/neu\/wp-content\/uploads\/LDTDisplay1480-1-1400x1216.png\" alt=\"\" class=\"wp-image-2097\" width=\"350\" height=\"304\" srcset=\"https:\/\/railware.de\/wp-content\/uploads\/LDTDisplay1480-1-1400x1216.png 1400w, https:\/\/railware.de\/wp-content\/uploads\/LDTDisplay1480-1-700x608.png 700w, https:\/\/railware.de\/wp-content\/uploads\/LDTDisplay1480-1-250x217.png 250w, https:\/\/railware.de\/wp-content\/uploads\/LDTDisplay1480-1-768x667.png 768w, https:\/\/railware.de\/wp-content\/uploads\/LDTDisplay1480-1.png 1480w\" sizes=\"(max-width: 350px) 100vw, 350px\" \/><\/figure><\/div>\n\n\n\n<h2>Light Power-Modul<\/h2>\n\n\n\n<p>Steuermodul mit 24 Ausg\u00e4ngen und 2,5 Ampere pro Ausgang. Es eignet sich besonders bei vorhandenen \u00e4lteren Beleuchtungsl\u00e4mpchen in H\u00e4usern und Stra\u00dfen oder in Gruppen verdrahteten L\u00e4mpchen. Sie werden mit einem 12 Volt Schaltnetzteil betrieben.<\/p>\n\n\n\n<div class=\"wp-block-image\"><figure class=\"aligncenter size-large is-resized\"><img loading=\"lazy\" src=\"https:\/\/railware.de\/neu\/wp-content\/uploads\/LDTPower1480-1-1400x1039.png\" alt=\"\" class=\"wp-image-2098\" width=\"350\" height=\"260\" srcset=\"https:\/\/railware.de\/wp-content\/uploads\/LDTPower1480-1-1400x1039.png 1400w, https:\/\/railware.de\/wp-content\/uploads\/LDTPower1480-1-700x519.png 700w, https:\/\/railware.de\/wp-content\/uploads\/LDTPower1480-1-250x185.png 250w, https:\/\/railware.de\/wp-content\/uploads\/LDTPower1480-1-768x570.png 768w, https:\/\/railware.de\/wp-content\/uploads\/LDTPower1480-1.png 1480w\" sizes=\"(max-width: 350px) 100vw, 350px\" \/><\/figure><\/div>\n\n\n\n<h2>Light LAN-Interface<\/h2>\n\n\n\n<p>Das Modul betreibt das Bussystem (S-Bus) und versorgt die Display-Module mit Signalen von der Light@Night Software per IP Netzwerk. Eine DMX Schnittstelle erlaubt die Steuerung von Dimmern zur Simulation einer Raumlichtsteuerung mit Tag-Nacht Effekten und Gewitterblitzen.<\/p>\n\n\n\n<div class=\"wp-block-buttons is-content-justification-right\">\n<div class=\"wp-block-button has-custom-font-size has-normal-font-size\"><a class=\"wp-block-button__link\" href=\"https:\/\/shop.railware.de\/index.php?cPath=2_7\" style=\"border-radius:5px\">LDT bei uns <strong>Bestellen<\/strong><\/a><\/div>\n<\/div>\n","protected":false},"excerpt":{"rendered":"<p>Hardware von LDT Die LDT Display-Module sind der Klassiker einer Light@Night Installation. Die Module werden mittels Flach- oder RJ45-Kabel miteinander verbunden. Bis zu 7 Module mit insgesamt 280 Ausg\u00e4ngen k\u00f6nnen hintereinander geschaltet werden. Diese Module besitzen keine eigene Intelligenz und arbeiten nur mit der Light@Night Software zusammen. Als Gemeinschaftsentwicklung zwischen LDT-Datentechnik und Railware gibt es [&hellip;]<\/p>\n","protected":false},"author":3,"featured_media":0,"parent":161,"menu_order":0,"comment_status":"closed","ping_status":"closed","template":"","meta":{"_themeisle_gutenberg_block_has_review":false},"translation":{"provider":"WPGlobus","version":"3.0.0","language":"en","enabled_languages":["de","en"],"languages":{"de":{"title":true,"content":true,"excerpt":false},"en":{"title":false,"content":false,"excerpt":false}}},"yoast_head":"<!-- This site is optimized with the Yoast SEO plugin v19.4 - https:\/\/yoast.com\/wordpress\/plugins\/seo\/ -->\n<title>Hardware von LDT - Railware<\/title>\n<meta name=\"robots\" content=\"index, follow, max-snippet:-1, max-image-preview:large, max-video-preview:-1\" \/>\n<link rel=\"canonical\" href=\"https:\/\/railware.de\/light-at-night\/hardware-von-ldt\/\" \/>\n<meta property=\"og:locale\" content=\"en_GB\" \/>\n<meta property=\"og:type\" content=\"article\" \/>\n<meta property=\"og:title\" content=\"Hardware von LDT - Railware\" \/>\n<meta property=\"og:url\" content=\"https:\/\/railware.de\/light-at-night\/hardware-von-ldt\/\" \/>\n<meta property=\"og:site_name\" content=\"Railware\" \/>\n<meta property=\"article:modified_time\" content=\"2021-10-22T12:06:56+00:00\" \/>\n<meta property=\"og:image\" content=\"https:\/\/railware.de\/neu\/wp-content\/uploads\/LDTSkizzeModule.svg\" \/>\n<meta name=\"twitter:card\" content=\"summary_large_image\" \/>\n<meta name=\"twitter:label1\" content=\"Estimated reading time\" \/>\n\t<meta name=\"twitter:data1\" content=\"2 minutes\" \/>\n<script type=\"application\/ld+json\" class=\"yoast-schema-graph\">{\"@context\":\"https:\/\/schema.org\",\"@graph\":[{\"@type\":\"Organization\",\"@id\":\"https:\/\/railware.de\/#organization\",\"name\":\"Railware\",\"url\":\"https:\/\/railware.de\/\",\"sameAs\":[],\"logo\":{\"@type\":\"ImageObject\",\"inLanguage\":\"en-GB\",\"@id\":\"https:\/\/railware.de\/#\/schema\/logo\/image\/\",\"url\":\"https:\/\/railware.de\/wp-content\/uploads\/RailwareMR.jpg\",\"contentUrl\":\"https:\/\/railware.de\/wp-content\/uploads\/RailwareMR.jpg\",\"width\":1116,\"height\":200,\"caption\":\"Railware\"},\"image\":{\"@id\":\"https:\/\/railware.de\/#\/schema\/logo\/image\/\"}},{\"@type\":\"WebSite\",\"@id\":\"https:\/\/railware.de\/#website\",\"url\":\"https:\/\/railware.de\/\",\"name\":\"Railware\",\"description\":\"Sch\u00f6ne neue Welt\",\"publisher\":{\"@id\":\"https:\/\/railware.de\/#organization\"},\"potentialAction\":[{\"@type\":\"SearchAction\",\"target\":{\"@type\":\"EntryPoint\",\"urlTemplate\":\"https:\/\/railware.de\/?s={search_term_string}\"},\"query-input\":\"required name=search_term_string\"}],\"inLanguage\":\"en-GB\"},{\"@type\":\"WebPage\",\"@id\":\"https:\/\/railware.de\/light-at-night\/hardware-von-ldt\/\",\"url\":\"https:\/\/railware.de\/light-at-night\/hardware-von-ldt\/\",\"name\":\"Hardware von LDT - Railware\",\"isPartOf\":{\"@id\":\"https:\/\/railware.de\/#website\"},\"datePublished\":\"2020-05-11T18:45:32+00:00\",\"dateModified\":\"2021-10-22T12:06:56+00:00\",\"breadcrumb\":{\"@id\":\"https:\/\/railware.de\/light-at-night\/hardware-von-ldt\/#breadcrumb\"},\"inLanguage\":\"en-GB\",\"potentialAction\":[{\"@type\":\"ReadAction\",\"target\":[\"https:\/\/railware.de\/light-at-night\/hardware-von-ldt\/\"]}]},{\"@type\":\"BreadcrumbList\",\"@id\":\"https:\/\/railware.de\/light-at-night\/hardware-von-ldt\/#breadcrumb\",\"itemListElement\":[{\"@type\":\"ListItem\",\"position\":1,\"name\":\"Startseite\",\"item\":\"https:\/\/railware.de\/\"},{\"@type\":\"ListItem\",\"position\":2,\"name\":\"Es werde Licht\",\"item\":\"https:\/\/railware.de\/light-at-night\/\"},{\"@type\":\"ListItem\",\"position\":3,\"name\":\"Hardware von LDT\"}]}]}<\/script>\n<!-- \/ Yoast SEO plugin. -->","yoast_head_json":{"title":"Hardware von LDT - Railware","robots":{"index":"index","follow":"follow","max-snippet":"max-snippet:-1","max-image-preview":"max-image-preview:large","max-video-preview":"max-video-preview:-1"},"canonical":"https:\/\/railware.de\/light-at-night\/hardware-von-ldt\/","og_locale":"en_GB","og_type":"article","og_title":"Hardware von LDT - Railware","og_url":"https:\/\/railware.de\/light-at-night\/hardware-von-ldt\/","og_site_name":"Railware","article_modified_time":"2021-10-22T12:06:56+00:00","og_image":[{"url":"https:\/\/railware.de\/neu\/wp-content\/uploads\/LDTSkizzeModule.svg"}],"twitter_card":"summary_large_image","twitter_misc":{"Estimated reading time":"2 minutes"},"schema":{"@context":"https:\/\/schema.org","@graph":[{"@type":"Organization","@id":"https:\/\/railware.de\/#organization","name":"Railware","url":"https:\/\/railware.de\/","sameAs":[],"logo":{"@type":"ImageObject","inLanguage":"en-GB","@id":"https:\/\/railware.de\/#\/schema\/logo\/image\/","url":"https:\/\/railware.de\/wp-content\/uploads\/RailwareMR.jpg","contentUrl":"https:\/\/railware.de\/wp-content\/uploads\/RailwareMR.jpg","width":1116,"height":200,"caption":"Railware"},"image":{"@id":"https:\/\/railware.de\/#\/schema\/logo\/image\/"}},{"@type":"WebSite","@id":"https:\/\/railware.de\/#website","url":"https:\/\/railware.de\/","name":"Railware","description":"Sch\u00f6ne neue Welt","publisher":{"@id":"https:\/\/railware.de\/#organization"},"potentialAction":[{"@type":"SearchAction","target":{"@type":"EntryPoint","urlTemplate":"https:\/\/railware.de\/?s={search_term_string}"},"query-input":"required name=search_term_string"}],"inLanguage":"en-GB"},{"@type":"WebPage","@id":"https:\/\/railware.de\/light-at-night\/hardware-von-ldt\/","url":"https:\/\/railware.de\/light-at-night\/hardware-von-ldt\/","name":"Hardware von LDT - Railware","isPartOf":{"@id":"https:\/\/railware.de\/#website"},"datePublished":"2020-05-11T18:45:32+00:00","dateModified":"2021-10-22T12:06:56+00:00","breadcrumb":{"@id":"https:\/\/railware.de\/light-at-night\/hardware-von-ldt\/#breadcrumb"},"inLanguage":"en-GB","potentialAction":[{"@type":"ReadAction","target":["https:\/\/railware.de\/light-at-night\/hardware-von-ldt\/"]}]},{"@type":"BreadcrumbList","@id":"https:\/\/railware.de\/light-at-night\/hardware-von-ldt\/#breadcrumb","itemListElement":[{"@type":"ListItem","position":1,"name":"Startseite","item":"https:\/\/railware.de\/"},{"@type":"ListItem","position":2,"name":"Es werde Licht","item":"https:\/\/railware.de\/light-at-night\/"},{"@type":"ListItem","position":3,"name":"Hardware von LDT"}]}]}},"_links":{"self":[{"href":"https:\/\/railware.de\/en\/wp-json\/wp\/v2\/pages\/202"}],"collection":[{"href":"https:\/\/railware.de\/en\/wp-json\/wp\/v2\/pages"}],"about":[{"href":"https:\/\/railware.de\/en\/wp-json\/wp\/v2\/types\/page"}],"author":[{"embeddable":true,"href":"https:\/\/railware.de\/en\/wp-json\/wp\/v2\/users\/3"}],"replies":[{"embeddable":true,"href":"https:\/\/railware.de\/en\/wp-json\/wp\/v2\/comments?post=202"}],"version-history":[{"count":5,"href":"https:\/\/railware.de\/en\/wp-json\/wp\/v2\/pages\/202\/revisions"}],"predecessor-version":[{"id":2102,"href":"https:\/\/railware.de\/en\/wp-json\/wp\/v2\/pages\/202\/revisions\/2102"}],"up":[{"embeddable":true,"href":"https:\/\/railware.de\/en\/wp-json\/wp\/v2\/pages\/161"}],"wp:attachment":[{"href":"https:\/\/railware.de\/en\/wp-json\/wp\/v2\/media?parent=202"}],"curies":[{"name":"wp","href":"https:\/\/api.w.org\/{rel}","templated":true}]}}