{"id":161,"date":"2020-05-09T18:43:58","date_gmt":"2020-05-09T16:43:58","guid":{"rendered":"https:\/\/railware.de\/neu\/?page_id=161"},"modified":"2021-11-19T21:54:48","modified_gmt":"2021-11-19T20:54:48","slug":"light-at-night","status":"publish","type":"page","link":"https:\/\/railware.de\/en\/light-at-night\/","title":{"rendered":"Es werde Licht"},"content":{"rendered":"\n<blockquote class=\"wp-block-quote\"><p>Gott sprach: Es werde Licht!<br>Und es ward Licht.<br>Und Gott sah, dass das Licht gut war.<br>Da schied Gott das Licht von der Finsternis<br>und nannte das Licht Tag und die Finsternis Nacht.<\/p><p>Da ward aus Abend und Morgen der erste Tag.<\/p><\/blockquote>\n\n\n\n<figure class=\"wp-block-image size-large\"><img src=\"https:\/\/railware.de\/wp-content\/uploads\/GottSprach1420-1400x932.jpg\" alt=\"\"\/><\/figure>\n\n\n\n<h2>Und auf der Modellbahn?<\/h2>\n\n\n\n<p>So einfach ist das nat\u00fcrlich nicht &#8211; und wohl auch nicht in 7 Tagen. Jeder Modellbahner weiss, das die Montage der LED und deren Verkabelung die meiste Arbeit macht!<\/p>\n\n\n\n<p>Seit 2003 arbeiten wir kontinuierlich an modellbahngerechten Lichtsteuerungen und finden, dass es nun Zeit ist, den n\u00e4chsten gro\u00dfen Schritt zu tun: wir reduzieren den Aufwand der Verkabelung erheblich und machen die Hard- und Software intelligenter.<\/p>\n\n\n\n<p>Und so ganz nebenbei erh\u00f6hen wir nochmals die Zahl der Lichteffekte und reduzieren die Grundkonfiguration auf nur wenige Minuten!<\/p>\n\n\n\n<p>Dabei halfen uns langj\u00e4hrige Kontakte zu LDT und die kontinuierliche Zusammenarbeit mit Kunden um die Sorgen und N\u00f6te der t\u00e4glichen Arbeit besser zu verstehen.<\/p>\n\n\n\n<div class=\"wp-block-buttons is-content-justification-right\">\n<div class=\"wp-block-button has-custom-font-size has-normal-font-size\"><a class=\"wp-block-button__link\" href=\"https:\/\/railware.de\/neu\/light-at-night\/light-at-night-software\/\" style=\"border-radius:5px\">Siehe weiter: <strong>LightNight<\/strong><\/a><\/div>\n\n\n\n<div class=\"wp-block-button has-custom-font-size is-style-fill has-normal-font-size\"><a class=\"wp-block-button__link\" href=\"https:\/\/railware.de\/neu\/light-at-night\/light-at-night-easy\/\" style=\"border-radius:5px\">Oder: <strong>Light@Night Easy<\/strong><\/a><\/div>\n<\/div>\n","protected":false},"excerpt":{"rendered":"<p>Gott sprach: Es werde Licht!Und es ward Licht.Und Gott sah, dass das Licht gut war.Da schied Gott das Licht von der Finsternisund nannte das Licht Tag und die Finsternis Nacht. Da ward aus Abend und Morgen der erste Tag. Und auf der Modellbahn? So einfach ist das nat\u00fcrlich nicht &#8211; und wohl auch nicht in [&hellip;]<\/p>\n","protected":false},"author":3,"featured_media":0,"parent":0,"menu_order":0,"comment_status":"closed","ping_status":"closed","template":"","meta":{"_themeisle_gutenberg_block_has_review":false},"translation":{"provider":"WPGlobus","version":"3.0.0","language":"en","enabled_languages":["de","en"],"languages":{"de":{"title":true,"content":true,"excerpt":false},"en":{"title":false,"content":false,"excerpt":false}}},"yoast_head":"<!-- This site is optimized with the Yoast SEO plugin v19.4 - https:\/\/yoast.com\/wordpress\/plugins\/seo\/ -->\n<title>Es werde Licht - Railware<\/title>\n<meta name=\"robots\" content=\"index, follow, max-snippet:-1, max-image-preview:large, max-video-preview:-1\" \/>\n<link rel=\"canonical\" href=\"https:\/\/railware.de\/light-at-night\/\" \/>\n<meta property=\"og:locale\" content=\"en_GB\" \/>\n<meta property=\"og:type\" content=\"article\" \/>\n<meta property=\"og:title\" content=\"Es werde Licht - Railware\" \/>\n<meta property=\"og:url\" content=\"https:\/\/railware.de\/light-at-night\/\" \/>\n<meta property=\"og:site_name\" content=\"Railware\" \/>\n<meta property=\"article:modified_time\" content=\"2021-11-19T20:54:48+00:00\" \/>\n<meta property=\"og:image\" content=\"https:\/\/railware.de\/wp-content\/uploads\/GottSprach1420-1400x932.jpg\" \/>\n<meta name=\"twitter:card\" content=\"summary_large_image\" \/>\n<meta name=\"twitter:label1\" content=\"Estimated reading time\" \/>\n\t<meta name=\"twitter:data1\" content=\"1 minute\" \/>\n<script type=\"application\/ld+json\" class=\"yoast-schema-graph\">{\"@context\":\"https:\/\/schema.org\",\"@graph\":[{\"@type\":\"Organization\",\"@id\":\"https:\/\/railware.de\/#organization\",\"name\":\"Railware\",\"url\":\"https:\/\/railware.de\/\",\"sameAs\":[],\"logo\":{\"@type\":\"ImageObject\",\"inLanguage\":\"en-GB\",\"@id\":\"https:\/\/railware.de\/#\/schema\/logo\/image\/\",\"url\":\"https:\/\/railware.de\/wp-content\/uploads\/RailwareMR.jpg\",\"contentUrl\":\"https:\/\/railware.de\/wp-content\/uploads\/RailwareMR.jpg\",\"width\":1116,\"height\":200,\"caption\":\"Railware\"},\"image\":{\"@id\":\"https:\/\/railware.de\/#\/schema\/logo\/image\/\"}},{\"@type\":\"WebSite\",\"@id\":\"https:\/\/railware.de\/#website\",\"url\":\"https:\/\/railware.de\/\",\"name\":\"Railware\",\"description\":\"Sch\u00f6ne neue Welt\",\"publisher\":{\"@id\":\"https:\/\/railware.de\/#organization\"},\"potentialAction\":[{\"@type\":\"SearchAction\",\"target\":{\"@type\":\"EntryPoint\",\"urlTemplate\":\"https:\/\/railware.de\/?s={search_term_string}\"},\"query-input\":\"required name=search_term_string\"}],\"inLanguage\":\"en-GB\"},{\"@type\":\"WebPage\",\"@id\":\"https:\/\/railware.de\/light-at-night\/\",\"url\":\"https:\/\/railware.de\/light-at-night\/\",\"name\":\"Es werde Licht - Railware\",\"isPartOf\":{\"@id\":\"https:\/\/railware.de\/#website\"},\"datePublished\":\"2020-05-09T16:43:58+00:00\",\"dateModified\":\"2021-11-19T20:54:48+00:00\",\"breadcrumb\":{\"@id\":\"https:\/\/railware.de\/light-at-night\/#breadcrumb\"},\"inLanguage\":\"en-GB\",\"potentialAction\":[{\"@type\":\"ReadAction\",\"target\":[\"https:\/\/railware.de\/light-at-night\/\"]}]},{\"@type\":\"BreadcrumbList\",\"@id\":\"https:\/\/railware.de\/light-at-night\/#breadcrumb\",\"itemListElement\":[{\"@type\":\"ListItem\",\"position\":1,\"name\":\"Startseite\",\"item\":\"https:\/\/railware.de\/\"},{\"@type\":\"ListItem\",\"position\":2,\"name\":\"Es werde Licht\"}]}]}<\/script>\n<!-- \/ Yoast SEO plugin. -->","yoast_head_json":{"title":"Es werde Licht - Railware","robots":{"index":"index","follow":"follow","max-snippet":"max-snippet:-1","max-image-preview":"max-image-preview:large","max-video-preview":"max-video-preview:-1"},"canonical":"https:\/\/railware.de\/light-at-night\/","og_locale":"en_GB","og_type":"article","og_title":"Es werde Licht - Railware","og_url":"https:\/\/railware.de\/light-at-night\/","og_site_name":"Railware","article_modified_time":"2021-11-19T20:54:48+00:00","og_image":[{"url":"https:\/\/railware.de\/wp-content\/uploads\/GottSprach1420-1400x932.jpg"}],"twitter_card":"summary_large_image","twitter_misc":{"Estimated reading time":"1 minute"},"schema":{"@context":"https:\/\/schema.org","@graph":[{"@type":"Organization","@id":"https:\/\/railware.de\/#organization","name":"Railware","url":"https:\/\/railware.de\/","sameAs":[],"logo":{"@type":"ImageObject","inLanguage":"en-GB","@id":"https:\/\/railware.de\/#\/schema\/logo\/image\/","url":"https:\/\/railware.de\/wp-content\/uploads\/RailwareMR.jpg","contentUrl":"https:\/\/railware.de\/wp-content\/uploads\/RailwareMR.jpg","width":1116,"height":200,"caption":"Railware"},"image":{"@id":"https:\/\/railware.de\/#\/schema\/logo\/image\/"}},{"@type":"WebSite","@id":"https:\/\/railware.de\/#website","url":"https:\/\/railware.de\/","name":"Railware","description":"Sch\u00f6ne neue Welt","publisher":{"@id":"https:\/\/railware.de\/#organization"},"potentialAction":[{"@type":"SearchAction","target":{"@type":"EntryPoint","urlTemplate":"https:\/\/railware.de\/?s={search_term_string}"},"query-input":"required name=search_term_string"}],"inLanguage":"en-GB"},{"@type":"WebPage","@id":"https:\/\/railware.de\/light-at-night\/","url":"https:\/\/railware.de\/light-at-night\/","name":"Es werde Licht - Railware","isPartOf":{"@id":"https:\/\/railware.de\/#website"},"datePublished":"2020-05-09T16:43:58+00:00","dateModified":"2021-11-19T20:54:48+00:00","breadcrumb":{"@id":"https:\/\/railware.de\/light-at-night\/#breadcrumb"},"inLanguage":"en-GB","potentialAction":[{"@type":"ReadAction","target":["https:\/\/railware.de\/light-at-night\/"]}]},{"@type":"BreadcrumbList","@id":"https:\/\/railware.de\/light-at-night\/#breadcrumb","itemListElement":[{"@type":"ListItem","position":1,"name":"Startseite","item":"https:\/\/railware.de\/"},{"@type":"ListItem","position":2,"name":"Es werde Licht"}]}]}},"_links":{"self":[{"href":"https:\/\/railware.de\/en\/wp-json\/wp\/v2\/pages\/161"}],"collection":[{"href":"https:\/\/railware.de\/en\/wp-json\/wp\/v2\/pages"}],"about":[{"href":"https:\/\/railware.de\/en\/wp-json\/wp\/v2\/types\/page"}],"author":[{"embeddable":true,"href":"https:\/\/railware.de\/en\/wp-json\/wp\/v2\/users\/3"}],"replies":[{"embeddable":true,"href":"https:\/\/railware.de\/en\/wp-json\/wp\/v2\/comments?post=161"}],"version-history":[{"count":15,"href":"https:\/\/railware.de\/en\/wp-json\/wp\/v2\/pages\/161\/revisions"}],"predecessor-version":[{"id":2399,"href":"https:\/\/railware.de\/en\/wp-json\/wp\/v2\/pages\/161\/revisions\/2399"}],"wp:attachment":[{"href":"https:\/\/railware.de\/en\/wp-json\/wp\/v2\/media?parent=161"}],"curies":[{"name":"wp","href":"https:\/\/api.w.org\/{rel}","templated":true}]}}