{"id":157,"date":"2020-05-09T18:29:50","date_gmt":"2020-05-09T16:29:50","guid":{"rendered":"https:\/\/railware.de\/neu\/?page_id=157"},"modified":"2021-10-26T09:33:58","modified_gmt":"2021-10-26T07:33:58","slug":"download-light-at-night-4","status":"publish","type":"page","link":"https:\/\/railware.de\/en\/downloads\/download-light-at-night-4\/","title":{"rendered":"Download Light@Night 4"},"content":{"rendered":"\n<h2>Download Light@Night 4<\/h2>\n\n\n\n<p>Dies ist die voll funktionsf\u00e4hige Demoversion von Light@Night 4.<\/p>\n\n\n\n<p>Sie k\u00f6nnen sie installieren und f\u00fcr einen unbeschr\u00e4nkten Zeitraum testen. Jedoch ist ca. 10 Minuten nach dem Programmstart kein echter Betrieb mehr mit der Elektronik m\u00f6glich.<\/p>\n\n\n\n<p>Nach dem Kauf bleiben alle vorhandenen Einstellungen erhalten.<\/p>\n\n\n\n<div class=\"wp-block-buttons is-content-justification-center\">\n<div class=\"wp-block-button\"><a class=\"wp-block-button__link\" style=\"border-radius:5px\"><strong>Download Light@Night 4<\/strong><\/a><\/div>\n<\/div>\n\n\n\n<h3>Installation und Dokumentation<\/h3>\n\n\n\n<p>Hier ist die vollst\u00e4ndige Dokumentation mit Installation, Bedienung und technischen Beschreibungen zu Light@Night.<\/p>\n\n\n\n<div class=\"wp-block-buttons is-content-justification-center\">\n<div class=\"wp-block-button\"><a class=\"wp-block-button__link\" href=\"https:\/\/doku.railware.de\/Dokumentation\" style=\"border-radius:5px\"><strong>Dokumentation<\/strong><\/a><\/div>\n\n\n\n<div class=\"wp-block-button\"><a class=\"wp-block-button__link\" href=\"https:\/\/doku.railware.de\/dl668\" style=\"border-radius:5px\"><strong>Handbuch PDF<\/strong><\/a><\/div>\n<\/div>\n","protected":false},"excerpt":{"rendered":"<p>Download Light@Night 4 Dies ist die voll funktionsf\u00e4hige Demoversion von Light@Night 4. Sie k\u00f6nnen sie installieren und f\u00fcr einen unbeschr\u00e4nkten Zeitraum testen. Jedoch ist ca. 10 Minuten nach dem Programmstart kein echter Betrieb mehr mit der Elektronik m\u00f6glich. Nach dem Kauf bleiben alle vorhandenen Einstellungen erhalten. Installation und Dokumentation Hier ist die vollst\u00e4ndige Dokumentation mit [&hellip;]<\/p>\n","protected":false},"author":3,"featured_media":0,"parent":332,"menu_order":0,"comment_status":"closed","ping_status":"closed","template":"","meta":{"_themeisle_gutenberg_block_has_review":false},"translation":{"provider":"WPGlobus","version":"3.0.0","language":"en","enabled_languages":["de","en"],"languages":{"de":{"title":true,"content":true,"excerpt":false},"en":{"title":false,"content":false,"excerpt":false}}},"yoast_head":"<!-- This site is optimized with the Yoast SEO plugin v19.4 - https:\/\/yoast.com\/wordpress\/plugins\/seo\/ -->\n<title>Download Light@Night 4 - Railware<\/title>\n<meta name=\"robots\" content=\"index, follow, max-snippet:-1, max-image-preview:large, max-video-preview:-1\" \/>\n<link rel=\"canonical\" href=\"https:\/\/railware.de\/downloads\/download-light-at-night-4\/\" \/>\n<meta property=\"og:locale\" content=\"en_GB\" \/>\n<meta property=\"og:type\" content=\"article\" \/>\n<meta property=\"og:title\" content=\"Download Light@Night 4 - Railware\" \/>\n<meta property=\"og:url\" content=\"https:\/\/railware.de\/downloads\/download-light-at-night-4\/\" \/>\n<meta property=\"og:site_name\" content=\"Railware\" \/>\n<meta property=\"article:modified_time\" content=\"2021-10-26T07:33:58+00:00\" \/>\n<meta name=\"twitter:card\" content=\"summary_large_image\" \/>\n<meta name=\"twitter:label1\" content=\"Estimated reading time\" \/>\n\t<meta name=\"twitter:data1\" content=\"1 minute\" \/>\n<script type=\"application\/ld+json\" class=\"yoast-schema-graph\">{\"@context\":\"https:\/\/schema.org\",\"@graph\":[{\"@type\":\"Organization\",\"@id\":\"https:\/\/railware.de\/#organization\",\"name\":\"Railware\",\"url\":\"https:\/\/railware.de\/\",\"sameAs\":[],\"logo\":{\"@type\":\"ImageObject\",\"inLanguage\":\"en-GB\",\"@id\":\"https:\/\/railware.de\/#\/schema\/logo\/image\/\",\"url\":\"https:\/\/railware.de\/wp-content\/uploads\/RailwareMR.jpg\",\"contentUrl\":\"https:\/\/railware.de\/wp-content\/uploads\/RailwareMR.jpg\",\"width\":1116,\"height\":200,\"caption\":\"Railware\"},\"image\":{\"@id\":\"https:\/\/railware.de\/#\/schema\/logo\/image\/\"}},{\"@type\":\"WebSite\",\"@id\":\"https:\/\/railware.de\/#website\",\"url\":\"https:\/\/railware.de\/\",\"name\":\"Railware\",\"description\":\"Sch\u00f6ne neue Welt\",\"publisher\":{\"@id\":\"https:\/\/railware.de\/#organization\"},\"potentialAction\":[{\"@type\":\"SearchAction\",\"target\":{\"@type\":\"EntryPoint\",\"urlTemplate\":\"https:\/\/railware.de\/?s={search_term_string}\"},\"query-input\":\"required name=search_term_string\"}],\"inLanguage\":\"en-GB\"},{\"@type\":\"WebPage\",\"@id\":\"https:\/\/railware.de\/downloads\/download-light-at-night-4\/\",\"url\":\"https:\/\/railware.de\/downloads\/download-light-at-night-4\/\",\"name\":\"Download Light@Night 4 - Railware\",\"isPartOf\":{\"@id\":\"https:\/\/railware.de\/#website\"},\"datePublished\":\"2020-05-09T16:29:50+00:00\",\"dateModified\":\"2021-10-26T07:33:58+00:00\",\"breadcrumb\":{\"@id\":\"https:\/\/railware.de\/downloads\/download-light-at-night-4\/#breadcrumb\"},\"inLanguage\":\"en-GB\",\"potentialAction\":[{\"@type\":\"ReadAction\",\"target\":[\"https:\/\/railware.de\/downloads\/download-light-at-night-4\/\"]}]},{\"@type\":\"BreadcrumbList\",\"@id\":\"https:\/\/railware.de\/downloads\/download-light-at-night-4\/#breadcrumb\",\"itemListElement\":[{\"@type\":\"ListItem\",\"position\":1,\"name\":\"Startseite\",\"item\":\"https:\/\/railware.de\/\"},{\"@type\":\"ListItem\",\"position\":2,\"name\":\"Downloads\",\"item\":\"https:\/\/railware.de\/downloads\/\"},{\"@type\":\"ListItem\",\"position\":3,\"name\":\"Download Light@Night 4\"}]}]}<\/script>\n<!-- \/ Yoast SEO plugin. -->","yoast_head_json":{"title":"Download Light@Night 4 - Railware","robots":{"index":"index","follow":"follow","max-snippet":"max-snippet:-1","max-image-preview":"max-image-preview:large","max-video-preview":"max-video-preview:-1"},"canonical":"https:\/\/railware.de\/downloads\/download-light-at-night-4\/","og_locale":"en_GB","og_type":"article","og_title":"Download Light@Night 4 - Railware","og_url":"https:\/\/railware.de\/downloads\/download-light-at-night-4\/","og_site_name":"Railware","article_modified_time":"2021-10-26T07:33:58+00:00","twitter_card":"summary_large_image","twitter_misc":{"Estimated reading time":"1 minute"},"schema":{"@context":"https:\/\/schema.org","@graph":[{"@type":"Organization","@id":"https:\/\/railware.de\/#organization","name":"Railware","url":"https:\/\/railware.de\/","sameAs":[],"logo":{"@type":"ImageObject","inLanguage":"en-GB","@id":"https:\/\/railware.de\/#\/schema\/logo\/image\/","url":"https:\/\/railware.de\/wp-content\/uploads\/RailwareMR.jpg","contentUrl":"https:\/\/railware.de\/wp-content\/uploads\/RailwareMR.jpg","width":1116,"height":200,"caption":"Railware"},"image":{"@id":"https:\/\/railware.de\/#\/schema\/logo\/image\/"}},{"@type":"WebSite","@id":"https:\/\/railware.de\/#website","url":"https:\/\/railware.de\/","name":"Railware","description":"Sch\u00f6ne neue Welt","publisher":{"@id":"https:\/\/railware.de\/#organization"},"potentialAction":[{"@type":"SearchAction","target":{"@type":"EntryPoint","urlTemplate":"https:\/\/railware.de\/?s={search_term_string}"},"query-input":"required name=search_term_string"}],"inLanguage":"en-GB"},{"@type":"WebPage","@id":"https:\/\/railware.de\/downloads\/download-light-at-night-4\/","url":"https:\/\/railware.de\/downloads\/download-light-at-night-4\/","name":"Download Light@Night 4 - Railware","isPartOf":{"@id":"https:\/\/railware.de\/#website"},"datePublished":"2020-05-09T16:29:50+00:00","dateModified":"2021-10-26T07:33:58+00:00","breadcrumb":{"@id":"https:\/\/railware.de\/downloads\/download-light-at-night-4\/#breadcrumb"},"inLanguage":"en-GB","potentialAction":[{"@type":"ReadAction","target":["https:\/\/railware.de\/downloads\/download-light-at-night-4\/"]}]},{"@type":"BreadcrumbList","@id":"https:\/\/railware.de\/downloads\/download-light-at-night-4\/#breadcrumb","itemListElement":[{"@type":"ListItem","position":1,"name":"Startseite","item":"https:\/\/railware.de\/"},{"@type":"ListItem","position":2,"name":"Downloads","item":"https:\/\/railware.de\/downloads\/"},{"@type":"ListItem","position":3,"name":"Download Light@Night 4"}]}]}},"_links":{"self":[{"href":"https:\/\/railware.de\/en\/wp-json\/wp\/v2\/pages\/157"}],"collection":[{"href":"https:\/\/railware.de\/en\/wp-json\/wp\/v2\/pages"}],"about":[{"href":"https:\/\/railware.de\/en\/wp-json\/wp\/v2\/types\/page"}],"author":[{"embeddable":true,"href":"https:\/\/railware.de\/en\/wp-json\/wp\/v2\/users\/3"}],"replies":[{"embeddable":true,"href":"https:\/\/railware.de\/en\/wp-json\/wp\/v2\/comments?post=157"}],"version-history":[{"count":14,"href":"https:\/\/railware.de\/en\/wp-json\/wp\/v2\/pages\/157\/revisions"}],"predecessor-version":[{"id":2222,"href":"https:\/\/railware.de\/en\/wp-json\/wp\/v2\/pages\/157\/revisions\/2222"}],"up":[{"embeddable":true,"href":"https:\/\/railware.de\/en\/wp-json\/wp\/v2\/pages\/332"}],"wp:attachment":[{"href":"https:\/\/railware.de\/en\/wp-json\/wp\/v2\/media?parent=157"}],"curies":[{"name":"wp","href":"https:\/\/api.w.org\/{rel}","templated":true}]}}