{"id":1565,"date":"2021-10-17T11:57:17","date_gmt":"2021-10-17T09:57:17","guid":{"rendered":"https:\/\/railware.de\/neu\/home\/"},"modified":"2026-04-13T15:44:01","modified_gmt":"2026-04-13T13:44:01","slug":"home","status":"publish","type":"page","link":"https:\/\/railware.de\/en\/","title":{"rendered":"Home"},"content":{"rendered":"\n<p class=\"has-text-align-center\"><strong>Komfortable Funktionen mit logischen Entscheidungen statt Programmierung. Der PC ist Spielpartner des Modellbahners. Skaliert bis zu den gr\u00f6\u00dften Modelleisenbahnen.<br><\/strong>Dazu fertigen wir in Kleinserie Elektronikbausteine, die unseren hohen Anspr\u00fcchen gerecht werden.<\/p>\n\n\n\n<p class=\"has-text-align-center\">Unsere Referenzen sind die gr\u00f6\u00dfte und bekannteste Modellbahn der Welt, das Miniatur Wunderland in Hamburg, sowie viele tausend private Modelleisenbahner.<\/p>\n\n\n\n<h2>Letzte \u00c4nderungen<\/h2>\n\n\n<ul class=\"wp-block-latest-posts__list is-grid columns-3 has-dates wp-block-latest-posts\"><li><a href=\"https:\/\/railware.de\/en\/umbau-railware\/\">Umbau Railware<\/a><time datetime=\"2026-03-12T13:11:12+01:00\" class=\"wp-block-latest-posts__post-date\">12.03.2026<\/time><div class=\"wp-block-latest-posts__post-excerpt\">In den n\u00e4chsten Tagen bauen wir unsere Firma und die Webseiten um: Der Name Railware wird f\u00fcr das Produkt Modellbahnsteuerung verwendet, unsere Firma wird zu Kontrollraum.io umbenannt. Dort entsteht eine neue Portalseite mit allen unseren Produkten und einer brandneuen Produktserie. Unsere Arbeiten werden erst Anfang Juni 2026 abgeschlossen sein. Es kann m\u00f6glicherweise zu kleineren Unterbrechungen [&hellip;]<\/div><\/li>\n<li><div class=\"wp-block-latest-posts__featured-image aligncenter\"><img width=\"383\" height=\"538\" src=\"https:\/\/railware.de\/wp-content\/uploads\/LED-Handbuch-Shop-e1634653076276.png\" class=\"attachment-medium size-medium wp-post-image\" alt=\"\" loading=\"lazy\" style=\"max-width:350px;max-height:350px;\" \/><\/div><a href=\"https:\/\/railware.de\/en\/led-handbuch\/\">LED-Handbuch<\/a><time datetime=\"2020-09-15T17:01:51+02:00\" class=\"wp-block-latest-posts__post-date\">15.09.2020<\/time><div class=\"wp-block-latest-posts__post-excerpt\">Im neuen LED-Handbuch stehen Informationen zur Modellbahn-Beleuchtung, empfohlener Techniken, Grundlagen der Elektronik und Verkabelung, praktische Tipps und kurze Informationen zu unseren Produkten. Ein fiktiver Rundgang in der Wirklichkeit gibt Denkanst\u00f6\u00dfe.<\/div><\/li>\n<\/ul>\n\n\n<h2>Blog<\/h2>\n\n\n<ul class=\"wp-block-latest-posts__list is-grid columns-3 has-dates has-author wp-block-latest-posts\"><li><a href=\"https:\/\/railware.de\/en\/umbau-railware\/\">Umbau Railware<\/a><div class=\"wp-block-latest-posts__post-author\">by Dieter Hinz<\/div><time datetime=\"2026-03-12T13:11:12+01:00\" class=\"wp-block-latest-posts__post-date\">12.03.2026<\/time><div class=\"wp-block-latest-posts__post-excerpt\">In den n\u00e4chsten Tagen bauen wir unsere Firma und die Webseiten um: Der Name Railware wird f\u00fcr das Produkt Modellbahnsteuerung verwendet, unsere Firma wird zu Kontrollraum.io umbenannt. Dort entsteht eine neue Portalseite mit allen unseren Produkten und einer brandneuen Produktserie. Unsere Arbeiten werden erst Anfang Juni 2026 abgeschlossen sein. Es kann m\u00f6glicherweise zu kleineren Unterbrechungen [&hellip;]<\/div><\/li>\n<li><a href=\"https:\/\/railware.de\/en\/neues-von-railware\/\">Neues von Railware<\/a><div class=\"wp-block-latest-posts__post-author\">by Dieter Hinz<\/div><time datetime=\"2024-10-28T09:11:43+01:00\" class=\"wp-block-latest-posts__post-date\">28.10.2024<\/time><div class=\"wp-block-latest-posts__post-excerpt\">Wird mal wieder Zeit etwas von Railware zu h\u00f6ren? K\u00f6nnen wir gut verstehen. Trotz des schwierigen Modellbahnsektors und den Folgen der Pandemie gab es doch einige Neuerungen: So wird seit ein paar Jahren Light@Night Easy-2 ausgeliefert, dazu viele neue digitale LED und passende Bausteine wie das &#8220;RGB-Relais&#8221;. In den letzen 4 Jahren wurden f\u00fcr Railware [&hellip;]<\/div><\/li>\n<li><div class=\"wp-block-latest-posts__featured-image\"><img width=\"250\" height=\"160\" src=\"https:\/\/railware.de\/wp-content\/uploads\/Blogs-e1634652707171.jpg\" class=\"attachment-thumbnail size-thumbnail wp-post-image\" alt=\"\" loading=\"lazy\" style=\"max-width:300px;max-height:300px;\" \/><\/div><a href=\"https:\/\/railware.de\/en\/ueber-diese-webseiten\/\">\u00dcber diese Webseiten<\/a><div class=\"wp-block-latest-posts__post-author\">by Dieter Hinz<\/div><time datetime=\"2021-10-28T10:36:45+02:00\" class=\"wp-block-latest-posts__post-date\">28.10.2021<\/time><div class=\"wp-block-latest-posts__post-excerpt\">Nachdem wir aus verschiedenen Gr\u00fcnden unsere Pl\u00e4ne im vergangenen Jahr \u00fcberarbeitet haben, hat dies auch f\u00fcr neue Priorit\u00e4ten gesorgt. Und so wurde manches Wichtige nun auch noch dringend. Und das Eine oder Andere ist gnadenlos nach hinten geschoben &#8211; auch wenn es uns vielleicht schaden k\u00f6nnte. Lange gab es Diskussionen, welche Inhalte die neuen Webseiten [&hellip;]<\/div><\/li>\n<li><div class=\"wp-block-latest-posts__featured-image\"><img width=\"250\" height=\"103\" src=\"https:\/\/railware.de\/wp-content\/uploads\/Webseitenbau-e1634652561584-250x103.jpg\" class=\"attachment-thumbnail size-thumbnail wp-post-image\" alt=\"\" loading=\"lazy\" style=\"max-width:300px;max-height:300px;\" srcset=\"https:\/\/railware.de\/wp-content\/uploads\/Webseitenbau-e1634652561584-250x103.jpg 250w, https:\/\/railware.de\/wp-content\/uploads\/Webseitenbau-e1634652561584-700x289.jpg 700w, https:\/\/railware.de\/wp-content\/uploads\/Webseitenbau-e1634652561584-768x317.jpg 768w, https:\/\/railware.de\/wp-content\/uploads\/Webseitenbau-e1634652561584.jpg 801w\" sizes=\"(max-width: 250px) 100vw, 250px\" \/><\/div><a href=\"https:\/\/railware.de\/en\/neuer-blog\/\">Neuer Blog<\/a><div class=\"wp-block-latest-posts__post-author\">by Dieter Hinz<\/div><time datetime=\"2021-09-15T22:55:20+02:00\" class=\"wp-block-latest-posts__post-date\">15.09.2021<\/time><div class=\"wp-block-latest-posts__post-excerpt\">Langj\u00e4hrige Kunden erinnern sich noch: vor vielen Jahren haben wir &#8220;Wochenberichte&#8221; geschrieben. Das war zu einer Zeit, wo es den Begriff &#8220;Blog&#8221; noch gar nicht gab. Unsere Wochenberichte waren die meistabgerufenen Seiten und wurden von weitaus mehr Modellbahnern gelesen als wir Kunden hatten. Sie enthielten oft technische Informationen, die es sonst nicht gab, benannten Dinge [&hellip;]<\/div><\/li>\n<\/ul>","protected":false},"excerpt":{"rendered":"<p>Komfortable Funktionen mit logischen Entscheidungen statt Programmierung. Der PC ist Spielpartner des Modellbahners. Skaliert bis zu den gr\u00f6\u00dften Modelleisenbahnen.Dazu fertigen wir in Kleinserie Elektronikbausteine, die unseren hohen Anspr\u00fcchen gerecht werden. Unsere Referenzen sind die gr\u00f6\u00dfte und bekannteste Modellbahn der Welt, das Miniatur Wunderland in Hamburg, sowie viele tausend private Modelleisenbahner. Letzte \u00c4nderungen Blog<\/p>\n","protected":false},"author":3,"featured_media":0,"parent":0,"menu_order":0,"comment_status":"closed","ping_status":"closed","template":"","meta":{"_themeisle_gutenberg_block_has_review":false},"translation":{"provider":"WPGlobus","version":"3.0.0","language":"en","enabled_languages":["de","en"],"languages":{"de":{"title":true,"content":true,"excerpt":false},"en":{"title":false,"content":false,"excerpt":false}}},"yoast_head":"<!-- This site is optimized with the Yoast SEO plugin v19.4 - https:\/\/yoast.com\/wordpress\/plugins\/seo\/ -->\n<title>Home - Railware<\/title>\n<meta name=\"robots\" content=\"index, follow, max-snippet:-1, max-image-preview:large, max-video-preview:-1\" \/>\n<link rel=\"canonical\" href=\"https:\/\/railware.de\/\" \/>\n<meta property=\"og:locale\" content=\"en_GB\" \/>\n<meta property=\"og:type\" content=\"article\" \/>\n<meta property=\"og:title\" content=\"Home - Railware\" \/>\n<meta property=\"og:url\" content=\"https:\/\/railware.de\/\" \/>\n<meta property=\"og:site_name\" content=\"Railware\" \/>\n<meta property=\"article:modified_time\" content=\"2026-04-13T13:44:01+00:00\" \/>\n<meta name=\"twitter:card\" content=\"summary_large_image\" \/>\n<meta name=\"twitter:label1\" content=\"Estimated reading time\" \/>\n\t<meta name=\"twitter:data1\" content=\"1 minute\" \/>\n<script type=\"application\/ld+json\" class=\"yoast-schema-graph\">{\"@context\":\"https:\/\/schema.org\",\"@graph\":[{\"@type\":\"Organization\",\"@id\":\"https:\/\/railware.de\/#organization\",\"name\":\"Railware\",\"url\":\"https:\/\/railware.de\/\",\"sameAs\":[],\"logo\":{\"@type\":\"ImageObject\",\"inLanguage\":\"en-GB\",\"@id\":\"https:\/\/railware.de\/#\/schema\/logo\/image\/\",\"url\":\"https:\/\/railware.de\/wp-content\/uploads\/RailwareMR.jpg\",\"contentUrl\":\"https:\/\/railware.de\/wp-content\/uploads\/RailwareMR.jpg\",\"width\":1116,\"height\":200,\"caption\":\"Railware\"},\"image\":{\"@id\":\"https:\/\/railware.de\/#\/schema\/logo\/image\/\"}},{\"@type\":\"WebSite\",\"@id\":\"https:\/\/railware.de\/#website\",\"url\":\"https:\/\/railware.de\/\",\"name\":\"Railware\",\"description\":\"Sch\u00f6ne neue Welt\",\"publisher\":{\"@id\":\"https:\/\/railware.de\/#organization\"},\"potentialAction\":[{\"@type\":\"SearchAction\",\"target\":{\"@type\":\"EntryPoint\",\"urlTemplate\":\"https:\/\/railware.de\/?s={search_term_string}\"},\"query-input\":\"required name=search_term_string\"}],\"inLanguage\":\"en-GB\"},{\"@type\":\"WebPage\",\"@id\":\"https:\/\/railware.de\/\",\"url\":\"https:\/\/railware.de\/\",\"name\":\"Home - Railware\",\"isPartOf\":{\"@id\":\"https:\/\/railware.de\/#website\"},\"datePublished\":\"2021-10-17T09:57:17+00:00\",\"dateModified\":\"2026-04-13T13:44:01+00:00\",\"breadcrumb\":{\"@id\":\"https:\/\/railware.de\/#breadcrumb\"},\"inLanguage\":\"en-GB\",\"potentialAction\":[{\"@type\":\"ReadAction\",\"target\":[\"https:\/\/railware.de\/\"]}]},{\"@type\":\"BreadcrumbList\",\"@id\":\"https:\/\/railware.de\/#breadcrumb\",\"itemListElement\":[{\"@type\":\"ListItem\",\"position\":1,\"name\":\"Startseite\",\"item\":\"https:\/\/railware.de\/\"},{\"@type\":\"ListItem\",\"position\":2,\"name\":\"Home\"}]}]}<\/script>\n<!-- \/ Yoast SEO plugin. -->","yoast_head_json":{"title":"Home - Railware","robots":{"index":"index","follow":"follow","max-snippet":"max-snippet:-1","max-image-preview":"max-image-preview:large","max-video-preview":"max-video-preview:-1"},"canonical":"https:\/\/railware.de\/","og_locale":"en_GB","og_type":"article","og_title":"Home - Railware","og_url":"https:\/\/railware.de\/","og_site_name":"Railware","article_modified_time":"2026-04-13T13:44:01+00:00","twitter_card":"summary_large_image","twitter_misc":{"Estimated reading time":"1 minute"},"schema":{"@context":"https:\/\/schema.org","@graph":[{"@type":"Organization","@id":"https:\/\/railware.de\/#organization","name":"Railware","url":"https:\/\/railware.de\/","sameAs":[],"logo":{"@type":"ImageObject","inLanguage":"en-GB","@id":"https:\/\/railware.de\/#\/schema\/logo\/image\/","url":"https:\/\/railware.de\/wp-content\/uploads\/RailwareMR.jpg","contentUrl":"https:\/\/railware.de\/wp-content\/uploads\/RailwareMR.jpg","width":1116,"height":200,"caption":"Railware"},"image":{"@id":"https:\/\/railware.de\/#\/schema\/logo\/image\/"}},{"@type":"WebSite","@id":"https:\/\/railware.de\/#website","url":"https:\/\/railware.de\/","name":"Railware","description":"Sch\u00f6ne neue Welt","publisher":{"@id":"https:\/\/railware.de\/#organization"},"potentialAction":[{"@type":"SearchAction","target":{"@type":"EntryPoint","urlTemplate":"https:\/\/railware.de\/?s={search_term_string}"},"query-input":"required name=search_term_string"}],"inLanguage":"en-GB"},{"@type":"WebPage","@id":"https:\/\/railware.de\/","url":"https:\/\/railware.de\/","name":"Home - Railware","isPartOf":{"@id":"https:\/\/railware.de\/#website"},"datePublished":"2021-10-17T09:57:17+00:00","dateModified":"2026-04-13T13:44:01+00:00","breadcrumb":{"@id":"https:\/\/railware.de\/#breadcrumb"},"inLanguage":"en-GB","potentialAction":[{"@type":"ReadAction","target":["https:\/\/railware.de\/"]}]},{"@type":"BreadcrumbList","@id":"https:\/\/railware.de\/#breadcrumb","itemListElement":[{"@type":"ListItem","position":1,"name":"Startseite","item":"https:\/\/railware.de\/"},{"@type":"ListItem","position":2,"name":"Home"}]}]}},"_links":{"self":[{"href":"https:\/\/railware.de\/en\/wp-json\/wp\/v2\/pages\/1565"}],"collection":[{"href":"https:\/\/railware.de\/en\/wp-json\/wp\/v2\/pages"}],"about":[{"href":"https:\/\/railware.de\/en\/wp-json\/wp\/v2\/types\/page"}],"author":[{"embeddable":true,"href":"https:\/\/railware.de\/en\/wp-json\/wp\/v2\/users\/3"}],"replies":[{"embeddable":true,"href":"https:\/\/railware.de\/en\/wp-json\/wp\/v2\/comments?post=1565"}],"version-history":[{"count":26,"href":"https:\/\/railware.de\/en\/wp-json\/wp\/v2\/pages\/1565\/revisions"}],"predecessor-version":[{"id":2596,"href":"https:\/\/railware.de\/en\/wp-json\/wp\/v2\/pages\/1565\/revisions\/2596"}],"wp:attachment":[{"href":"https:\/\/railware.de\/en\/wp-json\/wp\/v2\/media?parent=1565"}],"curies":[{"name":"wp","href":"https:\/\/api.w.org\/{rel}","templated":true}]}}