{"id":1522,"date":"2021-10-17T12:44:00","date_gmt":"2021-10-17T10:44:00","guid":{"rendered":"https:\/\/railware.de\/neu\/?page_id=1522"},"modified":"2021-11-28T15:43:55","modified_gmt":"2021-11-28T14:43:55","slug":"produkte","status":"publish","type":"page","link":"https:\/\/railware.de\/en\/produkte\/","title":{"rendered":"Produkte"},"content":{"rendered":"\n<div class=\"wp-block-media-text alignwide is-stacked-on-mobile\" style=\"grid-template-columns:51% auto\"><figure class=\"wp-block-media-text__media\"><a href=\"https:\/\/railware.de\/neu\/toprailware\/\"><img loading=\"lazy\" width=\"600\" height=\"108\" src=\"https:\/\/railware.de\/neu\/wp-content\/uploads\/RailwareMweb.png\" alt=\"\" class=\"wp-image-2269 size-full\" srcset=\"https:\/\/railware.de\/wp-content\/uploads\/RailwareMweb.png 600w, https:\/\/railware.de\/wp-content\/uploads\/RailwareMweb-250x45.png 250w\" sizes=\"(max-width: 600px) 100vw, 600px\" \/><\/a><\/figure><div class=\"wp-block-media-text__content\">\n<p class=\"has-medium-font-size\"><strong>Modellbahnsteuerung<\/strong><\/p>\n\n\n\n<p>Unerreicht komfortabel und einfach zu konfigurierende Steuerungssoftware f\u00fcr anspruchsvolle Modellbahner mit kleinen, mittleren und gro\u00dfen Modellbahnen. Rundum sorglos Software, die alles enth\u00e4lt.<\/p>\n<\/div><\/div>\n\n\n\n<div class=\"wp-block-media-text alignwide has-media-on-the-right is-stacked-on-mobile\" style=\"grid-template-columns:auto 48%\"><figure class=\"wp-block-media-text__media\"><a href=\"https:\/\/railware.de\/neu\/light-at-night\"><img loading=\"lazy\" width=\"600\" height=\"109\" src=\"https:\/\/railware.de\/neu\/wp-content\/uploads\/LightNightMweb.png\" alt=\"\" class=\"wp-image-2267 size-full\" srcset=\"https:\/\/railware.de\/wp-content\/uploads\/LightNightMweb.png 600w, https:\/\/railware.de\/wp-content\/uploads\/LightNightMweb-250x45.png 250w\" sizes=\"(max-width: 600px) 100vw, 600px\" \/><\/a><\/figure><div class=\"wp-block-media-text__content\">\n<p class=\"has-medium-font-size\"><strong>Lichtsteuerung f\u00fcr Modellbahnen<\/strong><\/p>\n\n\n\n<p>Die universelle, softwarebasierte Lichtsteuerung f\u00fcr alle Modellbahnanlagen. Die Erzeugung der variablen Effekte erfolgt im PC oder DC-Light Master.<\/p>\n<\/div><\/div>\n\n\n\n<div class=\"wp-block-media-text alignwide is-stacked-on-mobile\" style=\"grid-template-columns:45% auto\"><figure class=\"wp-block-media-text__media\"><a href=\"https:\/\/railware.de\/neu\/topdcrail\/\"><img loading=\"lazy\" width=\"600\" height=\"112\" src=\"https:\/\/railware.de\/neu\/wp-content\/uploads\/DCRailMweb.png\" alt=\"\" class=\"wp-image-2270 size-full\" srcset=\"https:\/\/railware.de\/wp-content\/uploads\/DCRailMweb.png 600w, https:\/\/railware.de\/wp-content\/uploads\/DCRailMweb-250x47.png 250w\" sizes=\"(max-width: 600px) 100vw, 600px\" \/><\/a><\/figure><div class=\"wp-block-media-text__content\">\n<p class=\"has-medium-font-size\"><strong>Digitale Technik f\u00fcr Modellbahnen<\/strong><\/p>\n\n\n\n<p>Perfekte Technik die optimal auf den Betrieb mit unserer Software abgestimmt ist. Bausteine zum Fahren, Schalten und Melden. Erm\u00f6glicht Modellbahnen ohne Grenzen.<\/p>\n<\/div><\/div>\n\n\n\n<div class=\"wp-block-media-text alignwide has-media-on-the-right is-stacked-on-mobile\" style=\"grid-template-columns:auto 44%\"><figure class=\"wp-block-media-text__media\"><a href=\"https:\/\/railware.de\/neu\/topdclight\/\"><img loading=\"lazy\" width=\"600\" height=\"128\" src=\"https:\/\/railware.de\/neu\/wp-content\/uploads\/DCLightMweb.png\" alt=\"\" class=\"wp-image-2268 size-full\" srcset=\"https:\/\/railware.de\/wp-content\/uploads\/DCLightMweb.png 600w, https:\/\/railware.de\/wp-content\/uploads\/DCLightMweb-250x53.png 250w\" sizes=\"(max-width: 600px) 100vw, 600px\" \/><\/a><\/figure><div class=\"wp-block-media-text__content\">\n<p class=\"has-medium-font-size\"><strong>Digitale Technik f\u00fcr die Lichtsteuerung<\/strong><\/p>\n\n\n\n<p>Perfekte Technik die optimal auf den Betrieb mit unserer Light@Night Software abgestimmt ist. Bausteine zum Schalten und Dimmen von D-Bus LED, analogen LED, Gl\u00fchl\u00e4mpchen, Ampelanlagen und Relais. <\/p>\n<\/div><\/div>\n\n\n\n<p><\/p>\n","protected":false},"excerpt":{"rendered":"<p>Modellbahnsteuerung Unerreicht komfortabel und einfach zu konfigurierende Steuerungssoftware f\u00fcr anspruchsvolle Modellbahner mit kleinen, mittleren und gro\u00dfen Modellbahnen. Rundum sorglos Software, die alles enth\u00e4lt. Lichtsteuerung f\u00fcr Modellbahnen Die universelle, softwarebasierte Lichtsteuerung f\u00fcr alle Modellbahnanlagen. Die Erzeugung der variablen Effekte erfolgt im PC oder DC-Light Master. Digitale Technik f\u00fcr Modellbahnen Perfekte Technik die optimal auf den Betrieb [&hellip;]<\/p>\n","protected":false},"author":3,"featured_media":0,"parent":0,"menu_order":0,"comment_status":"closed","ping_status":"closed","template":"","meta":{"_themeisle_gutenberg_block_has_review":false},"translation":{"provider":"WPGlobus","version":"3.0.0","language":"en","enabled_languages":["de","en"],"languages":{"de":{"title":true,"content":true,"excerpt":false},"en":{"title":false,"content":false,"excerpt":false}}},"yoast_head":"<!-- This site is optimized with the Yoast SEO plugin v19.4 - https:\/\/yoast.com\/wordpress\/plugins\/seo\/ -->\n<title>Produkte - Railware<\/title>\n<meta name=\"robots\" content=\"index, follow, max-snippet:-1, max-image-preview:large, max-video-preview:-1\" \/>\n<link rel=\"canonical\" href=\"https:\/\/railware.de\/produkte\/\" \/>\n<meta property=\"og:locale\" content=\"en_GB\" \/>\n<meta property=\"og:type\" content=\"article\" \/>\n<meta property=\"og:title\" content=\"Produkte - Railware\" \/>\n<meta property=\"og:url\" content=\"https:\/\/railware.de\/produkte\/\" \/>\n<meta property=\"og:site_name\" content=\"Railware\" \/>\n<meta property=\"article:modified_time\" content=\"2021-11-28T14:43:55+00:00\" \/>\n<meta property=\"og:image\" content=\"https:\/\/railware.de\/neu\/wp-content\/uploads\/RailwareMweb.png\" \/>\n<meta name=\"twitter:card\" content=\"summary_large_image\" \/>\n<meta name=\"twitter:label1\" content=\"Estimated reading time\" \/>\n\t<meta name=\"twitter:data1\" content=\"2 minutes\" \/>\n<script type=\"application\/ld+json\" class=\"yoast-schema-graph\">{\"@context\":\"https:\/\/schema.org\",\"@graph\":[{\"@type\":\"Organization\",\"@id\":\"https:\/\/railware.de\/#organization\",\"name\":\"Railware\",\"url\":\"https:\/\/railware.de\/\",\"sameAs\":[],\"logo\":{\"@type\":\"ImageObject\",\"inLanguage\":\"en-GB\",\"@id\":\"https:\/\/railware.de\/#\/schema\/logo\/image\/\",\"url\":\"https:\/\/railware.de\/wp-content\/uploads\/RailwareMR.jpg\",\"contentUrl\":\"https:\/\/railware.de\/wp-content\/uploads\/RailwareMR.jpg\",\"width\":1116,\"height\":200,\"caption\":\"Railware\"},\"image\":{\"@id\":\"https:\/\/railware.de\/#\/schema\/logo\/image\/\"}},{\"@type\":\"WebSite\",\"@id\":\"https:\/\/railware.de\/#website\",\"url\":\"https:\/\/railware.de\/\",\"name\":\"Railware\",\"description\":\"Sch\u00f6ne neue Welt\",\"publisher\":{\"@id\":\"https:\/\/railware.de\/#organization\"},\"potentialAction\":[{\"@type\":\"SearchAction\",\"target\":{\"@type\":\"EntryPoint\",\"urlTemplate\":\"https:\/\/railware.de\/?s={search_term_string}\"},\"query-input\":\"required name=search_term_string\"}],\"inLanguage\":\"en-GB\"},{\"@type\":\"WebPage\",\"@id\":\"https:\/\/railware.de\/produkte\/\",\"url\":\"https:\/\/railware.de\/produkte\/\",\"name\":\"Produkte - Railware\",\"isPartOf\":{\"@id\":\"https:\/\/railware.de\/#website\"},\"datePublished\":\"2021-10-17T10:44:00+00:00\",\"dateModified\":\"2021-11-28T14:43:55+00:00\",\"breadcrumb\":{\"@id\":\"https:\/\/railware.de\/produkte\/#breadcrumb\"},\"inLanguage\":\"en-GB\",\"potentialAction\":[{\"@type\":\"ReadAction\",\"target\":[\"https:\/\/railware.de\/produkte\/\"]}]},{\"@type\":\"BreadcrumbList\",\"@id\":\"https:\/\/railware.de\/produkte\/#breadcrumb\",\"itemListElement\":[{\"@type\":\"ListItem\",\"position\":1,\"name\":\"Startseite\",\"item\":\"https:\/\/railware.de\/\"},{\"@type\":\"ListItem\",\"position\":2,\"name\":\"Produkte\"}]}]}<\/script>\n<!-- \/ Yoast SEO plugin. -->","yoast_head_json":{"title":"Produkte - Railware","robots":{"index":"index","follow":"follow","max-snippet":"max-snippet:-1","max-image-preview":"max-image-preview:large","max-video-preview":"max-video-preview:-1"},"canonical":"https:\/\/railware.de\/produkte\/","og_locale":"en_GB","og_type":"article","og_title":"Produkte - Railware","og_url":"https:\/\/railware.de\/produkte\/","og_site_name":"Railware","article_modified_time":"2021-11-28T14:43:55+00:00","og_image":[{"url":"https:\/\/railware.de\/neu\/wp-content\/uploads\/RailwareMweb.png"}],"twitter_card":"summary_large_image","twitter_misc":{"Estimated reading time":"2 minutes"},"schema":{"@context":"https:\/\/schema.org","@graph":[{"@type":"Organization","@id":"https:\/\/railware.de\/#organization","name":"Railware","url":"https:\/\/railware.de\/","sameAs":[],"logo":{"@type":"ImageObject","inLanguage":"en-GB","@id":"https:\/\/railware.de\/#\/schema\/logo\/image\/","url":"https:\/\/railware.de\/wp-content\/uploads\/RailwareMR.jpg","contentUrl":"https:\/\/railware.de\/wp-content\/uploads\/RailwareMR.jpg","width":1116,"height":200,"caption":"Railware"},"image":{"@id":"https:\/\/railware.de\/#\/schema\/logo\/image\/"}},{"@type":"WebSite","@id":"https:\/\/railware.de\/#website","url":"https:\/\/railware.de\/","name":"Railware","description":"Sch\u00f6ne neue Welt","publisher":{"@id":"https:\/\/railware.de\/#organization"},"potentialAction":[{"@type":"SearchAction","target":{"@type":"EntryPoint","urlTemplate":"https:\/\/railware.de\/?s={search_term_string}"},"query-input":"required name=search_term_string"}],"inLanguage":"en-GB"},{"@type":"WebPage","@id":"https:\/\/railware.de\/produkte\/","url":"https:\/\/railware.de\/produkte\/","name":"Produkte - Railware","isPartOf":{"@id":"https:\/\/railware.de\/#website"},"datePublished":"2021-10-17T10:44:00+00:00","dateModified":"2021-11-28T14:43:55+00:00","breadcrumb":{"@id":"https:\/\/railware.de\/produkte\/#breadcrumb"},"inLanguage":"en-GB","potentialAction":[{"@type":"ReadAction","target":["https:\/\/railware.de\/produkte\/"]}]},{"@type":"BreadcrumbList","@id":"https:\/\/railware.de\/produkte\/#breadcrumb","itemListElement":[{"@type":"ListItem","position":1,"name":"Startseite","item":"https:\/\/railware.de\/"},{"@type":"ListItem","position":2,"name":"Produkte"}]}]}},"_links":{"self":[{"href":"https:\/\/railware.de\/en\/wp-json\/wp\/v2\/pages\/1522"}],"collection":[{"href":"https:\/\/railware.de\/en\/wp-json\/wp\/v2\/pages"}],"about":[{"href":"https:\/\/railware.de\/en\/wp-json\/wp\/v2\/types\/page"}],"author":[{"embeddable":true,"href":"https:\/\/railware.de\/en\/wp-json\/wp\/v2\/users\/3"}],"replies":[{"embeddable":true,"href":"https:\/\/railware.de\/en\/wp-json\/wp\/v2\/comments?post=1522"}],"version-history":[{"count":15,"href":"https:\/\/railware.de\/en\/wp-json\/wp\/v2\/pages\/1522\/revisions"}],"predecessor-version":[{"id":2457,"href":"https:\/\/railware.de\/en\/wp-json\/wp\/v2\/pages\/1522\/revisions\/2457"}],"wp:attachment":[{"href":"https:\/\/railware.de\/en\/wp-json\/wp\/v2\/media?parent=1522"}],"curies":[{"name":"wp","href":"https:\/\/api.w.org\/{rel}","templated":true}]}}