{"id":1333,"date":"2020-09-18T12:25:18","date_gmt":"2020-09-18T10:25:18","guid":{"rendered":"https:\/\/railware.de\/neu\/?page_id=1333"},"modified":"2021-11-19T21:39:54","modified_gmt":"2021-11-19T20:39:54","slug":"zuege-lenken","status":"publish","type":"page","link":"https:\/\/railware.de\/en\/zuege-lenken\/","title":{"rendered":"Z\u00fcge lenken"},"content":{"rendered":"\n<p><span class=\"fontstyle0\">Z\u00fcge finden selbstt\u00e4tig ihren Weg durch die Modellbahnanlage. Sie schalten automatisch die ben\u00f6tigten Weichen und reservieren sich ihre Fahrabschnitte. Personenz\u00fcge f\u00e4deln sich aus der zweigleisigen Hauptstrecke aus und G\u00fcterz\u00fcge werden in eigens f\u00fcr sie reservierte Gleisabschnitte gelenkt. Fr\u00fcher musste dies in den Abl\u00e4ufen fest vorgegeben sein. Bei Railware erfolgt dies einzig \u00fcber die Angabe von Zug- und Streckeneigenschaften.<\/span><\/p>\n\n\n\n<div class=\"wp-block-group\"><div class=\"wp-block-group__inner-container\">\n<div class=\"wp-block-image\"><figure class=\"aligncenter size-large\"><img src=\"https:\/\/railware.de\/wp-content\/uploads\/rwGattungenSymbole.svg\" alt=\"\"\/><\/figure><\/div>\n<\/div><\/div>\n\n\n\n<div class=\"wp-block-group\"><div class=\"wp-block-group__inner-container\"><\/div><\/div>\n\n\n\n<h2>Gattungen<\/h2>\n\n\n\n<p><span class=\"fontstyle0\">Zuggattungen sind Eigenschaften eines Zuges. Sie bestimmen, welche Z\u00fcge in Bahnh\u00f6fen halten, wenden, welche Gleise sie benutzen oder bewirken die Ausl\u00f6sung von Lokfunktionen.<\/span><\/p>\n\n\n\n<p><span class=\"fontstyle0\">Jeder Zug kann mehreren Gattungen oder Linien angeh\u00f6ren. Sie k\u00f6nnen im laufenden Fahrbetrieb ge\u00e4ndert werden, um spontan andere Strecken zu befahren.<\/span><\/p>\n\n\n\n<div class=\"wp-block-columns\">\n<div class=\"wp-block-column\">\n<figure class=\"wp-block-image size-large\"><img src=\"https:\/\/railware.de\/wp-content\/uploads\/rwGattungen.svg\" alt=\"\"\/><\/figure>\n<\/div>\n\n\n\n<div class=\"wp-block-column\">\n<figure class=\"wp-block-image size-large\"><img src=\"https:\/\/railware.de\/wp-content\/uploads\/rwGattungenZL.svg\" alt=\"\"\/><\/figure>\n<\/div>\n<\/div>\n\n\n\n<div class=\"wp-block-group\"><div class=\"wp-block-group__inner-container\">\n<div class=\"wp-block-group\"><div class=\"wp-block-group__inner-container\">\n<div class=\"wp-block-group\"><div class=\"wp-block-group__inner-container\"><\/div><\/div>\n<\/div><\/div>\n<\/div><\/div>\n\n\n\n<div class=\"wp-block-group\"><div class=\"wp-block-group__inner-container\">\n<div class=\"wp-block-group\"><div class=\"wp-block-group__inner-container\">\n<div class=\"wp-block-group\"><div class=\"wp-block-group__inner-container\">\n<div class=\"wp-block-group\"><div class=\"wp-block-group__inner-container\">\n<div class=\"wp-block-group\"><div class=\"wp-block-group__inner-container\">\n<div class=\"wp-block-group\"><div class=\"wp-block-group__inner-container\"><\/div><\/div>\n<\/div><\/div>\n<\/div><\/div>\n<\/div><\/div>\n<\/div><\/div>\n<\/div><\/div>\n\n\n\n<h2>Linien<\/h2>\n<p><span class=\"fontstyle0\">Linien sind auch Gattungen die an den Verzweigungen der Strecken hinterlegt sind. <\/span><span class=\"fontstyle0\">Sie bestimmen, welche Z\u00fcge die Strecken befahren d\u00fcrfen.<\/span><\/p>\n\n\n\n<div class=\"wp-block-image\"><figure class=\"aligncenter size-large\"><img src=\"https:\/\/railware.de\/wp-content\/uploads\/stdstrasse.jpg\" alt=\"\"\/><\/figure><\/div>\n\n\n\n<h2>Gleisl\u00e4ngen<\/h2>\n\n\n\n<p>Eine optionale Angabe von Zugl\u00e4ngen bei den Z\u00fcgen und nutzbaren Gleisl\u00e4ngen an den Strecken bewirkt, dass Z\u00fcge in das k\u00fcrzeste freie Gleis gelenkt werden oder sogar anhalten m\u00fcssen, wenn sie zu lang sind.<\/p>\n\n\n\n<p>Die h\u00f6chste Priorit\u00e4t haben aber Gattungen und Linien. Erst danach werden die Gleisl\u00e4ngen einbezogen.<\/p>\n\n\n\n<h2>Oberleitung<\/h2>\n<p>Eher selten benutzt, aber m\u00f6glich: eine Angabe, ob eine Strecke elektrifiziert ist. Dazu erhalten auch die E-Loks ein passendes Gattung.<\/p>\n<p>Auch diese Funktion wird nur mit Gattungen erledigt.<\/p>\n\n\n\n<div class=\"wp-block-buttons is-content-justification-right\">\n<div class=\"wp-block-button has-custom-font-size is-style-fill has-normal-font-size\"><a class=\"wp-block-button__link\" href=\"https:\/\/railware.de\/neu\/zuege-fahren\/\" style=\"border-radius:5px\">Siehe auch: <strong>Z\u00fcge fahren<\/strong><\/a><\/div>\n<\/div>\n","protected":false},"excerpt":{"rendered":"<p>Z\u00fcge finden selbstt\u00e4tig ihren Weg durch die Modellbahnanlage. Sie schalten automatisch die ben\u00f6tigten Weichen und reservieren sich ihre Fahrabschnitte. Personenz\u00fcge f\u00e4deln sich aus der zweigleisigen Hauptstrecke aus und G\u00fcterz\u00fcge werden in eigens f\u00fcr sie reservierte Gleisabschnitte gelenkt. Fr\u00fcher musste dies in den Abl\u00e4ufen fest vorgegeben sein. Bei Railware erfolgt dies einzig \u00fcber die Angabe von [&hellip;]<\/p>\n","protected":false},"author":3,"featured_media":0,"parent":0,"menu_order":0,"comment_status":"closed","ping_status":"closed","template":"","meta":{"_themeisle_gutenberg_block_has_review":false},"translation":{"provider":"WPGlobus","version":"3.0.0","language":"en","enabled_languages":["de","en"],"languages":{"de":{"title":true,"content":true,"excerpt":false},"en":{"title":false,"content":false,"excerpt":false}}},"yoast_head":"<!-- This site is optimized with the Yoast SEO plugin v19.4 - https:\/\/yoast.com\/wordpress\/plugins\/seo\/ -->\n<title>Z\u00fcge lenken - Railware<\/title>\n<meta name=\"robots\" content=\"index, follow, max-snippet:-1, max-image-preview:large, max-video-preview:-1\" \/>\n<link rel=\"canonical\" href=\"https:\/\/railware.de\/zuege-lenken\/\" \/>\n<meta property=\"og:locale\" content=\"en_GB\" \/>\n<meta property=\"og:type\" content=\"article\" \/>\n<meta property=\"og:title\" content=\"Z\u00fcge lenken - Railware\" \/>\n<meta property=\"og:url\" content=\"https:\/\/railware.de\/zuege-lenken\/\" \/>\n<meta property=\"og:site_name\" content=\"Railware\" \/>\n<meta property=\"article:modified_time\" content=\"2021-11-19T20:39:54+00:00\" \/>\n<meta property=\"og:image\" content=\"https:\/\/railware.de\/wp-content\/uploads\/rwGattungenSymbole.svg\" \/>\n<meta name=\"twitter:card\" content=\"summary_large_image\" \/>\n<meta name=\"twitter:label1\" content=\"Estimated reading time\" \/>\n\t<meta name=\"twitter:data1\" content=\"2 minutes\" \/>\n<script type=\"application\/ld+json\" class=\"yoast-schema-graph\">{\"@context\":\"https:\/\/schema.org\",\"@graph\":[{\"@type\":\"Organization\",\"@id\":\"https:\/\/railware.de\/#organization\",\"name\":\"Railware\",\"url\":\"https:\/\/railware.de\/\",\"sameAs\":[],\"logo\":{\"@type\":\"ImageObject\",\"inLanguage\":\"en-GB\",\"@id\":\"https:\/\/railware.de\/#\/schema\/logo\/image\/\",\"url\":\"https:\/\/railware.de\/wp-content\/uploads\/RailwareMR.jpg\",\"contentUrl\":\"https:\/\/railware.de\/wp-content\/uploads\/RailwareMR.jpg\",\"width\":1116,\"height\":200,\"caption\":\"Railware\"},\"image\":{\"@id\":\"https:\/\/railware.de\/#\/schema\/logo\/image\/\"}},{\"@type\":\"WebSite\",\"@id\":\"https:\/\/railware.de\/#website\",\"url\":\"https:\/\/railware.de\/\",\"name\":\"Railware\",\"description\":\"Sch\u00f6ne neue Welt\",\"publisher\":{\"@id\":\"https:\/\/railware.de\/#organization\"},\"potentialAction\":[{\"@type\":\"SearchAction\",\"target\":{\"@type\":\"EntryPoint\",\"urlTemplate\":\"https:\/\/railware.de\/?s={search_term_string}\"},\"query-input\":\"required name=search_term_string\"}],\"inLanguage\":\"en-GB\"},{\"@type\":\"WebPage\",\"@id\":\"https:\/\/railware.de\/zuege-lenken\/\",\"url\":\"https:\/\/railware.de\/zuege-lenken\/\",\"name\":\"Z\u00fcge lenken - Railware\",\"isPartOf\":{\"@id\":\"https:\/\/railware.de\/#website\"},\"datePublished\":\"2020-09-18T10:25:18+00:00\",\"dateModified\":\"2021-11-19T20:39:54+00:00\",\"breadcrumb\":{\"@id\":\"https:\/\/railware.de\/zuege-lenken\/#breadcrumb\"},\"inLanguage\":\"en-GB\",\"potentialAction\":[{\"@type\":\"ReadAction\",\"target\":[\"https:\/\/railware.de\/zuege-lenken\/\"]}]},{\"@type\":\"BreadcrumbList\",\"@id\":\"https:\/\/railware.de\/zuege-lenken\/#breadcrumb\",\"itemListElement\":[{\"@type\":\"ListItem\",\"position\":1,\"name\":\"Startseite\",\"item\":\"https:\/\/railware.de\/\"},{\"@type\":\"ListItem\",\"position\":2,\"name\":\"Z\u00fcge lenken\"}]}]}<\/script>\n<!-- \/ Yoast SEO plugin. -->","yoast_head_json":{"title":"Z\u00fcge lenken - Railware","robots":{"index":"index","follow":"follow","max-snippet":"max-snippet:-1","max-image-preview":"max-image-preview:large","max-video-preview":"max-video-preview:-1"},"canonical":"https:\/\/railware.de\/zuege-lenken\/","og_locale":"en_GB","og_type":"article","og_title":"Z\u00fcge lenken - Railware","og_url":"https:\/\/railware.de\/zuege-lenken\/","og_site_name":"Railware","article_modified_time":"2021-11-19T20:39:54+00:00","og_image":[{"url":"https:\/\/railware.de\/wp-content\/uploads\/rwGattungenSymbole.svg"}],"twitter_card":"summary_large_image","twitter_misc":{"Estimated reading time":"2 minutes"},"schema":{"@context":"https:\/\/schema.org","@graph":[{"@type":"Organization","@id":"https:\/\/railware.de\/#organization","name":"Railware","url":"https:\/\/railware.de\/","sameAs":[],"logo":{"@type":"ImageObject","inLanguage":"en-GB","@id":"https:\/\/railware.de\/#\/schema\/logo\/image\/","url":"https:\/\/railware.de\/wp-content\/uploads\/RailwareMR.jpg","contentUrl":"https:\/\/railware.de\/wp-content\/uploads\/RailwareMR.jpg","width":1116,"height":200,"caption":"Railware"},"image":{"@id":"https:\/\/railware.de\/#\/schema\/logo\/image\/"}},{"@type":"WebSite","@id":"https:\/\/railware.de\/#website","url":"https:\/\/railware.de\/","name":"Railware","description":"Sch\u00f6ne neue Welt","publisher":{"@id":"https:\/\/railware.de\/#organization"},"potentialAction":[{"@type":"SearchAction","target":{"@type":"EntryPoint","urlTemplate":"https:\/\/railware.de\/?s={search_term_string}"},"query-input":"required name=search_term_string"}],"inLanguage":"en-GB"},{"@type":"WebPage","@id":"https:\/\/railware.de\/zuege-lenken\/","url":"https:\/\/railware.de\/zuege-lenken\/","name":"Z\u00fcge lenken - Railware","isPartOf":{"@id":"https:\/\/railware.de\/#website"},"datePublished":"2020-09-18T10:25:18+00:00","dateModified":"2021-11-19T20:39:54+00:00","breadcrumb":{"@id":"https:\/\/railware.de\/zuege-lenken\/#breadcrumb"},"inLanguage":"en-GB","potentialAction":[{"@type":"ReadAction","target":["https:\/\/railware.de\/zuege-lenken\/"]}]},{"@type":"BreadcrumbList","@id":"https:\/\/railware.de\/zuege-lenken\/#breadcrumb","itemListElement":[{"@type":"ListItem","position":1,"name":"Startseite","item":"https:\/\/railware.de\/"},{"@type":"ListItem","position":2,"name":"Z\u00fcge lenken"}]}]}},"_links":{"self":[{"href":"https:\/\/railware.de\/en\/wp-json\/wp\/v2\/pages\/1333"}],"collection":[{"href":"https:\/\/railware.de\/en\/wp-json\/wp\/v2\/pages"}],"about":[{"href":"https:\/\/railware.de\/en\/wp-json\/wp\/v2\/types\/page"}],"author":[{"embeddable":true,"href":"https:\/\/railware.de\/en\/wp-json\/wp\/v2\/users\/3"}],"replies":[{"embeddable":true,"href":"https:\/\/railware.de\/en\/wp-json\/wp\/v2\/comments?post=1333"}],"version-history":[{"count":27,"href":"https:\/\/railware.de\/en\/wp-json\/wp\/v2\/pages\/1333\/revisions"}],"predecessor-version":[{"id":2397,"href":"https:\/\/railware.de\/en\/wp-json\/wp\/v2\/pages\/1333\/revisions\/2397"}],"wp:attachment":[{"href":"https:\/\/railware.de\/en\/wp-json\/wp\/v2\/media?parent=1333"}],"curies":[{"name":"wp","href":"https:\/\/api.w.org\/{rel}","templated":true}]}}