{"id":120,"date":"2020-05-08T20:38:27","date_gmt":"2020-05-08T18:38:27","guid":{"rendered":"https:\/\/railware.de\/neu\/?page_id=120"},"modified":"2021-10-26T10:57:40","modified_gmt":"2021-10-26T08:57:40","slug":"download-railware","status":"publish","type":"page","link":"https:\/\/railware.de\/en\/downloads\/download-railware\/","title":{"rendered":"Download Railware"},"content":{"rendered":"\n<h2>Railware 7 Professional<\/h2>\n<p>Dies ist die voll funktionsf\u00e4hige Demoversion von Railware 7.<\/p>\n<p>Sie k\u00f6nnen sie installieren und f\u00fcr einen unbeschr\u00e4nkten Zeitraum testen. Jedoch ist ca. 10 Minuten nach dem Programmstart kein echter Betrieb mit der Anlage mehr m\u00f6glich, weil Schalt- und Fahrbefehle ausgelassen werden. Sie k\u00f6nnen uneingeschr\u00e4nkt alles konfigurieren und erproben.<\/p>\n<p>Nach dem Kauf bleiben alle vorhandenen Einstellungen, Gleisbilder, Loks und Z\u00fcge erhalten.<\/p>\n\n\n\n<div class=\"wp-block-buttons is-content-justification-center\">\n<div class=\"wp-block-button\"><a class=\"wp-block-button__link\" href=\"https:\/\/doku.railware.de\/dl759\" style=\"border-radius:5px\"><strong>Download<\/strong><\/a><\/div>\n<\/div>\n\n\n\n<h3>\u00a0<\/h3>\n<h3>Installation, Bedienung und Informationen<\/h3>\n<p>Zum Kennenlernen des Systems eignet sich hervorragend die Seite &#8220;Erstes Gleisbild&#8221;. Es sind alle wichtigen Schritte bis hin zum automatischen Betrieb von Schattenbahnh\u00f6fen und Pendelstrecken beschrieben. Mit der Simulation k\u00f6nnen beliebige Fahrtests gemacht werden.<\/p>\n\n\n\n<div class=\"wp-block-buttons is-content-justification-center\">\n<div class=\"wp-block-button\"><a class=\"wp-block-button__link\" href=\"https:\/\/doku.railware.de\/Dokumentation\" style=\"border-radius:5px\"><strong>Dokumentation<\/strong><\/a><\/div>\n\n\n\n<div class=\"wp-block-button\"><a class=\"wp-block-button__link\" href=\"https:\/\/doku.railware.de\/dl501\" style=\"border-radius:5px\"><strong>Interaktive Pr\u00e4sentation<\/strong><\/a><\/div>\n\n\n\n<div class=\"wp-block-button\"><a class=\"wp-block-button__link\" href=\"https:\/\/doku.railware.de\/dl667\" style=\"border-radius:5px\"><strong>Handbuch PDF<\/strong><\/a><\/div>\n<\/div>\n\n\n\n<p>Die interaktive Pr\u00e4sentation muss auf einem PC installiert werden.<\/p>\n\n\n\n<h3>\u00a0<\/h3>\n<h3>Downloads f\u00fcr Kunden<\/h3>\n<p>Unsere Kunden und Abonnenten verwenden bitte diese Updates.<\/p>\n\n\n\n<div class=\"wp-block-buttons is-content-justification-center\">\n<div class=\"wp-block-button\"><a class=\"wp-block-button__link\" href=\"https:\/\/doku.railware.de\/tiki-index.php?page=Update%207.35%20Professional\" style=\"border-radius:5px\"><strong>Download f\u00fcr Kunden<\/strong><\/a><\/div>\n\n\n\n<div class=\"wp-block-button\"><a class=\"wp-block-button__link\" href=\"https:\/\/doku.railware.de\/tiki-index.php?page=Abo:+Updates\" style=\"border-radius:5px\"><strong>Download f\u00fcr Abonnenten<\/strong><\/a><\/div>\n<\/div>\n\n\n\n<p><\/p>\n","protected":false},"excerpt":{"rendered":"<p>Railware 7 Professional Dies ist die voll funktionsf\u00e4hige Demoversion von Railware 7. Sie k\u00f6nnen sie installieren und f\u00fcr einen unbeschr\u00e4nkten Zeitraum testen. Jedoch ist ca. 10 Minuten nach dem Programmstart kein echter Betrieb mit der Anlage mehr m\u00f6glich, weil Schalt- und Fahrbefehle ausgelassen werden. Sie k\u00f6nnen uneingeschr\u00e4nkt alles konfigurieren und erproben. Nach dem Kauf bleiben [&hellip;]<\/p>\n","protected":false},"author":1,"featured_media":0,"parent":332,"menu_order":0,"comment_status":"closed","ping_status":"closed","template":"","meta":{"_themeisle_gutenberg_block_has_review":false},"translation":{"provider":"WPGlobus","version":"3.0.0","language":"en","enabled_languages":["de","en"],"languages":{"de":{"title":true,"content":true,"excerpt":false},"en":{"title":false,"content":false,"excerpt":false}}},"yoast_head":"<!-- This site is optimized with the Yoast SEO plugin v19.4 - https:\/\/yoast.com\/wordpress\/plugins\/seo\/ -->\n<title>Download Railware - Railware<\/title>\n<meta name=\"robots\" content=\"index, follow, max-snippet:-1, max-image-preview:large, max-video-preview:-1\" \/>\n<link rel=\"canonical\" href=\"https:\/\/railware.de\/downloads\/download-railware\/\" \/>\n<meta property=\"og:locale\" content=\"en_GB\" \/>\n<meta property=\"og:type\" content=\"article\" \/>\n<meta property=\"og:title\" content=\"Download Railware - Railware\" \/>\n<meta property=\"og:url\" content=\"https:\/\/railware.de\/downloads\/download-railware\/\" \/>\n<meta property=\"og:site_name\" content=\"Railware\" \/>\n<meta property=\"article:modified_time\" content=\"2021-10-26T08:57:40+00:00\" \/>\n<meta name=\"twitter:card\" content=\"summary_large_image\" \/>\n<meta name=\"twitter:label1\" content=\"Estimated reading time\" \/>\n\t<meta name=\"twitter:data1\" content=\"1 minute\" \/>\n<script type=\"application\/ld+json\" class=\"yoast-schema-graph\">{\"@context\":\"https:\/\/schema.org\",\"@graph\":[{\"@type\":\"Organization\",\"@id\":\"https:\/\/railware.de\/#organization\",\"name\":\"Railware\",\"url\":\"https:\/\/railware.de\/\",\"sameAs\":[],\"logo\":{\"@type\":\"ImageObject\",\"inLanguage\":\"en-GB\",\"@id\":\"https:\/\/railware.de\/#\/schema\/logo\/image\/\",\"url\":\"https:\/\/railware.de\/wp-content\/uploads\/RailwareMR.jpg\",\"contentUrl\":\"https:\/\/railware.de\/wp-content\/uploads\/RailwareMR.jpg\",\"width\":1116,\"height\":200,\"caption\":\"Railware\"},\"image\":{\"@id\":\"https:\/\/railware.de\/#\/schema\/logo\/image\/\"}},{\"@type\":\"WebSite\",\"@id\":\"https:\/\/railware.de\/#website\",\"url\":\"https:\/\/railware.de\/\",\"name\":\"Railware\",\"description\":\"Sch\u00f6ne neue Welt\",\"publisher\":{\"@id\":\"https:\/\/railware.de\/#organization\"},\"potentialAction\":[{\"@type\":\"SearchAction\",\"target\":{\"@type\":\"EntryPoint\",\"urlTemplate\":\"https:\/\/railware.de\/?s={search_term_string}\"},\"query-input\":\"required name=search_term_string\"}],\"inLanguage\":\"en-GB\"},{\"@type\":\"WebPage\",\"@id\":\"https:\/\/railware.de\/downloads\/download-railware\/\",\"url\":\"https:\/\/railware.de\/downloads\/download-railware\/\",\"name\":\"Download Railware - Railware\",\"isPartOf\":{\"@id\":\"https:\/\/railware.de\/#website\"},\"datePublished\":\"2020-05-08T18:38:27+00:00\",\"dateModified\":\"2021-10-26T08:57:40+00:00\",\"breadcrumb\":{\"@id\":\"https:\/\/railware.de\/downloads\/download-railware\/#breadcrumb\"},\"inLanguage\":\"en-GB\",\"potentialAction\":[{\"@type\":\"ReadAction\",\"target\":[\"https:\/\/railware.de\/downloads\/download-railware\/\"]}]},{\"@type\":\"BreadcrumbList\",\"@id\":\"https:\/\/railware.de\/downloads\/download-railware\/#breadcrumb\",\"itemListElement\":[{\"@type\":\"ListItem\",\"position\":1,\"name\":\"Startseite\",\"item\":\"https:\/\/railware.de\/\"},{\"@type\":\"ListItem\",\"position\":2,\"name\":\"Downloads\",\"item\":\"https:\/\/railware.de\/downloads\/\"},{\"@type\":\"ListItem\",\"position\":3,\"name\":\"Download Railware\"}]}]}<\/script>\n<!-- \/ Yoast SEO plugin. -->","yoast_head_json":{"title":"Download Railware - Railware","robots":{"index":"index","follow":"follow","max-snippet":"max-snippet:-1","max-image-preview":"max-image-preview:large","max-video-preview":"max-video-preview:-1"},"canonical":"https:\/\/railware.de\/downloads\/download-railware\/","og_locale":"en_GB","og_type":"article","og_title":"Download Railware - Railware","og_url":"https:\/\/railware.de\/downloads\/download-railware\/","og_site_name":"Railware","article_modified_time":"2021-10-26T08:57:40+00:00","twitter_card":"summary_large_image","twitter_misc":{"Estimated reading time":"1 minute"},"schema":{"@context":"https:\/\/schema.org","@graph":[{"@type":"Organization","@id":"https:\/\/railware.de\/#organization","name":"Railware","url":"https:\/\/railware.de\/","sameAs":[],"logo":{"@type":"ImageObject","inLanguage":"en-GB","@id":"https:\/\/railware.de\/#\/schema\/logo\/image\/","url":"https:\/\/railware.de\/wp-content\/uploads\/RailwareMR.jpg","contentUrl":"https:\/\/railware.de\/wp-content\/uploads\/RailwareMR.jpg","width":1116,"height":200,"caption":"Railware"},"image":{"@id":"https:\/\/railware.de\/#\/schema\/logo\/image\/"}},{"@type":"WebSite","@id":"https:\/\/railware.de\/#website","url":"https:\/\/railware.de\/","name":"Railware","description":"Sch\u00f6ne neue Welt","publisher":{"@id":"https:\/\/railware.de\/#organization"},"potentialAction":[{"@type":"SearchAction","target":{"@type":"EntryPoint","urlTemplate":"https:\/\/railware.de\/?s={search_term_string}"},"query-input":"required name=search_term_string"}],"inLanguage":"en-GB"},{"@type":"WebPage","@id":"https:\/\/railware.de\/downloads\/download-railware\/","url":"https:\/\/railware.de\/downloads\/download-railware\/","name":"Download Railware - Railware","isPartOf":{"@id":"https:\/\/railware.de\/#website"},"datePublished":"2020-05-08T18:38:27+00:00","dateModified":"2021-10-26T08:57:40+00:00","breadcrumb":{"@id":"https:\/\/railware.de\/downloads\/download-railware\/#breadcrumb"},"inLanguage":"en-GB","potentialAction":[{"@type":"ReadAction","target":["https:\/\/railware.de\/downloads\/download-railware\/"]}]},{"@type":"BreadcrumbList","@id":"https:\/\/railware.de\/downloads\/download-railware\/#breadcrumb","itemListElement":[{"@type":"ListItem","position":1,"name":"Startseite","item":"https:\/\/railware.de\/"},{"@type":"ListItem","position":2,"name":"Downloads","item":"https:\/\/railware.de\/downloads\/"},{"@type":"ListItem","position":3,"name":"Download Railware"}]}]}},"_links":{"self":[{"href":"https:\/\/railware.de\/en\/wp-json\/wp\/v2\/pages\/120"}],"collection":[{"href":"https:\/\/railware.de\/en\/wp-json\/wp\/v2\/pages"}],"about":[{"href":"https:\/\/railware.de\/en\/wp-json\/wp\/v2\/types\/page"}],"author":[{"embeddable":true,"href":"https:\/\/railware.de\/en\/wp-json\/wp\/v2\/users\/1"}],"replies":[{"embeddable":true,"href":"https:\/\/railware.de\/en\/wp-json\/wp\/v2\/comments?post=120"}],"version-history":[{"count":18,"href":"https:\/\/railware.de\/en\/wp-json\/wp\/v2\/pages\/120\/revisions"}],"predecessor-version":[{"id":2264,"href":"https:\/\/railware.de\/en\/wp-json\/wp\/v2\/pages\/120\/revisions\/2264"}],"up":[{"embeddable":true,"href":"https:\/\/railware.de\/en\/wp-json\/wp\/v2\/pages\/332"}],"wp:attachment":[{"href":"https:\/\/railware.de\/en\/wp-json\/wp\/v2\/media?parent=120"}],"curies":[{"name":"wp","href":"https:\/\/api.w.org\/{rel}","templated":true}]}}