{"id":1025,"date":"2020-09-15T13:36:52","date_gmt":"2020-09-15T11:36:52","guid":{"rendered":"https:\/\/railware.de\/neu\/?page_id=1025"},"modified":"2021-10-23T11:42:11","modified_gmt":"2021-10-23T09:42:11","slug":"unsere-partner","status":"publish","type":"page","link":"https:\/\/railware.de\/en\/unsere-partner\/","title":{"rendered":"Unsere Partner"},"content":{"rendered":"\n<p>Unsere autorisierten Systempartner bieten Produkte und Dienstleistungen rund um die digitale Modellbahn an. Sie sind ausgewiesene Digitalspezialisten und verf\u00fcgen \u00fcber umfangreiche Kenntnisse.<\/p>\n\n\n\n<figure class=\"wp-block-table aligncenter\"><table><tbody><tr><td><span class=\"fontstyle2\">Dipl.-Ing. Claus Strauch <\/span><\/td><td><span class=\"fontstyle2\">www.mobaplan.de<br>Derendorfer Str. 91, D-40479 D\u00fcsseldorf, 0 211 &#8211; 87 57 46 74<br><\/span><\/td><\/tr><tr><td><span class=\"fontstyle2\">IT-Factory GmbH<\/span><\/td><td><span class=\"fontstyle2\">Maximilian K\u00f6hle<br>it-factory.io<br>railware@it-factory.io<br>Gr\u00fcnwiesweg 1a, D-86420 Biburg<\/span><\/td><\/tr><tr><td><span class=\"fontstyle2\">Manfred Schaumburg<\/span><\/td><td><span class=\"fontstyle2\">www.modelleisenbahn-service-schaumburg.de<br>Sch\u00fctzenstra\u00dfe 8, D-53562 St.Katharinen, 0 26 45 &#8211; 97 79 468<\/span><\/td><\/tr><tr><td><span class=\"fontstyle2\">Johann Lemp<\/span><\/td><td><span class=\"fontstyle2\">www.jl-modellbahnbau.com<br>Friedhofstrasse 5, A-2103 Langenzersdorf, +43 (0) 680 &#8211; 200 47 87<\/span><\/td><\/tr><tr><td><span class=\"fontstyle2\">Dennis Prior<\/span><\/td><td><span class=\"fontstyle2\">railware@dennisprior.de<br>Im Plaggen 19, D-49565 Bramsche, 0172 &#8211; 567 49 43<\/span><\/td><\/tr><tr><td><span class=\"fontstyle2\">Dieter K\u00f6nig<\/span><\/td><td><span class=\"fontstyle2\">Rumpelstilzchenweg 6a, D-76297 Stutensee, 0 721 &#8211; 67 93 02<\/span><\/td><\/tr><\/tbody><\/table><\/figure>\n\n\n\n<p><\/p>\n","protected":false},"excerpt":{"rendered":"<p>Unsere autorisierten Systempartner bieten Produkte und Dienstleistungen rund um die digitale Modellbahn an. Sie sind ausgewiesene Digitalspezialisten und verf\u00fcgen \u00fcber umfangreiche Kenntnisse. Dipl.-Ing. Claus Strauch www.mobaplan.deDerendorfer Str. 91, D-40479 D\u00fcsseldorf, 0 211 &#8211; 87 57 46 74 IT-Factory GmbH Maximilian K\u00f6hleit-factory.iorailware@it-factory.ioGr\u00fcnwiesweg 1a, D-86420 Biburg Manfred Schaumburg www.modelleisenbahn-service-schaumburg.deSch\u00fctzenstra\u00dfe 8, D-53562 St.Katharinen, 0 26 45 &#8211; 97 [&hellip;]<\/p>\n","protected":false},"author":3,"featured_media":0,"parent":0,"menu_order":0,"comment_status":"closed","ping_status":"closed","template":"","meta":{"_themeisle_gutenberg_block_has_review":false},"translation":{"provider":"WPGlobus","version":"3.0.0","language":"en","enabled_languages":["de","en"],"languages":{"de":{"title":true,"content":true,"excerpt":false},"en":{"title":false,"content":false,"excerpt":false}}},"yoast_head":"<!-- This site is optimized with the Yoast SEO plugin v19.4 - https:\/\/yoast.com\/wordpress\/plugins\/seo\/ -->\n<title>Unsere Partner - Railware<\/title>\n<meta name=\"robots\" content=\"index, follow, max-snippet:-1, max-image-preview:large, max-video-preview:-1\" \/>\n<link rel=\"canonical\" href=\"https:\/\/railware.de\/unsere-partner\/\" \/>\n<meta property=\"og:locale\" content=\"en_GB\" \/>\n<meta property=\"og:type\" content=\"article\" \/>\n<meta property=\"og:title\" content=\"Unsere Partner - Railware\" \/>\n<meta property=\"og:url\" content=\"https:\/\/railware.de\/unsere-partner\/\" \/>\n<meta property=\"og:site_name\" content=\"Railware\" \/>\n<meta property=\"article:modified_time\" content=\"2021-10-23T09:42:11+00:00\" \/>\n<meta name=\"twitter:card\" content=\"summary_large_image\" \/>\n<meta name=\"twitter:label1\" content=\"Estimated reading time\" \/>\n\t<meta name=\"twitter:data1\" content=\"1 minute\" \/>\n<script type=\"application\/ld+json\" class=\"yoast-schema-graph\">{\"@context\":\"https:\/\/schema.org\",\"@graph\":[{\"@type\":\"Organization\",\"@id\":\"https:\/\/railware.de\/#organization\",\"name\":\"Railware\",\"url\":\"https:\/\/railware.de\/\",\"sameAs\":[],\"logo\":{\"@type\":\"ImageObject\",\"inLanguage\":\"en-GB\",\"@id\":\"https:\/\/railware.de\/#\/schema\/logo\/image\/\",\"url\":\"https:\/\/railware.de\/wp-content\/uploads\/RailwareMR.jpg\",\"contentUrl\":\"https:\/\/railware.de\/wp-content\/uploads\/RailwareMR.jpg\",\"width\":1116,\"height\":200,\"caption\":\"Railware\"},\"image\":{\"@id\":\"https:\/\/railware.de\/#\/schema\/logo\/image\/\"}},{\"@type\":\"WebSite\",\"@id\":\"https:\/\/railware.de\/#website\",\"url\":\"https:\/\/railware.de\/\",\"name\":\"Railware\",\"description\":\"Sch\u00f6ne neue Welt\",\"publisher\":{\"@id\":\"https:\/\/railware.de\/#organization\"},\"potentialAction\":[{\"@type\":\"SearchAction\",\"target\":{\"@type\":\"EntryPoint\",\"urlTemplate\":\"https:\/\/railware.de\/?s={search_term_string}\"},\"query-input\":\"required name=search_term_string\"}],\"inLanguage\":\"en-GB\"},{\"@type\":\"WebPage\",\"@id\":\"https:\/\/railware.de\/unsere-partner\/\",\"url\":\"https:\/\/railware.de\/unsere-partner\/\",\"name\":\"Unsere Partner - Railware\",\"isPartOf\":{\"@id\":\"https:\/\/railware.de\/#website\"},\"datePublished\":\"2020-09-15T11:36:52+00:00\",\"dateModified\":\"2021-10-23T09:42:11+00:00\",\"breadcrumb\":{\"@id\":\"https:\/\/railware.de\/unsere-partner\/#breadcrumb\"},\"inLanguage\":\"en-GB\",\"potentialAction\":[{\"@type\":\"ReadAction\",\"target\":[\"https:\/\/railware.de\/unsere-partner\/\"]}]},{\"@type\":\"BreadcrumbList\",\"@id\":\"https:\/\/railware.de\/unsere-partner\/#breadcrumb\",\"itemListElement\":[{\"@type\":\"ListItem\",\"position\":1,\"name\":\"Startseite\",\"item\":\"https:\/\/railware.de\/\"},{\"@type\":\"ListItem\",\"position\":2,\"name\":\"Unsere Partner\"}]}]}<\/script>\n<!-- \/ Yoast SEO plugin. -->","yoast_head_json":{"title":"Unsere Partner - Railware","robots":{"index":"index","follow":"follow","max-snippet":"max-snippet:-1","max-image-preview":"max-image-preview:large","max-video-preview":"max-video-preview:-1"},"canonical":"https:\/\/railware.de\/unsere-partner\/","og_locale":"en_GB","og_type":"article","og_title":"Unsere Partner - Railware","og_url":"https:\/\/railware.de\/unsere-partner\/","og_site_name":"Railware","article_modified_time":"2021-10-23T09:42:11+00:00","twitter_card":"summary_large_image","twitter_misc":{"Estimated reading time":"1 minute"},"schema":{"@context":"https:\/\/schema.org","@graph":[{"@type":"Organization","@id":"https:\/\/railware.de\/#organization","name":"Railware","url":"https:\/\/railware.de\/","sameAs":[],"logo":{"@type":"ImageObject","inLanguage":"en-GB","@id":"https:\/\/railware.de\/#\/schema\/logo\/image\/","url":"https:\/\/railware.de\/wp-content\/uploads\/RailwareMR.jpg","contentUrl":"https:\/\/railware.de\/wp-content\/uploads\/RailwareMR.jpg","width":1116,"height":200,"caption":"Railware"},"image":{"@id":"https:\/\/railware.de\/#\/schema\/logo\/image\/"}},{"@type":"WebSite","@id":"https:\/\/railware.de\/#website","url":"https:\/\/railware.de\/","name":"Railware","description":"Sch\u00f6ne neue Welt","publisher":{"@id":"https:\/\/railware.de\/#organization"},"potentialAction":[{"@type":"SearchAction","target":{"@type":"EntryPoint","urlTemplate":"https:\/\/railware.de\/?s={search_term_string}"},"query-input":"required name=search_term_string"}],"inLanguage":"en-GB"},{"@type":"WebPage","@id":"https:\/\/railware.de\/unsere-partner\/","url":"https:\/\/railware.de\/unsere-partner\/","name":"Unsere Partner - Railware","isPartOf":{"@id":"https:\/\/railware.de\/#website"},"datePublished":"2020-09-15T11:36:52+00:00","dateModified":"2021-10-23T09:42:11+00:00","breadcrumb":{"@id":"https:\/\/railware.de\/unsere-partner\/#breadcrumb"},"inLanguage":"en-GB","potentialAction":[{"@type":"ReadAction","target":["https:\/\/railware.de\/unsere-partner\/"]}]},{"@type":"BreadcrumbList","@id":"https:\/\/railware.de\/unsere-partner\/#breadcrumb","itemListElement":[{"@type":"ListItem","position":1,"name":"Startseite","item":"https:\/\/railware.de\/"},{"@type":"ListItem","position":2,"name":"Unsere Partner"}]}]}},"_links":{"self":[{"href":"https:\/\/railware.de\/en\/wp-json\/wp\/v2\/pages\/1025"}],"collection":[{"href":"https:\/\/railware.de\/en\/wp-json\/wp\/v2\/pages"}],"about":[{"href":"https:\/\/railware.de\/en\/wp-json\/wp\/v2\/types\/page"}],"author":[{"embeddable":true,"href":"https:\/\/railware.de\/en\/wp-json\/wp\/v2\/users\/3"}],"replies":[{"embeddable":true,"href":"https:\/\/railware.de\/en\/wp-json\/wp\/v2\/comments?post=1025"}],"version-history":[{"count":24,"href":"https:\/\/railware.de\/en\/wp-json\/wp\/v2\/pages\/1025\/revisions"}],"predecessor-version":[{"id":2126,"href":"https:\/\/railware.de\/en\/wp-json\/wp\/v2\/pages\/1025\/revisions\/2126"}],"wp:attachment":[{"href":"https:\/\/railware.de\/en\/wp-json\/wp\/v2\/media?parent=1025"}],"curies":[{"name":"wp","href":"https:\/\/api.w.org\/{rel}","templated":true}]}}