{"id":1010,"date":"2020-09-15T13:06:37","date_gmt":"2020-09-15T11:06:37","guid":{"rendered":"https:\/\/railware.de\/neu\/?page_id=1010"},"modified":"2021-10-24T20:55:21","modified_gmt":"2021-10-24T18:55:21","slug":"railware-versionen","status":"publish","type":"page","link":"https:\/\/railware.de\/en\/railware-versionen\/","title":{"rendered":"Railware Versionen"},"content":{"rendered":"\n<h2>Railware Professional<\/h2>\n\n\n\n<p><span class=\"fontstyle0\">Unerreicht komfortable und einfach zu konfigurierende Modellbahnsteuerung f\u00fcr anspruchsvolle Modelleisenbahner mit kleinen, mittleren und gro\u00dfen Modellbahnen.<\/span><\/p>\n\n\n\n<p><span class=\"fontstyle0\"> Rundum sorglos Version, die alles enth\u00e4lt.<br><\/span><\/p>\n\n\n\n<ul><li><span class=\"fontstyle0\">Fahren, Schalten und Melden<\/span><\/li><li><span class=\"fontstyle0\">Fahren mit km\/h &#8211; Bremsen mit cm<\/span><\/li><li><span class=\"fontstyle0\">Zugsteuerung und -lenkung<\/span><\/li><li><span class=\"fontstyle0\">Intelligente Schattenbahnh\u00f6fe<\/span><\/li><li><span class=\"fontstyle0\">Netzwerkbetrieb<\/span><\/li><li><span class=\"fontstyle0\">Mehrbenutzerbetrieb<\/span><\/li><\/ul>\n\n\n\n<p>Wird auch f\u00fcr die gr\u00f6\u00dften Modellbahnen der Welt benutzt.<\/p>\n\n\n\n<div class=\"wp-block-buttons is-content-justification-right\">\n<div class=\"wp-block-button has-custom-font-size has-normal-font-size\"><a class=\"wp-block-button__link\" href=\"https:\/\/shop.railware.de\/\" style=\"border-radius:5px\"><strong>Bestellen<\/strong><\/a><\/div>\n<\/div>\n\n\n<p><!-- \/wp:themeisle-blocks\/advanced-column --><\/p>\n<p><!-- \/wp:themeisle-blocks\/advanced-columns --><\/p>\n<p><!-- wp:tadv\/classic-paragraph --><\/p>\n<h2>Railware Switch<\/h2>\n<p>Kostet nix, kann aber was: Unsere Switch Version.<\/p>\n<p>Railware Switch basiert auf der Professional Version, besitzt aber nur Funktionen eines elektronischen Stelltisches.<\/p>\n<p>Es ist ein komfortabler Ersatz f\u00fcr die seit einiger Zeit angebotenen teuren Digitalzentralen mit eingebautem Gleisbild-Display.<\/p>\n<p>Mit der Switch Version erstellen sie Gleisbilder Ihrer Anlage, schalten Weichen und Signale per Mausklick sowie Fahrstra\u00dfen die sie per Start- Zielauswahl f\u00fcr Ihre Z\u00fcge stellen. Die fahren sie dann mit einem Handregler Ihrer Digitalzentrale oder im PC.<\/p>\n<p><!-- \/wp:tadv\/classic-paragraph --><\/p>\n<p><!-- wp:buttons {\"contentJustification\":\"right\"} --><\/p>\n<p><!-- \/wp:buttons --><\/p>\n<p><!-- wp:buttons {\"contentJustification\":\"right\"} --><\/p>\n<div class=\"wp-block-buttons is-content-justification-right\"><!-- wp:button {\"style\":{\"border\":{\"radius\":5}},\"fontSize\":\"normal\"} -->\n<p><\/p>\n<div class=\"wp-block-button has-custom-font-size has-normal-font-size\"><a class=\"wp-block-button__link\" href=\"https:\/\/railware.de\/neu\/railware-versionen\/technisxhe-voraussetzungen\/\" style=\"border-radius: 5px;\">Siehe: <strong>Technische Voraussetzungen<\/strong><\/a><\/div>\n<p><!-- \/wp:button --><\/p>\n<\/div>\n<p><!-- \/wp:buttons --><\/p>","protected":false},"excerpt":{"rendered":"<p>Railware Professional Unerreicht komfortable und einfach zu konfigurierende Modellbahnsteuerung f\u00fcr anspruchsvolle Modelleisenbahner mit kleinen, mittleren und gro\u00dfen Modellbahnen. Rundum sorglos Version, die alles enth\u00e4lt. Fahren, Schalten und MeldenFahren mit km\/h &#8211; Bremsen mit cmZugsteuerung und -lenkungIntelligente Schattenbahnh\u00f6feNetzwerkbetriebMehrbenutzerbetrieb Wird auch f\u00fcr die gr\u00f6\u00dften Modellbahnen der Welt benutzt. Railware Switch Kostet nix, kann aber was: Unsere Switch [&hellip;]<\/p>\n","protected":false},"author":3,"featured_media":0,"parent":0,"menu_order":0,"comment_status":"closed","ping_status":"closed","template":"","meta":{"_themeisle_gutenberg_block_has_review":false},"translation":{"provider":"WPGlobus","version":"3.0.0","language":"en","enabled_languages":["de","en"],"languages":{"de":{"title":true,"content":true,"excerpt":false},"en":{"title":false,"content":false,"excerpt":false}}},"yoast_head":"<!-- This site is optimized with the Yoast SEO plugin v19.4 - https:\/\/yoast.com\/wordpress\/plugins\/seo\/ -->\n<title>Railware Versionen - Railware<\/title>\n<meta name=\"robots\" content=\"index, follow, max-snippet:-1, max-image-preview:large, max-video-preview:-1\" \/>\n<link rel=\"canonical\" href=\"https:\/\/railware.de\/railware-versionen\/\" \/>\n<meta property=\"og:locale\" content=\"en_GB\" \/>\n<meta property=\"og:type\" content=\"article\" \/>\n<meta property=\"og:title\" content=\"Railware Versionen - Railware\" \/>\n<meta property=\"og:url\" content=\"https:\/\/railware.de\/railware-versionen\/\" \/>\n<meta property=\"og:site_name\" content=\"Railware\" \/>\n<meta property=\"article:modified_time\" content=\"2021-10-24T18:55:21+00:00\" \/>\n<meta name=\"twitter:card\" content=\"summary_large_image\" \/>\n<meta name=\"twitter:label1\" content=\"Estimated reading time\" \/>\n\t<meta name=\"twitter:data1\" content=\"1 minute\" \/>\n<script type=\"application\/ld+json\" class=\"yoast-schema-graph\">{\"@context\":\"https:\/\/schema.org\",\"@graph\":[{\"@type\":\"Organization\",\"@id\":\"https:\/\/railware.de\/#organization\",\"name\":\"Railware\",\"url\":\"https:\/\/railware.de\/\",\"sameAs\":[],\"logo\":{\"@type\":\"ImageObject\",\"inLanguage\":\"en-GB\",\"@id\":\"https:\/\/railware.de\/#\/schema\/logo\/image\/\",\"url\":\"https:\/\/railware.de\/wp-content\/uploads\/RailwareMR.jpg\",\"contentUrl\":\"https:\/\/railware.de\/wp-content\/uploads\/RailwareMR.jpg\",\"width\":1116,\"height\":200,\"caption\":\"Railware\"},\"image\":{\"@id\":\"https:\/\/railware.de\/#\/schema\/logo\/image\/\"}},{\"@type\":\"WebSite\",\"@id\":\"https:\/\/railware.de\/#website\",\"url\":\"https:\/\/railware.de\/\",\"name\":\"Railware\",\"description\":\"Sch\u00f6ne neue Welt\",\"publisher\":{\"@id\":\"https:\/\/railware.de\/#organization\"},\"potentialAction\":[{\"@type\":\"SearchAction\",\"target\":{\"@type\":\"EntryPoint\",\"urlTemplate\":\"https:\/\/railware.de\/?s={search_term_string}\"},\"query-input\":\"required name=search_term_string\"}],\"inLanguage\":\"en-GB\"},{\"@type\":\"WebPage\",\"@id\":\"https:\/\/railware.de\/railware-versionen\/\",\"url\":\"https:\/\/railware.de\/railware-versionen\/\",\"name\":\"Railware Versionen - Railware\",\"isPartOf\":{\"@id\":\"https:\/\/railware.de\/#website\"},\"datePublished\":\"2020-09-15T11:06:37+00:00\",\"dateModified\":\"2021-10-24T18:55:21+00:00\",\"breadcrumb\":{\"@id\":\"https:\/\/railware.de\/railware-versionen\/#breadcrumb\"},\"inLanguage\":\"en-GB\",\"potentialAction\":[{\"@type\":\"ReadAction\",\"target\":[\"https:\/\/railware.de\/railware-versionen\/\"]}]},{\"@type\":\"BreadcrumbList\",\"@id\":\"https:\/\/railware.de\/railware-versionen\/#breadcrumb\",\"itemListElement\":[{\"@type\":\"ListItem\",\"position\":1,\"name\":\"Startseite\",\"item\":\"https:\/\/railware.de\/\"},{\"@type\":\"ListItem\",\"position\":2,\"name\":\"Railware Versionen\"}]}]}<\/script>\n<!-- \/ Yoast SEO plugin. -->","yoast_head_json":{"title":"Railware Versionen - Railware","robots":{"index":"index","follow":"follow","max-snippet":"max-snippet:-1","max-image-preview":"max-image-preview:large","max-video-preview":"max-video-preview:-1"},"canonical":"https:\/\/railware.de\/railware-versionen\/","og_locale":"en_GB","og_type":"article","og_title":"Railware Versionen - Railware","og_url":"https:\/\/railware.de\/railware-versionen\/","og_site_name":"Railware","article_modified_time":"2021-10-24T18:55:21+00:00","twitter_card":"summary_large_image","twitter_misc":{"Estimated reading time":"1 minute"},"schema":{"@context":"https:\/\/schema.org","@graph":[{"@type":"Organization","@id":"https:\/\/railware.de\/#organization","name":"Railware","url":"https:\/\/railware.de\/","sameAs":[],"logo":{"@type":"ImageObject","inLanguage":"en-GB","@id":"https:\/\/railware.de\/#\/schema\/logo\/image\/","url":"https:\/\/railware.de\/wp-content\/uploads\/RailwareMR.jpg","contentUrl":"https:\/\/railware.de\/wp-content\/uploads\/RailwareMR.jpg","width":1116,"height":200,"caption":"Railware"},"image":{"@id":"https:\/\/railware.de\/#\/schema\/logo\/image\/"}},{"@type":"WebSite","@id":"https:\/\/railware.de\/#website","url":"https:\/\/railware.de\/","name":"Railware","description":"Sch\u00f6ne neue Welt","publisher":{"@id":"https:\/\/railware.de\/#organization"},"potentialAction":[{"@type":"SearchAction","target":{"@type":"EntryPoint","urlTemplate":"https:\/\/railware.de\/?s={search_term_string}"},"query-input":"required name=search_term_string"}],"inLanguage":"en-GB"},{"@type":"WebPage","@id":"https:\/\/railware.de\/railware-versionen\/","url":"https:\/\/railware.de\/railware-versionen\/","name":"Railware Versionen - Railware","isPartOf":{"@id":"https:\/\/railware.de\/#website"},"datePublished":"2020-09-15T11:06:37+00:00","dateModified":"2021-10-24T18:55:21+00:00","breadcrumb":{"@id":"https:\/\/railware.de\/railware-versionen\/#breadcrumb"},"inLanguage":"en-GB","potentialAction":[{"@type":"ReadAction","target":["https:\/\/railware.de\/railware-versionen\/"]}]},{"@type":"BreadcrumbList","@id":"https:\/\/railware.de\/railware-versionen\/#breadcrumb","itemListElement":[{"@type":"ListItem","position":1,"name":"Startseite","item":"https:\/\/railware.de\/"},{"@type":"ListItem","position":2,"name":"Railware Versionen"}]}]}},"_links":{"self":[{"href":"https:\/\/railware.de\/en\/wp-json\/wp\/v2\/pages\/1010"}],"collection":[{"href":"https:\/\/railware.de\/en\/wp-json\/wp\/v2\/pages"}],"about":[{"href":"https:\/\/railware.de\/en\/wp-json\/wp\/v2\/types\/page"}],"author":[{"embeddable":true,"href":"https:\/\/railware.de\/en\/wp-json\/wp\/v2\/users\/3"}],"replies":[{"embeddable":true,"href":"https:\/\/railware.de\/en\/wp-json\/wp\/v2\/comments?post=1010"}],"version-history":[{"count":17,"href":"https:\/\/railware.de\/en\/wp-json\/wp\/v2\/pages\/1010\/revisions"}],"predecessor-version":[{"id":2174,"href":"https:\/\/railware.de\/en\/wp-json\/wp\/v2\/pages\/1010\/revisions\/2174"}],"wp:attachment":[{"href":"https:\/\/railware.de\/en\/wp-json\/wp\/v2\/media?parent=1010"}],"curies":[{"name":"wp","href":"https:\/\/api.w.org\/{rel}","templated":true}]}}